{"id":8298,"date":"2022-01-07T14:48:25","date_gmt":"2022-01-07T19:48:25","guid":{"rendered":"http:\/\/www.carrefourfp.ca\/fr\/?page_id=8298"},"modified":"2024-11-25T10:41:34","modified_gmt":"2024-11-25T15:41:34","slug":"programmes-et-evaluation","status":"publish","type":"page","link":"https:\/\/www.carrefourfp.ca\/fr\/programmes-et-evaluation\/","title":{"rendered":"Programmes et \u00e9valuation"},"content":{"rendered":"<section class=\"wpb-content-wrapper\"><p>[vc_row full_height=\u00a0\u00bbyes\u00a0\u00bb equal_height=\u00a0\u00bbyes\u00a0\u00bb css=\u00a0\u00bb.vc_custom_1557407810517{background-image: url(http:\/\/www.carrefourfp.ca\/fr\/wp-content\/uploads\/2019\/01\/bg.jpg?id=5527) !important;background-position: center !important;background-repeat: no-repeat !important;background-size: cover !important;}\u00a0\u00bb][vc_column css=\u00a0\u00bb.vc_custom_1582316468408{margin-right: 30px !important;margin-left: 30px !important;background-position: center !important;background-repeat: no-repeat !important;background-size: cover !important;}\u00a0\u00bb][vc_row_inner equal_height=\u00a0\u00bbyes\u00a0\u00bb content_placement=\u00a0\u00bbtop\u00a0\u00bb][vc_column_inner width=\u00a0\u00bb2\/5&Prime; css=\u00a0\u00bb.vc_custom_1641583928982{background-color: #ffffff !important;}\u00a0\u00bb][vc_column_text css=\u00a0\u00bb.vc_custom_1641583984134{margin-right: 25px !important;margin-left: 25px !important;}\u00a0\u00bb]<\/p>\n<h2><span style=\"color: #c0c0c0; letter-spacing: 6px !important;\">PROGRAMMES<br \/>\nD\u2019\u00c9TUDES EN<\/span><br \/>\n<span style=\"color: #4d79b7; letter-spacing: 3px; font-size: 85% !important;\">FORMATION<br \/>\nPROFESSIONNELLE<\/span><\/h2>\n<p>[\/vc_column_text][vc_empty_space][vc_empty_space height=\u00a0\u00bb16px\u00a0\u00bb]<div class=\"qodef-iwt clearfix gblanc qodef-iwt-icon-left qodef-iwt-icon-medium\">\n\t<div class=\"qodef-iwt-icon\">\n\t\t\t\t\t<a itemprop=\"url\" href=\"https:\/\/www.inforoutefpt.org\/\" target=\"_blank\">\n\t\t\t\t\t\t\t\t\t<img width=\"50\" height=\"50\" src=\"https:\/\/www.carrefourfp.ca\/fr\/wp-content\/uploads\/2019\/05\/programme-puce.png\" class=\"attachment-full size-full\" alt=\"\" decoding=\"async\" loading=\"lazy\" \/>\t\t\t\t\t\t\t\t<\/a>\n\t\t\t<\/div>\n\t<div class=\"qodef-iwt-content\" >\n\t\t\t\t\t<h4 class=\"qodef-iwt-title\" >\n\t\t\t\t\t\t\t\t\t<a itemprop=\"url\" href=\"https:\/\/www.inforoutefpt.org\/\" target=\"_blank\">\n\t\t\t\t\t\t\t\t<span class=\"qodef-iwt-title-text\">Chercher un programme d\u2019\u00e9tudes<\/span>\n\t\t\t\t\t\t\t\t\t<\/a>\n\t\t\t\t\t\t\t<\/h4>\n\t\t\t\t\t<\/div>\n<\/div>[vc_empty_space height=\u00a0\u00bb16px\u00a0\u00bb]<div class=\"qodef-iwt clearfix gblanc qodef-iwt-icon-left qodef-iwt-icon-medium\">\n\t<div class=\"qodef-iwt-icon\">\n\t\t\t\t\t<a itemprop=\"url\" href=\"http:\/\/www.carrefourfp.ca\/fr\/wp-content\/uploads\/2024\/11\/Planif_revision_200_prog_14-juin-2024.pdf\" target=\"_blank\">\n\t\t\t\t\t\t\t\t\t<img width=\"50\" height=\"50\" src=\"https:\/\/www.carrefourfp.ca\/fr\/wp-content\/uploads\/2019\/05\/puce2.png\" class=\"attachment-full size-full\" alt=\"\" decoding=\"async\" loading=\"lazy\" \/>\t\t\t\t\t\t\t\t<\/a>\n\t\t\t<\/div>\n\t<div class=\"qodef-iwt-content\" >\n\t\t\t\t\t<h4 class=\"qodef-iwt-title\" >\n\t\t\t\t\t\t\t\t\t<a itemprop=\"url\" href=\"http:\/\/www.carrefourfp.ca\/fr\/wp-content\/uploads\/2024\/11\/Planif_revision_200_prog_14-juin-2024.pdf\" target=\"_blank\">\n\t\t\t\t\t\t\t\t<span class=\"qodef-iwt-title-text\">Planification de r\u00e9vision des 144 programmes d\u2019\u00e9tudes de la FP (DEP et ASP)<\/span>\n\t\t\t\t\t\t\t\t\t<\/a>\n\t\t\t\t\t\t\t<\/h4>\n\t\t\t\t\t<\/div>\n<\/div>[vc_empty_space height=\u00a0\u00bb16px\u00a0\u00bb]<div class=\"qodef-iwt clearfix ggris qodef-iwt-icon-left qodef-iwt-icon-tiny\">\n\t<div class=\"qodef-iwt-icon\">\n\t\t\t\t\t<a itemprop=\"url\" href=\"http:\/\/www.carrefourfp.ca\/fr\/wp-content\/uploads\/2024\/11\/Planif_revision_200_prog_14-juin-2024.pdf\" target=\"_blank\">\n\t\t\t\t\t\t\t\t\t<img width=\"50\" height=\"50\" src=\"https:\/\/www.carrefourfp.ca\/fr\/wp-content\/uploads\/2019\/05\/puce7.png\" class=\"attachment-full size-full\" alt=\"\" decoding=\"async\" loading=\"lazy\" \/>\t\t\t\t\t\t\t\t<\/a>\n\t\t\t<\/div>\n\t<div class=\"qodef-iwt-content\" >\n\t\t\t\t\t<h4 class=\"qodef-iwt-title\" >\n\t\t\t\t\t\t\t\t\t<a itemprop=\"url\" href=\"http:\/\/www.carrefourfp.ca\/fr\/wp-content\/uploads\/2024\/11\/Planif_revision_200_prog_14-juin-2024.pdf\" target=\"_blank\">\n\t\t\t\t\t\t\t\t<span class=\"qodef-iwt-title-text\">Travaux de r\u00e9vision des programmes d\u2019\u00e9tudes<\/span>\n\t\t\t\t\t\t\t\t\t<\/a>\n\t\t\t\t\t\t\t<\/h4>\n\t\t\t\t\t\t\t<p class=\"qodef-iwt-text\" >Section s\u00e9curis\u00e9e<\/p>\n\t\t\t<\/div>\n<\/div>[vc_empty_space height=\u00a0\u00bb16px\u00a0\u00bb]<div class=\"qodef-iwt clearfix gblanc qodef-iwt-icon-left qodef-iwt-icon-medium\">\n\t<div class=\"qodef-iwt-icon\">\n\t\t\t\t\t<a itemprop=\"url\" href=\"https:\/\/www.inforoutefpt.org\/publications\/securite.aspx\" target=\"_blank\">\n\t\t\t\t\t\t\t\t\t<img width=\"50\" height=\"50\" src=\"https:\/\/www.carrefourfp.ca\/fr\/wp-content\/uploads\/2019\/05\/puce3.png\" class=\"attachment-full size-full\" alt=\"\" decoding=\"async\" loading=\"lazy\" \/>\t\t\t\t\t\t\t\t<\/a>\n\t\t\t<\/div>\n\t<div class=\"qodef-iwt-content\" >\n\t\t\t\t\t<h4 class=\"qodef-iwt-title\" >\n\t\t\t\t\t\t\t\t\t<a itemprop=\"url\" href=\"https:\/\/www.inforoutefpt.org\/publications\/securite.aspx\" target=\"_blank\">\n\t\t\t\t\t\t\t\t<span class=\"qodef-iwt-title-text\">Publications<\/span>\n\t\t\t\t\t\t\t\t\t<\/a>\n\t\t\t\t\t\t\t<\/h4>\n\t\t\t\t\t<\/div>\n<\/div>[vc_empty_space height=\u00a0\u00bb16px\u00a0\u00bb]<div class=\"qodef-iwt clearfix gblanc qodef-iwt-icon-left qodef-iwt-icon-medium\">\n\t<div class=\"qodef-iwt-icon\">\n\t\t\t\t\t<a itemprop=\"url\" href=\"https:\/\/www.inforoutefpt.org\/ministere\/infoDocs.aspx\" target=\"_blank\">\n\t\t\t\t\t\t\t\t\t<img width=\"50\" height=\"50\" src=\"https:\/\/www.carrefourfp.ca\/fr\/wp-content\/uploads\/2019\/05\/puce4.png\" class=\"attachment-full size-full\" alt=\"\" decoding=\"async\" loading=\"lazy\" \/>\t\t\t\t\t\t\t\t<\/a>\n\t\t\t<\/div>\n\t<div class=\"qodef-iwt-content\" >\n\t\t\t\t\t<h4 class=\"qodef-iwt-title\" >\n\t\t\t\t\t\t\t\t\t<a itemprop=\"url\" href=\"https:\/\/www.inforoutefpt.org\/ministere\/infoDocs.aspx\" target=\"_blank\">\n\t\t\t\t\t\t\t\t<span class=\"qodef-iwt-title-text\">Documents administratifs aff\u00e9rents<\/span>\n\t\t\t\t\t\t\t\t\t<\/a>\n\t\t\t\t\t\t\t<\/h4>\n\t\t\t\t\t<\/div>\n<\/div>[vc_empty_space height=\u00a0\u00bb16px\u00a0\u00bb]<div class=\"qodef-iwt clearfix gblanc qodef-iwt-icon-left qodef-iwt-icon-medium\">\n\t<div class=\"qodef-iwt-icon\">\n\t\t\t\t\t<a itemprop=\"url\" href=\"http:\/\/www.education.gouv.qc.ca\/references\/tx-solrtyperecherchepublicationtx-solrpublicationnouveaute\/resultats-de-la-recherche\/detail\/article\/services-et-programmes-detudes-de-la-formation-professionnelle\/\" target=\"_blank\">\n\t\t\t\t\t\t\t\t\t<img width=\"50\" height=\"50\" src=\"https:\/\/www.carrefourfp.ca\/fr\/wp-content\/uploads\/2019\/05\/puce5.png\" class=\"attachment-full size-full\" alt=\"\" decoding=\"async\" loading=\"lazy\" \/>\t\t\t\t\t\t\t\t<\/a>\n\t\t\t<\/div>\n\t<div class=\"qodef-iwt-content\" >\n\t\t\t\t\t<h4 class=\"qodef-iwt-title\" >\n\t\t\t\t\t\t\t\t\t<a itemprop=\"url\" href=\"http:\/\/www.education.gouv.qc.ca\/references\/tx-solrtyperecherchepublicationtx-solrpublicationnouveaute\/resultats-de-la-recherche\/detail\/article\/services-et-programmes-detudes-de-la-formation-professionnelle\/\" target=\"_blank\">\n\t\t\t\t\t\t\t\t<span class=\"qodef-iwt-title-text\">Portrait d\u2019ensemble<\/span>\n\t\t\t\t\t\t\t\t\t<\/a>\n\t\t\t\t\t\t\t<\/h4>\n\t\t\t\t\t\t\t<p class=\"qodef-iwt-text\" >Services et programmes d\u2019\u00e9tudes en formation professionnelle<\/p>\n\t\t\t<\/div>\n<\/div>[vc_empty_space height=\u00a0\u00bb16px\u00a0\u00bb]<div class=\"qodef-iwt clearfix gblanc qodef-iwt-icon-left qodef-iwt-icon-medium\">\n\t<div class=\"qodef-iwt-icon\">\n\t\t\t\t\t<a itemprop=\"url\" href=\"http:\/\/www.education.gouv.qc.ca\/references\/tx-solrtyperecherchepublicationtx-solrpublicationnouveaute\/resultats-de-la-recherche\/detail\/article\/stages-etudiants\/\" target=\"_blank\">\n\t\t\t\t\t\t\t\t\t<img width=\"50\" height=\"50\" src=\"https:\/\/www.carrefourfp.ca\/fr\/wp-content\/uploads\/2019\/05\/puce4.png\" class=\"attachment-full size-full\" alt=\"\" decoding=\"async\" loading=\"lazy\" \/>\t\t\t\t\t\t\t\t<\/a>\n\t\t\t<\/div>\n\t<div class=\"qodef-iwt-content\" >\n\t\t\t\t\t<h4 class=\"qodef-iwt-title\" >\n\t\t\t\t\t\t\t\t\t<a itemprop=\"url\" href=\"http:\/\/www.education.gouv.qc.ca\/references\/tx-solrtyperecherchepublicationtx-solrpublicationnouveaute\/resultats-de-la-recherche\/detail\/article\/stages-etudiants\/\" target=\"_blank\">\n\t\t\t\t\t\t\t\t<span class=\"qodef-iwt-title-text\">Guide d\u2019accompagnement<\/span>\n\t\t\t\t\t\t\t\t\t<\/a>\n\t\t\t\t\t\t\t<\/h4>\n\t\t\t\t\t\t\t<p class=\"qodef-iwt-text\" >Destin\u00e9 aux \u00e9tablissements d\u2019enseignement en vue de la r\u00e9daction de conventions de stage<\/p>\n\t\t\t<\/div>\n<\/div>[vc_empty_space height=\u00a0\u00bb44px\u00a0\u00bb]<div class=\"qodef-iwt clearfix ggris qodef-iwt-icon-left qodef-iwt-icon-medium\">\n\t<div class=\"qodef-iwt-icon\">\n\t\t\t\t\t<a itemprop=\"url\" href=\"https:\/\/www.inforoutefpt.org\/ministere\/aep.aspx\" target=\"_blank\">\n\t\t\t\t\t\t\t\t\t<img width=\"50\" height=\"50\" src=\"https:\/\/www.carrefourfp.ca\/fr\/wp-content\/uploads\/2019\/05\/puce6.png\" class=\"attachment-full size-full\" alt=\"\" decoding=\"async\" loading=\"lazy\" \/>\t\t\t\t\t\t\t\t<\/a>\n\t\t\t<\/div>\n\t<div class=\"qodef-iwt-content\" >\n\t\t\t\t\t<h4 class=\"qodef-iwt-title\" >\n\t\t\t\t\t\t\t\t\t<a itemprop=\"url\" href=\"https:\/\/www.inforoutefpt.org\/ministere\/aep.aspx\" target=\"_blank\">\n\t\t\t\t\t\t\t\t<span class=\"qodef-iwt-title-text\">Attestations d\u2019\u00e9tudes professionnelles (AEP)<\/span>\n\t\t\t\t\t\t\t\t\t<\/a>\n\t\t\t\t\t\t\t<\/h4>\n\t\t\t\t\t<\/div>\n<\/div><div class=\"qodef-iwt clearfix ggris qodef-iwt-icon-left qodef-iwt-icon-tiny\">\n\t<div class=\"qodef-iwt-icon\">\n\t\t\t\t\t<a itemprop=\"url\" href=\"https:\/\/www.ticfp.qc.ca\/\" target=\"_blank\">\n\t\t\t\t\t\t\t\t\t<img width=\"50\" height=\"50\" src=\"https:\/\/www.carrefourfp.ca\/fr\/wp-content\/uploads\/2019\/05\/puce7.png\" class=\"attachment-full size-full\" alt=\"\" decoding=\"async\" loading=\"lazy\" \/>\t\t\t\t\t\t\t\t<\/a>\n\t\t\t<\/div>\n\t<div class=\"qodef-iwt-content\" >\n\t\t\t\t\t<h4 class=\"qodef-iwt-title\" >\n\t\t\t\t\t\t\t\t\t<a itemprop=\"url\" href=\"https:\/\/www.ticfp.qc.ca\/\" target=\"_blank\">\n\t\t\t\t\t\t\t\t<span class=\"qodef-iwt-title-text\">TICFP<\/span>\n\t\t\t\t\t\t\t\t\t<\/a>\n\t\t\t\t\t\t\t<\/h4>\n\t\t\t\t\t\t\t<p class=\"qodef-iwt-text\" >Plateforme pour les AEP<\/p>\n\t\t\t<\/div>\n<\/div>[vc_empty_space height=\u00a0\u00bb52px\u00a0\u00bb][\/vc_column_inner][vc_column_inner width=\u00a0\u00bb2\/5&Prime; css=\u00a0\u00bb.vc_custom_1642005679217{padding-right: 25px !important;padding-left: 35px !important;background-color: rgba(255,255,255,0.63) !important;*background-color: rgb(255,255,255) !important;}\u00a0\u00bb][vc_column_text]<\/p>\n<h2><span style=\"color: #c0c0c0; letter-spacing: 6px !important;\"><br \/>\n\u00c9VALUATION<\/span><br \/>\n<span style=\"color: #4d79b7; letter-spacing: 3px; font-size: 85% !important;\">DES APPRENTISSAGES<\/span><\/h2>\n<p>[\/vc_column_text][vc_empty_space height=\u00a0\u00bb40px\u00a0\u00bb][vc_empty_space height=\u00a0\u00bb52px\u00a0\u00bb]<div class=\"qodef-iwt clearfix  qodef-iwt-icon-left qodef-iwt-icon-medium\">\n\t<div class=\"qodef-iwt-icon\">\n\t\t\t\t\t<a itemprop=\"url\" href=\"https:\/\/www.inforoutefpt.org\/publications\/securite.aspx\" target=\"_blank\">\n\t\t\t\t\t\t\t\t\t<img width=\"50\" height=\"50\" src=\"https:\/\/www.carrefourfp.ca\/fr\/wp-content\/uploads\/2019\/05\/programme-puce.png\" class=\"attachment-full size-full\" alt=\"\" decoding=\"async\" loading=\"lazy\" \/>\t\t\t\t\t\t\t\t<\/a>\n\t\t\t<\/div>\n\t<div class=\"qodef-iwt-content\" >\n\t\t\t\t\t<h4 class=\"qodef-iwt-title\" >\n\t\t\t\t\t\t\t\t\t<a itemprop=\"url\" href=\"https:\/\/www.inforoutefpt.org\/publications\/securite.aspx\" target=\"_blank\">\n\t\t\t\t\t\t\t\t<span class=\"qodef-iwt-title-text\">Cadres d\u2019\u00e9valuation des apprentissages<\/span>\n\t\t\t\t\t\t\t\t\t<\/a>\n\t\t\t\t\t\t\t<\/h4>\n\t\t\t\t\t<\/div>\n<\/div>[vc_empty_space height=\u00a0\u00bb16px\u00a0\u00bb][vc_empty_space height=\u00a0\u00bb16px\u00a0\u00bb]<div class=\"qodef-iwt clearfix  qodef-iwt-icon-left qodef-iwt-icon-medium\">\n\t<div class=\"qodef-iwt-icon\">\n\t\t\t\t\t<a itemprop=\"url\" href=\"http:\/\/www.education.gouv.qc.ca\/fileadmin\/site_web\/documents\/dpse\/sanction\/Guide-sanction-2015_fr.pdf\" target=\"_blank\">\n\t\t\t\t\t\t\t\t\t<img width=\"50\" height=\"50\" src=\"https:\/\/www.carrefourfp.ca\/fr\/wp-content\/uploads\/2019\/05\/puce6.png\" class=\"attachment-full size-full\" alt=\"\" decoding=\"async\" loading=\"lazy\" \/>\t\t\t\t\t\t\t\t<\/a>\n\t\t\t<\/div>\n\t<div class=\"qodef-iwt-content\" >\n\t\t\t\t\t<h4 class=\"qodef-iwt-title\" >\n\t\t\t\t\t\t\t\t\t<a itemprop=\"url\" href=\"http:\/\/www.education.gouv.qc.ca\/fileadmin\/site_web\/documents\/dpse\/sanction\/Guide-sanction-2015_fr.pdf\" target=\"_blank\">\n\t\t\t\t\t\t\t\t<span class=\"qodef-iwt-title-text\">Guide de gestion de la sanction des \u00e9tudes et des \u00e9preuves minist\u00e9rielles<\/span>\n\t\t\t\t\t\t\t\t\t<\/a>\n\t\t\t\t\t\t\t<\/h4>\n\t\t\t\t\t<\/div>\n<\/div>[vc_empty_space height=\u00a0\u00bb16px\u00a0\u00bb][vc_empty_space height=\u00a0\u00bb16px\u00a0\u00bb]<div class=\"qodef-iwt clearfix  qodef-iwt-icon-left qodef-iwt-icon-medium\">\n\t<div class=\"qodef-iwt-icon\">\n\t\t\t\t\t<a itemprop=\"url\" href=\"https:\/\/www.inforoutefpt.org\/ministere_docs\/adminInfo\/Guide-elaboration-de-cadres-evaluation-des-apprentissages-2019.pdf\" target=\"_blank\">\n\t\t\t\t\t\t\t\t\t<img width=\"50\" height=\"50\" src=\"https:\/\/www.carrefourfp.ca\/fr\/wp-content\/uploads\/2019\/05\/puce3.png\" class=\"attachment-full size-full\" alt=\"\" decoding=\"async\" loading=\"lazy\" \/>\t\t\t\t\t\t\t\t<\/a>\n\t\t\t<\/div>\n\t<div class=\"qodef-iwt-content\" >\n\t\t\t\t\t<h4 class=\"qodef-iwt-title\" >\n\t\t\t\t\t\t\t\t\t<a itemprop=\"url\" href=\"https:\/\/www.inforoutefpt.org\/ministere_docs\/adminInfo\/Guide-elaboration-de-cadres-evaluation-des-apprentissages-2019.pdf\" target=\"_blank\">\n\t\t\t\t\t\t\t\t<span class=\"qodef-iwt-title-text\">Guide d\u2019\u00e9laboration de cadres d\u2019\u00e9valuation des apprentissages<\/span>\n\t\t\t\t\t\t\t\t\t<\/a>\n\t\t\t\t\t\t\t<\/h4>\n\t\t\t\t\t<\/div>\n<\/div>[vc_empty_space height=\u00a0\u00bb16px\u00a0\u00bb][vc_empty_space height=\u00a0\u00bb16px\u00a0\u00bb]<div class=\"qodef-iwt clearfix  qodef-iwt-icon-left qodef-iwt-icon-medium\">\n\t<div class=\"qodef-iwt-icon\">\n\t\t\t\t\t<a itemprop=\"url\" href=\"http:\/\/www.education.gouv.qc.ca\/fileadmin\/site_web\/documents\/dpse\/evaluation\/13-4602.pdf\" target=\"_blank\">\n\t\t\t\t\t\t\t\t\t<img width=\"50\" height=\"50\" src=\"https:\/\/www.carrefourfp.ca\/fr\/wp-content\/uploads\/2019\/05\/puce5.png\" class=\"attachment-full size-full\" alt=\"\" decoding=\"async\" loading=\"lazy\" \/>\t\t\t\t\t\t\t\t<\/a>\n\t\t\t<\/div>\n\t<div class=\"qodef-iwt-content\" >\n\t\t\t\t\t<h4 class=\"qodef-iwt-title\" >\n\t\t\t\t\t\t\t\t\t<a itemprop=\"url\" href=\"http:\/\/www.education.gouv.qc.ca\/fileadmin\/site_web\/documents\/dpse\/evaluation\/13-4602.pdf\" target=\"_blank\">\n\t\t\t\t\t\t\t\t<span class=\"qodef-iwt-title-text\">Politique d\u2019\u00e9valuation des apprentissages<\/span>\n\t\t\t\t\t\t\t\t\t<\/a>\n\t\t\t\t\t\t\t<\/h4>\n\t\t\t\t\t<\/div>\n<\/div>[vc_empty_space height=\u00a0\u00bb16px\u00a0\u00bb][vc_empty_space height=\u00a0\u00bb16px\u00a0\u00bb]<div class=\"qodef-iwt clearfix  qodef-iwt-icon-left qodef-iwt-icon-medium\">\n\t<div class=\"qodef-iwt-icon\">\n\t\t\t\t\t<a itemprop=\"url\" href=\"http:\/\/www.carrefourfp.ca\/fr\/wp-content\/uploads\/2022\/11\/Guide-Bonnes-pratiques_Evaluations_distance_FP-Oct-2022.pdf\" target=\"_blank\">\n\t\t\t\t\t\t\t\t\t<img width=\"50\" height=\"50\" src=\"https:\/\/www.carrefourfp.ca\/fr\/wp-content\/uploads\/2019\/05\/puce4.png\" class=\"attachment-full size-full\" alt=\"\" decoding=\"async\" loading=\"lazy\" \/>\t\t\t\t\t\t\t\t<\/a>\n\t\t\t<\/div>\n\t<div class=\"qodef-iwt-content\" >\n\t\t\t\t\t<h4 class=\"qodef-iwt-title\" >\n\t\t\t\t\t\t\t\t\t<a itemprop=\"url\" href=\"http:\/\/www.carrefourfp.ca\/fr\/wp-content\/uploads\/2022\/11\/Guide-Bonnes-pratiques_Evaluations_distance_FP-Oct-2022.pdf\" target=\"_blank\">\n\t\t\t\t\t\t\t\t<span class=\"qodef-iwt-title-text\">Guide des bonnes pratiques en \u00e9valuation \u00e0 distance en formation professionnelle<\/span>\n\t\t\t\t\t\t\t\t\t<\/a>\n\t\t\t\t\t\t\t<\/h4>\n\t\t\t\t\t<\/div>\n<\/div>[vc_empty_space height=\u00a0\u00bb52px\u00a0\u00bb][\/vc_column_inner][vc_column_inner width=\u00a0\u00bb1\/5&Prime;][\/vc_column_inner][\/vc_row_inner][\/vc_column][\/vc_row]<\/p>\n<\/section>","protected":false},"excerpt":{"rendered":"<p>[vc_row full_height=\u00a0\u00bbyes\u00a0\u00bb equal_height=\u00a0\u00bbyes\u00a0\u00bb css=\u00a0\u00bb.vc_custom_1557407810517{background-image: url(http:\/\/www.carrefourfp.ca\/fr\/wp-content\/uploads\/2019\/01\/bg.jpg?id=5527) !important;background-position: center !important;background-repeat: no-repeat !important;background-size: cover !important;}\u00a0\u00bb][vc_column css=\u00a0\u00bb.vc_custom_1582316468408{margin-right: 30px !important;margin-left: 30px [&hellip;]<\/p>\n","protected":false},"author":1,"featured_media":0,"parent":0,"menu_order":0,"comment_status":"closed","ping_status":"closed","template":"full-width.php","meta":{"footnotes":"","_links_to":"","_links_to_target":""},"_links":{"self":[{"href":"https:\/\/www.carrefourfp.ca\/fr\/wp-json\/wp\/v2\/pages\/8298"}],"collection":[{"href":"https:\/\/www.carrefourfp.ca\/fr\/wp-json\/wp\/v2\/pages"}],"about":[{"href":"https:\/\/www.carrefourfp.ca\/fr\/wp-json\/wp\/v2\/types\/page"}],"author":[{"embeddable":true,"href":"https:\/\/www.carrefourfp.ca\/fr\/wp-json\/wp\/v2\/users\/1"}],"replies":[{"embeddable":true,"href":"https:\/\/www.carrefourfp.ca\/fr\/wp-json\/wp\/v2\/comments?post=8298"}],"version-history":[{"count":38,"href":"https:\/\/www.carrefourfp.ca\/fr\/wp-json\/wp\/v2\/pages\/8298\/revisions"}],"predecessor-version":[{"id":8638,"href":"https:\/\/www.carrefourfp.ca\/fr\/wp-json\/wp\/v2\/pages\/8298\/revisions\/8638"}],"wp:attachment":[{"href":"https:\/\/www.carrefourfp.ca\/fr\/wp-json\/wp\/v2\/media?parent=8298"}],"curies":[{"name":"wp","href":"https:\/\/api.w.org\/{rel}","templated":true}]}}