{"id":7909,"date":"2020-02-13T17:46:18","date_gmt":"2020-02-13T22:46:18","guid":{"rendered":"http:\/\/www.carrefourfp.ca\/fr\/?page_id=7909"},"modified":"2021-03-26T14:06:04","modified_gmt":"2021-03-26T19:06:04","slug":"rencontres-via","status":"publish","type":"page","link":"https:\/\/www.carrefourfp.ca\/fr\/rencontres-via\/","title":{"rendered":"Rencontres VIA"},"content":{"rendered":"<section class=\"wpb-content-wrapper\"><p>[vc_row full_height=\u00a0\u00bbyes\u00a0\u00bb equal_height=\u00a0\u00bbyes\u00a0\u00bb css=\u00a0\u00bb.vc_custom_1581634200264{background-image: url(http:\/\/www.carrefourfp.ca\/fr\/wp-content\/uploads\/2019\/05\/man-and-woman-working-P3N6QD3.jpg?id=7575) !important;background-position: center !important;background-repeat: no-repeat !important;background-size: cover !important;}\u00a0\u00bb][vc_column width=\u00a0\u00bb2\/3&Prime; css=\u00a0\u00bb.vc_custom_1557402769361{margin-left: 50px !important;background-position: center !important;background-repeat: no-repeat !important;background-size: cover !important;}\u00a0\u00bb][vc_row_inner equal_height=\u00a0\u00bbyes\u00a0\u00bb content_placement=\u00a0\u00bbmiddle\u00a0\u00bb][vc_column_inner width=\u00a0\u00bb2\/5&Prime; css=\u00a0\u00bb.vc_custom_1557489386229{background-color: #000000 !important;}\u00a0\u00bb][vc_empty_space height=\u00a0\u00bb132px\u00a0\u00bb][vc_column_text css=\u00a0\u00bb.vc_custom_1581633118927{margin-right: 25px !important;margin-left: 25px !important;}\u00a0\u00bb]<\/p>\n<p style=\"text-align: left;\"><span style=\"color: #ffffff; font-size: 48px; letter-spacing: 1px; line-height: 55px;\">RENCONTRES VIA<\/span><br \/>\n<span style=\"color: #0066cc; font-size: 44px; letter-spacing: 1px; line-height: 55px;\">FORMATION<br \/>\nPROFESSIONNELLE<\/span><\/p>\n<p>[\/vc_column_text][vc_empty_space height=\u00a0\u00bb144px\u00a0\u00bb][vc_empty_space height=\u00a0\u00bb52px\u00a0\u00bb][\/vc_column_inner][vc_column_inner width=\u00a0\u00bb2\/5&Prime; css=\u00a0\u00bb.vc_custom_1581634013732{padding-right: 35px !important;padding-left: 15px !important;background-color: #ffffff !important;}\u00a0\u00bb][vc_empty_space height=\u00a0\u00bb152px\u00a0\u00bb]<div class=\"qodef-iwt clearfix gblanc qodef-iwt-icon-left qodef-iwt-icon-medium\">\n\t<div class=\"qodef-iwt-icon\">\n\t\t\t\t\t\t\t\t\t<img width=\"50\" height=\"50\" src=\"https:\/\/www.carrefourfp.ca\/fr\/wp-content\/uploads\/2019\/05\/puce7.png\" class=\"attachment-full size-full\" alt=\"\" decoding=\"async\" loading=\"lazy\" \/>\t\t\t\t\t\t<\/div>\n\t<div class=\"qodef-iwt-content\" >\n\t\t\t\t\t<h4 class=\"qodef-iwt-title\" >\n\t\t\t\t\t\t\t\t<span class=\"qodef-iwt-title-text\">L\u2019intervention en entreprise afin de rehausser les comp\u00e9tences de base de la main-d\u2019\u0153uvre (26 mars 2021)<\/span>\n\t\t\t\t\t\t\t<\/h4>\n\t\t\t\t\t<\/div>\n<\/div>[vc_column_text css=\u00a0\u00bb.vc_custom_1616785374108{padding-bottom: 40px !important;padding-left: 90px !important;}\u00a0\u00bb]<\/p>\n<ul>\n<li><a href=\"http:\/\/www.carrefourfga.ca\/fr\/wp-content\/uploads\/2021\/03\/Webinaire_MEQ_2021-03-26.pdf\" target=\"_blank\" rel=\"noopener noreferrer\">Pr\u00e9sentation<\/a><\/li>\n<li><a href=\"#spu-8250\" rel=\"noopener noreferrer\">Enregistrement<\/a><\/li>\n<\/ul>\n<p>[\/vc_column_text]<div class=\"qodef-iwt clearfix gblanc qodef-iwt-icon-left qodef-iwt-icon-medium\">\n\t<div class=\"qodef-iwt-icon\">\n\t\t\t\t\t\t\t\t\t<img width=\"50\" height=\"50\" src=\"https:\/\/www.carrefourfp.ca\/fr\/wp-content\/uploads\/2019\/05\/puce7.png\" class=\"attachment-full size-full\" alt=\"\" decoding=\"async\" loading=\"lazy\" \/>\t\t\t\t\t\t<\/div>\n\t<div class=\"qodef-iwt-content\" >\n\t\t\t\t\t<h4 class=\"qodef-iwt-title\" >\n\t\t\t\t\t\t\t\t<span class=\"qodef-iwt-title-text\">Concomitance entre la formation g\u00e9n\u00e9rale et la formation professionnelle (\u00e0 venir)<\/span>\n\t\t\t\t\t\t\t<\/h4>\n\t\t\t\t\t\t\t<p class=\"qodef-iwt-text\" >Pr\u00e9sentation du minist\u00e8re de l&#039;\u00c9ducation<\/p>\n\t\t\t<\/div>\n<\/div>[vc_empty_space height=\u00a0\u00bb152px\u00a0\u00bb][\/vc_column_inner][vc_column_inner width=\u00a0\u00bb1\/5&Prime;][\/vc_column_inner][\/vc_row_inner][\/vc_column][vc_column width=\u00a0\u00bb2\/6&Prime;][vc_empty_space height=\u00a0\u00bb22px\u00a0\u00bb][\/vc_column][\/vc_row]<\/p>\n<\/section>","protected":false},"excerpt":{"rendered":"<p>[vc_row full_height=\u00a0\u00bbyes\u00a0\u00bb equal_height=\u00a0\u00bbyes\u00a0\u00bb css=\u00a0\u00bb.vc_custom_1581634200264{background-image: url(http:\/\/www.carrefourfp.ca\/fr\/wp-content\/uploads\/2019\/05\/man-and-woman-working-P3N6QD3.jpg?id=7575) !important;background-position: center !important;background-repeat: no-repeat !important;background-size: cover !important;}\u00a0\u00bb][vc_column width=\u00a0\u00bb2\/3&Prime; css=\u00a0\u00bb.vc_custom_1557402769361{margin-left: 50px !important;background-position: [&hellip;]<\/p>\n","protected":false},"author":1,"featured_media":0,"parent":0,"menu_order":0,"comment_status":"closed","ping_status":"closed","template":"full-width.php","meta":{"footnotes":"","_links_to":"","_links_to_target":""},"_links":{"self":[{"href":"https:\/\/www.carrefourfp.ca\/fr\/wp-json\/wp\/v2\/pages\/7909"}],"collection":[{"href":"https:\/\/www.carrefourfp.ca\/fr\/wp-json\/wp\/v2\/pages"}],"about":[{"href":"https:\/\/www.carrefourfp.ca\/fr\/wp-json\/wp\/v2\/types\/page"}],"author":[{"embeddable":true,"href":"https:\/\/www.carrefourfp.ca\/fr\/wp-json\/wp\/v2\/users\/1"}],"replies":[{"embeddable":true,"href":"https:\/\/www.carrefourfp.ca\/fr\/wp-json\/wp\/v2\/comments?post=7909"}],"version-history":[{"count":10,"href":"https:\/\/www.carrefourfp.ca\/fr\/wp-json\/wp\/v2\/pages\/7909\/revisions"}],"predecessor-version":[{"id":8251,"href":"https:\/\/www.carrefourfp.ca\/fr\/wp-json\/wp\/v2\/pages\/7909\/revisions\/8251"}],"wp:attachment":[{"href":"https:\/\/www.carrefourfp.ca\/fr\/wp-json\/wp\/v2\/media?parent=7909"}],"curies":[{"name":"wp","href":"https:\/\/api.w.org\/{rel}","templated":true}]}}