{"id":7695,"date":"2019-11-15T14:33:21","date_gmt":"2019-11-15T19:33:21","guid":{"rendered":"http:\/\/www.carrefourfp.ca\/fr\/?page_id=7695"},"modified":"2025-12-04T14:18:21","modified_gmt":"2025-12-04T19:18:21","slug":"parcours-de-formation","status":"publish","type":"page","link":"https:\/\/www.carrefourfp.ca\/fr\/parcours-de-formation\/","title":{"rendered":"PARCOURS DE FORMATION"},"content":{"rendered":"<section class=\"wpb-content-wrapper\"><p>[vc_row full_height=\u00a0\u00bbyes\u00a0\u00bb equal_height=\u00a0\u00bbyes\u00a0\u00bb css=\u00a0\u00bb.vc_custom_1750353756846{background-image: url(http:\/\/www.carrefourfp.ca\/fr\/wp-content\/uploads\/2025\/06\/AdobeStock_1271787550.jpg?id=8686) !important;background-position: center !important;background-repeat: no-repeat !important;background-size: cover !important;}\u00a0\u00bb][vc_column width=\u00a0\u00bb1\/3&Prime; css=\u00a0\u00bb.vc_custom_1750353818826{background-color: rgba(123,150,24,0.82) !important;*background-color: rgb(123,150,24) !important;}\u00a0\u00bb][vc_row_inner][vc_column_inner]<div class=\"qodef-iwt clearfix  qodef-iwt-icon-top qodef-iwt-icon-large\">\n\t<div class=\"qodef-iwt-icon\">\n\t\t\t\t\t\t\t\t\t    <span class=\"qodef-icon-shortcode qodef-normal   qodef-icon-large\"  data-hover-color=\"#416fb3\" data-color=\"#ffffff\">\n                    <i class=\"qodef-icon-font-awesome fa fa-road qodef-icon-element\" style=\"color: #ffffff\" ><\/i>            <\/span>\n\t\t\t\t\t\t<\/div>\n\t<div class=\"qodef-iwt-content\" >\n\t\t\t\t\t<\/div>\n<\/div>[vc_column_text]<\/p>\n<h2 style=\"text-align: center; margin-top: 0 !important; padding-top: 0 !important;\"><span style=\"color: #ffffff; letter-spacing: 6px !important;\">PARCOURS<\/span><br \/>\n<span style=\"color: #000000; letter-spacing: 3px; opacity: 0.6; font-size: 85% !important;\">DE FORMATION<\/span><\/h2>\n<p>[\/vc_column_text][\/vc_column_inner][\/vc_row_inner][vc_row_inner css=\u00a0\u00bb.vc_custom_1557417319160{margin-right: 15px !important;margin-left: 15px !important;}\u00a0\u00bb][vc_column_inner][vc_empty_space]<div class=\"qodef-accordion-holder qodef-ac-default  qodef-toggle qodef-ac-boxed  clearfix\">\n\t<h4 class=\"qodef-accordion-title\">\n    <span class=\"qodef-accordion-mark\">\n\t\t<span class=\"qodef_icon_plus icon_plus\"><\/span>\n\t\t<span class=\"qodef_icon_minus icon_minus-06\"><\/span>\n\t<\/span>\n\t<span class=\"qodef-tab-title\">Concomitance entre la formation g\u00e9n\u00e9rale et la formation professionnelle<\/span>\n<\/h4>\n<div class=\"qodef-accordion-content\">\n\t<div class=\"qodef-accordion-content-inner\">\n\t\t<div class=\"qodef-iwt clearfix  qodef-iwt-icon-left qodef-iwt-icon-tiny\">\n\t<div class=\"qodef-iwt-icon\">\n\t\t\t\t\t<a itemprop=\"url\" href=\"#spu-7699\" target=\"_self\">\n\t\t\t\t\t\t\t\t\t    <span class=\"qodef-icon-shortcode qodef-circle   qodef-icon-tiny\" style=\"background-color: #000000\" data-hover-color=\"#000000\" data-color=\"#ffffff\">\n                    <i class=\"qodef-icon-font-awesome fa fa-certificate qodef-icon-element\" style=\"color: #ffffff\" ><\/i>            <\/span>\n\t\t\t\t\t\t\t\t<\/a>\n\t\t\t<\/div>\n\t<div class=\"qodef-iwt-content\" >\n\t\t\t\t\t<h3 class=\"qodef-iwt-title\" style=\"color: #ffffff\">\n\t\t\t\t\t\t\t\t\t<a itemprop=\"url\" href=\"#spu-7699\" target=\"_self\">\n\t\t\t\t\t\t\t\t<span class=\"qodef-iwt-title-text\">Concomitance entre la formation g\u00e9n\u00e9rale et la formation professionnelle<\/span>\n\t\t\t\t\t\t\t\t\t<\/a>\n\t\t\t\t\t\t\t<\/h3>\n\t\t\t\t\t<\/div>\n<\/div>[vc_empty_space height=\u00a0\u00bb23px\u00a0\u00bb]<div class=\"qodef-iwt clearfix  qodef-iwt-icon-left qodef-iwt-icon-tiny\">\n\t<div class=\"qodef-iwt-icon\">\n\t\t\t\t\t<a itemprop=\"url\" href=\"#spu-7706\" target=\"_self\">\n\t\t\t\t\t\t\t\t\t    <span class=\"qodef-icon-shortcode qodef-circle   qodef-icon-tiny\" style=\"background-color: #000000\" data-hover-color=\"#000000\" data-color=\"#ffffff\">\n                    <i class=\"qodef-icon-font-awesome fa fa-clock-o qodef-icon-element\" style=\"color: #ffffff\" ><\/i>            <\/span>\n\t\t\t\t\t\t\t\t<\/a>\n\t\t\t<\/div>\n\t<div class=\"qodef-iwt-content\" >\n\t\t\t\t\t<h3 class=\"qodef-iwt-title\" style=\"color: #ffffff\">\n\t\t\t\t\t\t\t\t\t<a itemprop=\"url\" href=\"#spu-7706\" target=\"_self\">\n\t\t\t\t\t\t\t\t<span class=\"qodef-iwt-title-text\">Projet pilote de concomitance \u00e0 horaire int\u00e9gr\u00e9 entre la formation g\u00e9n\u00e9rale et les programmes d\u2019\u00e9tudes professionnelles n\u00e9cessitant des pr\u00e9alables de la 3e secondaire<\/span>\n\t\t\t\t\t\t\t\t\t<\/a>\n\t\t\t\t\t\t\t<\/h3>\n\t\t\t\t\t<\/div>\n<\/div>[vc_empty_space height=\u00a0\u00bb23px\u00a0\u00bb]<div class=\"qodef-iwt clearfix  qodef-iwt-icon-left qodef-iwt-icon-tiny\">\n\t<div class=\"qodef-iwt-icon\">\n\t\t\t\t\t<a itemprop=\"url\" href=\"#spu-7708\" target=\"_self\">\n\t\t\t\t\t\t\t\t\t    <span class=\"qodef-icon-shortcode qodef-circle   qodef-icon-tiny\" style=\"background-color: #000000\" data-hover-color=\"#000000\" data-color=\"#ffffff\">\n                    <i class=\"qodef-icon-font-awesome fa fa-rocket qodef-icon-element\" style=\"color: #ffffff\" ><\/i>            <\/span>\n\t\t\t\t\t\t\t\t<\/a>\n\t\t\t<\/div>\n\t<div class=\"qodef-iwt-content\" >\n\t\t\t\t\t<h3 class=\"qodef-iwt-title\" style=\"color: #ffffff\">\n\t\t\t\t\t\t\t\t\t<a itemprop=\"url\" href=\"#spu-7708\" target=\"_self\">\n\t\t\t\t\t\t\t\t<span class=\"qodef-iwt-title-text\">M\u00e9tier d\u2019avenir-\u00e9tudes et son volet facultatif Exploration des m\u00e9tiers (concomitance menant \u00e0 la double diplomation DES-DEP)<\/span>\n\t\t\t\t\t\t\t\t\t<\/a>\n\t\t\t\t\t\t\t<\/h3>\n\t\t\t\t\t<\/div>\n<\/div>[vc_empty_space height=\u00a0\u00bb23px\u00a0\u00bb]<div class=\"qodef-iwt clearfix  qodef-iwt-icon-left qodef-iwt-icon-tiny\">\n\t<div class=\"qodef-iwt-icon\">\n\t\t\t\t\t<a itemprop=\"url\" href=\"https:\/\/www.youtube.com\/watch?v=blDeMpBDAOQ\" target=\"_blank\">\n\t\t\t\t\t\t\t\t\t    <span class=\"qodef-icon-shortcode qodef-circle   qodef-icon-tiny\" style=\"background-color: #000000\" data-hover-color=\"#000000\" data-color=\"#ffffff\">\n                    <i class=\"qodef-icon-font-awesome fa fa-video-camera qodef-icon-element\" style=\"color: #ffffff\" ><\/i>            <\/span>\n\t\t\t\t\t\t\t\t<\/a>\n\t\t\t<\/div>\n\t<div class=\"qodef-iwt-content\" >\n\t\t\t\t\t<h3 class=\"qodef-iwt-title\" style=\"color: #ffffff\">\n\t\t\t\t\t\t\t\t\t<a itemprop=\"url\" href=\"https:\/\/www.youtube.com\/watch?v=blDeMpBDAOQ\" target=\"_blank\">\n\t\t\t\t\t\t\t\t<span class=\"qodef-iwt-title-text\">Exploration des m\u00e9tiers (vid\u00e9o)<\/span>\n\t\t\t\t\t\t\t\t\t<\/a>\n\t\t\t\t\t\t\t<\/h3>\n\t\t\t\t\t\t\t<p class=\"qodef-iwt-text\" style=\"color: #ffffff\">Cette capsule d\u2019information a \u00e9t\u00e9 produite afin de soutenir le r\u00e9seau scolaire dans le d\u00e9ploiement du parcours de concomitance Exploration des m\u00e9tiers. Elle pr\u00e9sente le projet d\u00e9velopp\u00e9 par le centre de formation professionnelle Comp\u00e9tences Outaouais du Centre de services scolaire des Draveurs.<\/p>\n\t\t\t<\/div>\n<\/div>[vc_empty_space height=\u00a0\u00bb23px\u00a0\u00bb]<div class=\"qodef-iwt clearfix  qodef-iwt-icon-left qodef-iwt-icon-tiny\">\n\t<div class=\"qodef-iwt-icon\">\n\t\t\t\t\t\t\t\t\t    <span class=\"qodef-icon-shortcode qodef-circle   qodef-icon-tiny\" style=\"background-color: #000000\" data-hover-color=\"#000000\" data-color=\"#ffffff\">\n                    <i class=\"qodef-icon-font-awesome fa fa-users qodef-icon-element\" style=\"color: #ffffff\" ><\/i>            <\/span>\n\t\t\t\t\t\t<\/div>\n\t<div class=\"qodef-iwt-content\" >\n\t\t\t\t\t<h3 class=\"qodef-iwt-title\" style=\"color: #ffffff\">\n\t\t\t\t\t\t\t\t<span class=\"qodef-iwt-title-text\">Accompagnement (\u00e0 venir)<\/span>\n\t\t\t\t\t\t\t<\/h3>\n\t\t\t\t\t<\/div>\n<\/div>[vc_empty_space height=\u00a0\u00bb23px\u00a0\u00bb]\t<\/div>\n<\/div><\/div>[vc_empty_space height=\u00a0\u00bb23px\u00a0\u00bb]<div class=\"qodef-accordion-holder qodef-ac-default  qodef-toggle qodef-ac-boxed  clearfix\">\n\t<h4 class=\"qodef-accordion-title\">\n    <span class=\"qodef-accordion-mark\">\n\t\t<span class=\"qodef_icon_plus icon_plus\"><\/span>\n\t\t<span class=\"qodef_icon_minus icon_minus-06\"><\/span>\n\t<\/span>\n\t<span class=\"qodef-tab-title\">Passerelles<\/span>\n<\/h4>\n<div class=\"qodef-accordion-content\">\n\t<div class=\"qodef-accordion-content-inner\">\n\t\t[vc_empty_space height=\u00a0\u00bb23px\u00a0\u00bb]<div class=\"qodef-iwt clearfix  qodef-iwt-icon-left qodef-iwt-icon-tiny\">\n\t<div class=\"qodef-iwt-icon\">\n\t\t\t\t\t<a itemprop=\"url\" href=\"#spu-7715\" target=\"_self\">\n\t\t\t\t\t\t\t\t\t    <span class=\"qodef-icon-shortcode qodef-circle   qodef-icon-tiny\" style=\"background-color: #000000\" data-hover-color=\"#000000\" data-color=\"#ffffff\">\n                    <i class=\"qodef-icon-font-awesome fa fa-arrow-circle-o-up qodef-icon-element\" style=\"color: #ffffff\" ><\/i>            <\/span>\n\t\t\t\t\t\t\t\t<\/a>\n\t\t\t<\/div>\n\t<div class=\"qodef-iwt-content\" >\n\t\t\t\t\t<h3 class=\"qodef-iwt-title\" style=\"color: #ffffff\">\n\t\t\t\t\t\t\t\t\t<a itemprop=\"url\" href=\"#spu-7715\" target=\"_self\">\n\t\t\t\t\t\t\t\t<span class=\"qodef-iwt-title-text\">Passerelle CFMS-DEP<\/span>\n\t\t\t\t\t\t\t\t\t<\/a>\n\t\t\t\t\t\t\t<\/h3>\n\t\t\t\t\t<\/div>\n<\/div>[vc_empty_space height=\u00a0\u00bb23px\u00a0\u00bb]<div class=\"qodef-iwt clearfix  qodef-iwt-icon-left qodef-iwt-icon-tiny\">\n\t<div class=\"qodef-iwt-icon\">\n\t\t\t\t\t<a itemprop=\"url\" href=\"#spu-7718\" target=\"_self\">\n\t\t\t\t\t\t\t\t\t    <span class=\"qodef-icon-shortcode qodef-circle   qodef-icon-tiny\" style=\"background-color: #000000\" data-hover-color=\"#000000\" data-color=\"#ffffff\">\n                    <i class=\"qodef-icon-font-awesome fa fa-paper-plane qodef-icon-element\" style=\"color: #ffffff\" ><\/i>            <\/span>\n\t\t\t\t\t\t\t\t<\/a>\n\t\t\t<\/div>\n\t<div class=\"qodef-iwt-content\" >\n\t\t\t\t\t<h3 class=\"qodef-iwt-title\" style=\"color: #ffffff\">\n\t\t\t\t\t\t\t\t\t<a itemprop=\"url\" href=\"#spu-7718\" target=\"_self\">\n\t\t\t\t\t\t\t\t<span class=\"qodef-iwt-title-text\">Parcours de continuit\u00e9 DEP-DEC<\/span>\n\t\t\t\t\t\t\t\t\t<\/a>\n\t\t\t\t\t\t\t<\/h3>\n\t\t\t\t\t<\/div>\n<\/div>[vc_empty_space height=\u00a0\u00bb23px\u00a0\u00bb]<div class=\"qodef-iwt clearfix  qodef-iwt-icon-left qodef-iwt-icon-tiny\">\n\t<div class=\"qodef-iwt-icon\">\n\t\t\t\t\t<a itemprop=\"url\" href=\"#spu-8671\" target=\"_self\">\n\t\t\t\t\t\t\t\t\t    <span class=\"qodef-icon-shortcode qodef-circle   qodef-icon-tiny\" style=\"background-color: #000000\" data-hover-color=\"#000000\" data-color=\"#ffffff\">\n                    <i class=\"qodef-icon-font-awesome fa fa-arrow-circle-o-up qodef-icon-element\" style=\"color: #ffffff\" ><\/i>            <\/span>\n\t\t\t\t\t\t\t\t<\/a>\n\t\t\t<\/div>\n\t<div class=\"qodef-iwt-content\" >\n\t\t\t\t\t<h3 class=\"qodef-iwt-title\" style=\"color: #ffffff\">\n\t\t\t\t\t\t\t\t\t<a itemprop=\"url\" href=\"#spu-8671\" target=\"_self\">\n\t\t\t\t\t\t\t\t<span class=\"qodef-iwt-title-text\">Passerelle CFMS-AEP<\/span>\n\t\t\t\t\t\t\t\t\t<\/a>\n\t\t\t\t\t\t\t<\/h3>\n\t\t\t\t\t<\/div>\n<\/div>[vc_empty_space height=\u00a0\u00bb23px\u00a0\u00bb]\t<\/div>\n<\/div><\/div>[vc_empty_space height=\u00a0\u00bb23px\u00a0\u00bb][vc_empty_space height=\u00a0\u00bb23px\u00a0\u00bb]<div class=\"qodef-iwt clearfix  qodef-iwt-icon-left qodef-iwt-icon-tiny\">\n\t<div class=\"qodef-iwt-icon\">\n\t\t\t\t\t<a itemprop=\"url\" href=\"#spu-7720\" target=\"_self\">\n\t\t\t\t\t\t\t\t\t    <span class=\"qodef-icon-shortcode qodef-circle   qodef-icon-tiny\" style=\"background-color: #000000\" data-hover-color=\"#000000\" data-color=\"#ffffff\">\n                    <i class=\"qodef-icon-font-awesome fa fa-arrows-alt qodef-icon-element\" style=\"color: #ffffff\" ><\/i>            <\/span>\n\t\t\t\t\t\t\t\t<\/a>\n\t\t\t<\/div>\n\t<div class=\"qodef-iwt-content\" >\n\t\t\t\t\t<h3 class=\"qodef-iwt-title\" style=\"color: #ffffff\">\n\t\t\t\t\t\t\t\t\t<a itemprop=\"url\" href=\"#spu-7720\" target=\"_self\">\n\t\t\t\t\t\t\t\t<span class=\"qodef-iwt-title-text\">Alternance travail-\u00e9tudes<\/span>\n\t\t\t\t\t\t\t\t\t<\/a>\n\t\t\t\t\t\t\t<\/h3>\n\t\t\t\t\t<\/div>\n<\/div>[vc_empty_space height=\u00a0\u00bb23px\u00a0\u00bb]<div class=\"qodef-iwt clearfix  qodef-iwt-icon-left qodef-iwt-icon-tiny\">\n\t<div class=\"qodef-iwt-icon\">\n\t\t\t\t\t<a itemprop=\"url\" href=\"#spu-7722\" target=\"_self\">\n\t\t\t\t\t\t\t\t\t    <span class=\"qodef-icon-shortcode qodef-circle   qodef-icon-tiny\" style=\"background-color: #000000\" data-hover-color=\"#000000\" data-color=\"#ffffff\">\n                    <i class=\"qodef-icon-font-awesome fa fa-briefcase qodef-icon-element\" style=\"color: #ffffff\" ><\/i>            <\/span>\n\t\t\t\t\t\t\t\t<\/a>\n\t\t\t<\/div>\n\t<div class=\"qodef-iwt-content\" >\n\t\t\t\t\t<h3 class=\"qodef-iwt-title\" style=\"color: #ffffff\">\n\t\t\t\t\t\t\t\t\t<a itemprop=\"url\" href=\"#spu-7722\" target=\"_self\">\n\t\t\t\t\t\t\t\t<span class=\"qodef-iwt-title-text\">Projets d\u2019apprentissage accru en milieu de travail<\/span>\n\t\t\t\t\t\t\t\t\t<\/a>\n\t\t\t\t\t\t\t<\/h3>\n\t\t\t\t\t<\/div>\n<\/div>[vc_empty_space height=\u00a0\u00bb23px\u00a0\u00bb]<div class=\"qodef-iwt clearfix  qodef-iwt-icon-left qodef-iwt-icon-tiny\">\n\t<div class=\"qodef-iwt-icon\">\n\t\t\t\t\t<a itemprop=\"url\" href=\"#spu-7725\" target=\"_self\">\n\t\t\t\t\t\t\t\t\t    <span class=\"qodef-icon-shortcode qodef-circle   qodef-icon-tiny\" style=\"background-color: #000000\" data-hover-color=\"#000000\" data-color=\"#ffffff\">\n                    <i class=\"qodef-icon-font-awesome fa fa-calendar-times-o qodef-icon-element\" style=\"color: #ffffff\" ><\/i>            <\/span>\n\t\t\t\t\t\t\t\t<\/a>\n\t\t\t<\/div>\n\t<div class=\"qodef-iwt-content\" >\n\t\t\t\t\t<h3 class=\"qodef-iwt-title\" style=\"color: #ffffff\">\n\t\t\t\t\t\t\t\t\t<a itemprop=\"url\" href=\"#spu-7725\" target=\"_self\">\n\t\t\t\t\t\t\t\t<span class=\"qodef-iwt-title-text\">Acc\u00e8s aux \u00e9tudes \u00e0 temps partiel en formation professionnelle<\/span>\n\t\t\t\t\t\t\t\t\t<\/a>\n\t\t\t\t\t\t\t<\/h3>\n\t\t\t\t\t<\/div>\n<\/div>[vc_empty_space height=\u00a0\u00bb23px\u00a0\u00bb]<div class=\"qodef-iwt clearfix  qodef-iwt-icon-left qodef-iwt-icon-tiny\">\n\t<div class=\"qodef-iwt-icon\">\n\t\t\t\t\t<a itemprop=\"url\" href=\"#spu-7727\" target=\"_self\">\n\t\t\t\t\t\t\t\t\t    <span class=\"qodef-icon-shortcode qodef-circle   qodef-icon-tiny\" style=\"background-color: #000000\" data-hover-color=\"#000000\" data-color=\"#ffffff\">\n                    <i class=\"qodef-icon-font-awesome fa fa-laptop qodef-icon-element\" style=\"color: #ffffff\" ><\/i>            <\/span>\n\t\t\t\t\t\t\t\t<\/a>\n\t\t\t<\/div>\n\t<div class=\"qodef-iwt-content\" >\n\t\t\t\t\t<h3 class=\"qodef-iwt-title\" style=\"color: #ffffff\">\n\t\t\t\t\t\t\t\t\t<a itemprop=\"url\" href=\"#spu-7727\" target=\"_self\">\n\t\t\t\t\t\t\t\t<span class=\"qodef-iwt-title-text\">Formation \u00e0 distance<\/span>\n\t\t\t\t\t\t\t\t\t<\/a>\n\t\t\t\t\t\t\t<\/h3>\n\t\t\t\t\t<\/div>\n<\/div>[vc_empty_space height=\u00a0\u00bb23px\u00a0\u00bb]<div class=\"qodef-iwt clearfix  qodef-iwt-icon-left qodef-iwt-icon-tiny\">\n\t<div class=\"qodef-iwt-icon\">\n\t\t\t\t\t<a itemprop=\"url\" href=\"#spu-7729\" target=\"_self\">\n\t\t\t\t\t\t\t\t\t    <span class=\"qodef-icon-shortcode qodef-circle   qodef-icon-tiny\" style=\"background-color: #000000\" data-hover-color=\"#000000\" data-color=\"#ffffff\">\n                    <i class=\"qodef-icon-font-awesome fa fa-star qodef-icon-element\" style=\"color: #ffffff\" ><\/i>            <\/span>\n\t\t\t\t\t\t\t\t<\/a>\n\t\t\t<\/div>\n\t<div class=\"qodef-iwt-content\" >\n\t\t\t\t\t<h3 class=\"qodef-iwt-title\" style=\"color: #ffffff\">\n\t\t\t\t\t\t\t\t\t<a itemprop=\"url\" href=\"#spu-7729\" target=\"_self\">\n\t\t\t\t\t\t\t\t<span class=\"qodef-iwt-title-text\">Reconnaissance des acquis et des comp\u00e9tences<\/span>\n\t\t\t\t\t\t\t\t\t<\/a>\n\t\t\t\t\t\t\t<\/h3>\n\t\t\t\t\t<\/div>\n<\/div>[vc_empty_space height=\u00a0\u00bb22px\u00a0\u00bb][vc_empty_space height=\u00a0\u00bb22px\u00a0\u00bb][\/vc_column_inner][\/vc_row_inner][\/vc_column][vc_column width=\u00a0\u00bb1\/3&Prime;][\/vc_column][vc_column width=\u00a0\u00bb1\/3&Prime;][\/vc_column][\/vc_row]<\/p>\n<\/section>","protected":false},"excerpt":{"rendered":"<p>[vc_row full_height=\u00a0\u00bbyes\u00a0\u00bb equal_height=\u00a0\u00bbyes\u00a0\u00bb css=\u00a0\u00bb.vc_custom_1750353756846{background-image: url(http:\/\/www.carrefourfp.ca\/fr\/wp-content\/uploads\/2025\/06\/AdobeStock_1271787550.jpg?id=8686) !important;background-position: center !important;background-repeat: no-repeat !important;background-size: cover !important;}\u00a0\u00bb][vc_column width=\u00a0\u00bb1\/3&Prime; css=\u00a0\u00bb.vc_custom_1750353818826{background-color: rgba(123,150,24,0.82) !important;*background-color: [&hellip;]<\/p>\n","protected":false},"author":1,"featured_media":0,"parent":0,"menu_order":0,"comment_status":"closed","ping_status":"closed","template":"full-width.php","meta":{"footnotes":"","_links_to":"","_links_to_target":""},"_links":{"self":[{"href":"https:\/\/www.carrefourfp.ca\/fr\/wp-json\/wp\/v2\/pages\/7695"}],"collection":[{"href":"https:\/\/www.carrefourfp.ca\/fr\/wp-json\/wp\/v2\/pages"}],"about":[{"href":"https:\/\/www.carrefourfp.ca\/fr\/wp-json\/wp\/v2\/types\/page"}],"author":[{"embeddable":true,"href":"https:\/\/www.carrefourfp.ca\/fr\/wp-json\/wp\/v2\/users\/1"}],"replies":[{"embeddable":true,"href":"https:\/\/www.carrefourfp.ca\/fr\/wp-json\/wp\/v2\/comments?post=7695"}],"version-history":[{"count":37,"href":"https:\/\/www.carrefourfp.ca\/fr\/wp-json\/wp\/v2\/pages\/7695\/revisions"}],"predecessor-version":[{"id":8689,"href":"https:\/\/www.carrefourfp.ca\/fr\/wp-json\/wp\/v2\/pages\/7695\/revisions\/8689"}],"wp:attachment":[{"href":"https:\/\/www.carrefourfp.ca\/fr\/wp-json\/wp\/v2\/media?parent=7695"}],"curies":[{"name":"wp","href":"https:\/\/api.w.org\/{rel}","templated":true}]}}