{"id":7449,"date":"2019-05-09T10:59:00","date_gmt":"2019-05-09T15:59:00","guid":{"rendered":"http:\/\/www.carrefourfp.ca\/fr\/?page_id=7449"},"modified":"2022-09-12T11:03:42","modified_gmt":"2022-09-12T16:03:42","slug":"carte","status":"publish","type":"page","link":"https:\/\/www.carrefourfp.ca\/fr\/carte\/","title":{"rendered":"CARTE DES ENSEIGNEMENTS PROFESSIONNELS"},"content":{"rendered":"<section class=\"wpb-content-wrapper\"><p>[vc_row full_height=\u00a0\u00bbyes\u00a0\u00bb equal_height=\u00a0\u00bbyes\u00a0\u00bb css=\u00a0\u00bb.vc_custom_1557416109418{background-image: url(http:\/\/www.carrefourfp.ca\/fr\/wp-content\/uploads\/2019\/05\/modern-orange-fire-escape-stairs-PYHJGUS.jpg?id=7451) !important;background-position: center !important;background-repeat: no-repeat !important;background-size: cover !important;}\u00a0\u00bb][vc_column width=\u00a0\u00bb1\/6&Prime; css=\u00a0\u00bb.vc_custom_1557414596957{background-position: center !important;background-repeat: no-repeat !important;background-size: cover !important;}\u00a0\u00bb][\/vc_column][vc_column width=\u00a0\u00bb2\/6&Prime; css=\u00a0\u00bb.vc_custom_1582317649647{padding-right: 50px !important;padding-left: 50px !important;background-color: rgba(255,255,255,0.9) !important;*background-color: rgb(255,255,255) !important;}\u00a0\u00bb][vc_column_text]<\/p>\n<h2 style=\"text-align: center;\"><span style=\"color: #ef7b26; letter-spacing: 6px !important;\">CARTE\u00a0DES <\/span><br \/>\n<span style=\"color: #000000; letter-spacing: 3px; font-size: 85% !important;\">ENSEIGNEMENTS PROFESSIONNELS<\/span><\/h2>\n<p>[\/vc_column_text][vc_empty_space height=\u00a0\u00bb50px\u00a0\u00bb]<div class=\"qodef-iwt clearfix  qodef-iwt-icon-top qodef-iwt-icon-medium\">\n\t<div class=\"qodef-iwt-icon\">\n\t\t\t\t\t<a itemprop=\"url\" href=\"https:\/\/www.inforoutefpt.org\/ministere_docs\/adminInfo\/FormulairesDemande_Autorisations_Ententes.docx\" target=\"_blank\">\n\t\t\t\t\t\t\t\t\t    <span class=\"qodef-icon-shortcode qodef-normal   qodef-icon-medium\"  >\n                    <i class=\"qodef-icon-font-awesome fa fa-file-text qodef-icon-element\" style=\"\" ><\/i>            <\/span>\n\t\t\t\t\t\t\t\t<\/a>\n\t\t\t<\/div>\n\t<div class=\"qodef-iwt-content\" >\n\t\t\t\t\t<h3 class=\"qodef-iwt-title\" >\n\t\t\t\t\t\t\t\t\t<a itemprop=\"url\" href=\"https:\/\/www.inforoutefpt.org\/ministere_docs\/adminInfo\/FormulairesDemande_Autorisations_Ententes.docx\" target=\"_blank\">\n\t\t\t\t\t\t\t\t<span class=\"qodef-iwt-title-text\">Formulaires de demande de modification \u00e0 la Carte des enseignements<\/span>\n\t\t\t\t\t\t\t\t\t<\/a>\n\t\t\t\t\t\t\t<\/h3>\n\t\t\t\t\t\t\t<p class=\"qodef-iwt-text\" >(autorisations permanentes et provisoires, ententes et d\u00e9localisations)<\/p>\n\t\t\t<\/div>\n<\/div>[vc_empty_space height=\u00a0\u00bb22px\u00a0\u00bb]<div class=\"qodef-iwt clearfix  qodef-iwt-icon-top qodef-iwt-icon-medium\">\n\t<div class=\"qodef-iwt-icon\">\n\t\t\t\t\t<a itemprop=\"url\" href=\"https:\/\/www.inforoutefpt.org\/ministere_docs\/adminInfo\/cadregestionFPT.pdf\" target=\"_blank\">\n\t\t\t\t\t\t\t\t\t    <span class=\"qodef-icon-shortcode qodef-normal   qodef-icon-medium\"  >\n                    <i class=\"qodef-icon-font-awesome fa fa-file-text qodef-icon-element\" style=\"\" ><\/i>            <\/span>\n\t\t\t\t\t\t\t\t<\/a>\n\t\t\t<\/div>\n\t<div class=\"qodef-iwt-content\" >\n\t\t\t\t\t<h3 class=\"qodef-iwt-title\" >\n\t\t\t\t\t\t\t\t\t<a itemprop=\"url\" href=\"https:\/\/www.inforoutefpt.org\/ministere_docs\/adminInfo\/cadregestionFPT.pdf\" target=\"_blank\">\n\t\t\t\t\t\t\t\t<span class=\"qodef-iwt-title-text\">Cadre de gestion<\/span>\n\t\t\t\t\t\t\t\t\t<\/a>\n\t\t\t\t\t\t\t<\/h3>\n\t\t\t\t\t\t\t<p class=\"qodef-iwt-text\" >Offre de formation professionnelle et de l\u2019offre de formation coll\u00e9giale technique<\/p>\n\t\t\t<\/div>\n<\/div>[vc_empty_space height=\u00a0\u00bb22px\u00a0\u00bb]<div class=\"qodef-iwt clearfix  qodef-iwt-icon-top qodef-iwt-icon-medium\">\n\t<div class=\"qodef-iwt-icon\">\n\t\t\t\t\t<a itemprop=\"url\" href=\"https:\/\/www.inforoutefpt.org\/ministere\/autorisationRegion\" target=\"_blank\">\n\t\t\t\t\t\t\t\t\t    <span class=\"qodef-icon-shortcode qodef-normal   qodef-icon-medium\"  >\n                    <i class=\"qodef-icon-font-awesome fa fa-file-text qodef-icon-element\" style=\"\" ><\/i>            <\/span>\n\t\t\t\t\t\t\t\t<\/a>\n\t\t\t<\/div>\n\t<div class=\"qodef-iwt-content\" >\n\t\t\t\t\t<h3 class=\"qodef-iwt-title\" >\n\t\t\t\t\t\t\t\t\t<a itemprop=\"url\" href=\"https:\/\/www.inforoutefpt.org\/ministere\/autorisationRegion\" target=\"_blank\">\n\t\t\t\t\t\t\t\t<span class=\"qodef-iwt-title-text\">Autorisations minist\u00e9rielles par r\u00e9gion administrative<\/span>\n\t\t\t\t\t\t\t\t\t<\/a>\n\t\t\t\t\t\t\t<\/h3>\n\t\t\t\t\t<\/div>\n<\/div><div class=\"qodef-iwt clearfix  qodef-iwt-icon-top qodef-iwt-icon-medium\">\n\t<div class=\"qodef-iwt-icon\">\n\t\t\t\t\t<a itemprop=\"url\" href=\"https:\/\/www.inforoutefpt.org\/ministere\/autorisationSecteur\" target=\"_blank\">\n\t\t\t\t\t\t\t\t\t    <span class=\"qodef-icon-shortcode qodef-normal   qodef-icon-medium\"  >\n                    <i class=\"qodef-icon-font-awesome fa fa-file-text qodef-icon-element\" style=\"\" ><\/i>            <\/span>\n\t\t\t\t\t\t\t\t<\/a>\n\t\t\t<\/div>\n\t<div class=\"qodef-iwt-content\" >\n\t\t\t\t\t<h3 class=\"qodef-iwt-title\" >\n\t\t\t\t\t\t\t\t\t<a itemprop=\"url\" href=\"https:\/\/www.inforoutefpt.org\/ministere\/autorisationSecteur\" target=\"_blank\">\n\t\t\t\t\t\t\t\t<span class=\"qodef-iwt-title-text\">Autorisations minist\u00e9rielles par secteur de formation<\/span>\n\t\t\t\t\t\t\t\t\t<\/a>\n\t\t\t\t\t\t\t<\/h3>\n\t\t\t\t\t<\/div>\n<\/div>[vc_empty_space height=\u00a0\u00bb50px\u00a0\u00bb][\/vc_column][vc_column width=\u00a0\u00bb2\/6&Prime; css=\u00a0\u00bb.vc_custom_1582317576618{background-color: rgba(232,89,29,0.9) !important;*background-color: rgb(232,89,29) !important;}\u00a0\u00bb][vc_row_inner css=\u00a0\u00bb.vc_custom_1557417319160{margin-right: 15px !important;margin-left: 15px !important;}\u00a0\u00bb][vc_column_inner][vc_empty_space height=\u00a0\u00bb70px\u00a0\u00bb]<div class=\"qodef-iwt clearfix  qodef-iwt-icon-top qodef-iwt-icon-large\">\n\t<div class=\"qodef-iwt-icon\">\n\t\t\t\t\t\t\t\t\t    <span class=\"qodef-icon-shortcode qodef-normal   qodef-icon-large\"  data-hover-color=\"#416fb3\" data-color=\"#ffffff\">\n                    <i class=\"qodef-icon-font-awesome fa fa-anchor qodef-icon-element\" style=\"color: #ffffff\" ><\/i>            <\/span>\n\t\t\t\t\t\t<\/div>\n\t<div class=\"qodef-iwt-content\" >\n\t\t\t\t\t<h3 class=\"qodef-iwt-title\" style=\"color: #000000\">\n\t\t\t\t\t\t\t\t<span class=\"qodef-iwt-title-text\">Outils administratifs<\/span>\n\t\t\t\t\t\t\t<\/h3>\n\t\t\t\t\t<\/div>\n<\/div>[vc_empty_space height=\u00a0\u00bb52px\u00a0\u00bb]<div class=\"qodef-iwt clearfix  qodef-iwt-icon-left qodef-iwt-icon-tiny\">\n\t<div class=\"qodef-iwt-icon\">\n\t\t\t\t\t<a itemprop=\"url\" href=\"http:\/\/adequation.inforoutefpt.org\/\" target=\"_blank\">\n\t\t\t\t\t\t\t\t\t    <span class=\"qodef-icon-shortcode qodef-circle   qodef-icon-tiny\" style=\"background-color: #000000\" data-hover-color=\"#000000\" data-color=\"#ffffff\">\n                    <i class=\"qodef-icon-font-awesome fa fa-anchor qodef-icon-element\" style=\"color: #ffffff\" ><\/i>            <\/span>\n\t\t\t\t\t\t\t\t<\/a>\n\t\t\t<\/div>\n\t<div class=\"qodef-iwt-content\" >\n\t\t\t\t\t<h3 class=\"qodef-iwt-title\" style=\"color: #ffffff\">\n\t\t\t\t\t\t\t\t\t<a itemprop=\"url\" href=\"http:\/\/adequation.inforoutefpt.org\/\" target=\"_blank\">\n\t\t\t\t\t\t\t\t<span class=\"qodef-iwt-title-text\">Fiches d\u2019ad\u00e9quation formation-emploi<\/span>\n\t\t\t\t\t\t\t\t\t<\/a>\n\t\t\t\t\t\t\t<\/h3>\n\t\t\t\t\t<\/div>\n<\/div>[vc_empty_space height=\u00a0\u00bb33px\u00a0\u00bb]<div class=\"qodef-iwt clearfix  qodef-iwt-icon-left qodef-iwt-icon-tiny\">\n\t<div class=\"qodef-iwt-icon\">\n\t\t\t\t\t<a itemprop=\"url\" href=\"https:\/\/www.inforoutefpt.org\/ministere_docs\/adminInfo\/InformationsAttenduesParEQ.docx\" target=\"_blank\">\n\t\t\t\t\t\t\t\t\t    <span class=\"qodef-icon-shortcode qodef-circle   qodef-icon-tiny\" style=\"background-color: #000000\" data-hover-color=\"#000000\" data-color=\"#ffffff\">\n                    <i class=\"qodef-icon-font-awesome fa fa-users qodef-icon-element\" style=\"color: #ffffff\" ><\/i>            <\/span>\n\t\t\t\t\t\t\t\t<\/a>\n\t\t\t<\/div>\n\t<div class=\"qodef-iwt-content\" >\n\t\t\t\t\t<h3 class=\"qodef-iwt-title\" style=\"color: #ffffff\">\n\t\t\t\t\t\t\t\t\t<a itemprop=\"url\" href=\"https:\/\/www.inforoutefpt.org\/ministere_docs\/adminInfo\/InformationsAttenduesParEQ.docx\" target=\"_blank\">\n\t\t\t\t\t\t\t\t<span class=\"qodef-iwt-title-text\">Informations \u00e0 transmettre \u00e0 Emploi-Qu\u00e9bec lors d\u2019une demande d\u2019avis sur les besoins de main-d\u2019\u0153uvre<\/span>\n\t\t\t\t\t\t\t\t\t<\/a>\n\t\t\t\t\t\t\t<\/h3>\n\t\t\t\t\t<\/div>\n<\/div>[vc_empty_space height=\u00a0\u00bb33px\u00a0\u00bb]<div class=\"qodef-iwt clearfix  qodef-iwt-icon-left qodef-iwt-icon-tiny\">\n\t<div class=\"qodef-iwt-icon\">\n\t\t\t\t\t<a itemprop=\"url\" href=\"https:\/\/www.quebec.ca\/emploi\/metiers-professions\" target=\"_blank\">\n\t\t\t\t\t\t\t\t\t    <span class=\"qodef-icon-shortcode qodef-circle   qodef-icon-tiny\" style=\"background-color: #000000\" data-hover-color=\"#000000\" data-color=\"#ffffff\">\n                    <i class=\"qodef-icon-font-awesome fa fa-info qodef-icon-element\" style=\"color: #ffffff\" ><\/i>            <\/span>\n\t\t\t\t\t\t\t\t<\/a>\n\t\t\t<\/div>\n\t<div class=\"qodef-iwt-content\" >\n\t\t\t\t\t<h3 class=\"qodef-iwt-title\" style=\"color: #ffffff\">\n\t\t\t\t\t\t\t\t\t<a itemprop=\"url\" href=\"https:\/\/www.quebec.ca\/emploi\/metiers-professions\" target=\"_blank\">\n\t\t\t\t\t\t\t\t<span class=\"qodef-iwt-title-text\">M\u00e9tiers et professions<\/span>\n\t\t\t\t\t\t\t\t\t<\/a>\n\t\t\t\t\t\t\t<\/h3>\n\t\t\t\t\t<\/div>\n<\/div>[vc_empty_space height=\u00a0\u00bb33px\u00a0\u00bb][\/vc_column_inner][\/vc_row_inner][\/vc_column][vc_column width=\u00a0\u00bb1\/6&Prime;][\/vc_column][\/vc_row]<\/p>\n<\/section>","protected":false},"excerpt":{"rendered":"<p>[vc_row full_height=\u00a0\u00bbyes\u00a0\u00bb equal_height=\u00a0\u00bbyes\u00a0\u00bb css=\u00a0\u00bb.vc_custom_1557416109418{background-image: url(http:\/\/www.carrefourfp.ca\/fr\/wp-content\/uploads\/2019\/05\/modern-orange-fire-escape-stairs-PYHJGUS.jpg?id=7451) !important;background-position: center !important;background-repeat: no-repeat !important;background-size: cover !important;}\u00a0\u00bb][vc_column width=\u00a0\u00bb1\/6&Prime; css=\u00a0\u00bb.vc_custom_1557414596957{background-position: center !important;background-repeat: [&hellip;]<\/p>\n","protected":false},"author":1,"featured_media":0,"parent":0,"menu_order":0,"comment_status":"closed","ping_status":"closed","template":"full-width.php","meta":{"footnotes":"","_links_to":"","_links_to_target":""},"_links":{"self":[{"href":"https:\/\/www.carrefourfp.ca\/fr\/wp-json\/wp\/v2\/pages\/7449"}],"collection":[{"href":"https:\/\/www.carrefourfp.ca\/fr\/wp-json\/wp\/v2\/pages"}],"about":[{"href":"https:\/\/www.carrefourfp.ca\/fr\/wp-json\/wp\/v2\/types\/page"}],"author":[{"embeddable":true,"href":"https:\/\/www.carrefourfp.ca\/fr\/wp-json\/wp\/v2\/users\/1"}],"replies":[{"embeddable":true,"href":"https:\/\/www.carrefourfp.ca\/fr\/wp-json\/wp\/v2\/comments?post=7449"}],"version-history":[{"count":39,"href":"https:\/\/www.carrefourfp.ca\/fr\/wp-json\/wp\/v2\/pages\/7449\/revisions"}],"predecessor-version":[{"id":8379,"href":"https:\/\/www.carrefourfp.ca\/fr\/wp-json\/wp\/v2\/pages\/7449\/revisions\/8379"}],"wp:attachment":[{"href":"https:\/\/www.carrefourfp.ca\/fr\/wp-json\/wp\/v2\/media?parent=7449"}],"curies":[{"name":"wp","href":"https:\/\/api.w.org\/{rel}","templated":true}]}}