{"id":7403,"date":"2019-05-09T10:13:03","date_gmt":"2019-05-09T15:13:03","guid":{"rendered":"http:\/\/www.carrefourfp.ca\/fr\/?page_id=7403"},"modified":"2019-11-15T14:21:53","modified_gmt":"2019-11-15T19:21:53","slug":"rac","status":"publish","type":"page","link":"https:\/\/www.carrefourfp.ca\/fr\/rac\/","title":{"rendered":"Reconnaissance des acquis et des comp\u00e9tences (RAC)"},"content":{"rendered":"<section class=\"wpb-content-wrapper\"><p>[vc_row full_height=\u00a0\u00bbyes\u00a0\u00bb equal_height=\u00a0\u00bbyes\u00a0\u00bb css=\u00a0\u00bb.vc_custom_1557415091631{background-image: url(http:\/\/www.carrefourfp.ca\/fr\/wp-content\/uploads\/2017\/01\/casual-couch-european-1446263.jpg?id=7216) !important;background-position: center !important;background-repeat: no-repeat !important;background-size: cover !important;}\u00a0\u00bb][vc_column width=\u00a0\u00bb1\/3&Prime; css=\u00a0\u00bb.vc_custom_1557414596957{background-position: center !important;background-repeat: no-repeat !important;background-size: cover !important;}\u00a0\u00bb][\/vc_column][vc_column width=\u00a0\u00bb1\/3&Prime; css=\u00a0\u00bb.vc_custom_1557414738949{padding-right: 50px !important;padding-left: 50px !important;background-color: rgba(255,255,255,0.95) !important;*background-color: rgb(255,255,255) !important;}\u00a0\u00bb][vc_column_text]<\/p>\n<h3 style=\"text-align: center;\">Reconnaissance des acquis et des comp\u00e9tences<\/h3>\n<p>[\/vc_column_text][vc_column_text]<\/p>\n<h1 style=\"text-align: center;\">RAC<\/h1>\n<p>[\/vc_column_text][vc_empty_space height=\u00a0\u00bb55px\u00a0\u00bb]<div class=\"qodef-iwt clearfix  qodef-iwt-icon-top qodef-iwt-icon-medium\">\n\t<div class=\"qodef-iwt-icon\">\n\t\t\t\t\t<a itemprop=\"url\" href=\"http:\/\/www.education.gouv.qc.ca\/adultes\/bilan-et-reconnaissance-des-acquis\/\" target=\"_blank\">\n\t\t\t\t\t\t\t\t\t    <span class=\"qodef-icon-shortcode qodef-normal   qodef-icon-medium\"  >\n                    <i class=\"qodef-icon-font-awesome fa fa-building qodef-icon-element\" style=\"\" ><\/i>            <\/span>\n\t\t\t\t\t\t\t\t<\/a>\n\t\t\t<\/div>\n\t<div class=\"qodef-iwt-content\" >\n\t\t\t\t\t<h4 class=\"qodef-iwt-title\" >\n\t\t\t\t\t\t\t\t\t<a itemprop=\"url\" href=\"http:\/\/www.education.gouv.qc.ca\/adultes\/bilan-et-reconnaissance-des-acquis\/\" target=\"_blank\">\n\t\t\t\t\t\t\t\t<span class=\"qodef-iwt-title-text\">La RAC<\/span>\n\t\t\t\t\t\t\t\t\t<\/a>\n\t\t\t\t\t\t\t<\/h4>\n\t\t\t\t\t\t\t<p class=\"qodef-iwt-text\" >Minist\u00e8re de l\u2019\u00c9ducation et de l\u2019Enseignement sup\u00e9rieur<\/p>\n\t\t\t<\/div>\n<\/div>[vc_empty_space height=\u00a0\u00bb42px\u00a0\u00bb][vc_row_inner][vc_column_inner width=\u00a0\u00bb1\/2&Prime;]<div class=\"qodef-iwt clearfix  qodef-iwt-icon-top qodef-iwt-icon-medium\">\n\t<div class=\"qodef-iwt-icon\">\n\t\t\t\t\t<a itemprop=\"url\" href=\"http:\/\/www.education.gouv.qc.ca\/fileadmin\/site_web\/documents\/dpse\/formation_professionnelle\/RAC_CadreGeneral_CadreTechnique_DocRef_f.pdf\" target=\"_blank\">\n\t\t\t\t\t\t\t\t\t    <span class=\"qodef-icon-shortcode qodef-normal   qodef-icon-medium\"  >\n                    <i class=\"qodef-icon-font-awesome fa fa-black-tie qodef-icon-element\" style=\"\" ><\/i>            <\/span>\n\t\t\t\t\t\t\t\t<\/a>\n\t\t\t<\/div>\n\t<div class=\"qodef-iwt-content\" >\n\t\t\t\t\t<h4 class=\"qodef-iwt-title\" >\n\t\t\t\t\t\t\t\t\t<a itemprop=\"url\" href=\"http:\/\/www.education.gouv.qc.ca\/fileadmin\/site_web\/documents\/dpse\/formation_professionnelle\/RAC_CadreGeneral_CadreTechnique_DocRef_f.pdf\" target=\"_blank\">\n\t\t\t\t\t\t\t\t<span class=\"qodef-iwt-title-text\">Cadre g\u00e9n\u00e9ral et cadre technique<\/span>\n\t\t\t\t\t\t\t\t\t<\/a>\n\t\t\t\t\t\t\t<\/h4>\n\t\t\t\t\t\t\t<p class=\"qodef-iwt-text\" >Reconnaissance des acquis et des comp\u00e9tences en formation professionnelle et technique<\/p>\n\t\t\t<\/div>\n<\/div>[vc_empty_space height=\u00a0\u00bb22px\u00a0\u00bb][\/vc_column_inner][vc_column_inner width=\u00a0\u00bb1\/2&Prime;]<div class=\"qodef-iwt clearfix  qodef-iwt-icon-top qodef-iwt-icon-medium\">\n\t<div class=\"qodef-iwt-icon\">\n\t\t\t\t\t<a itemprop=\"url\" href=\"http:\/\/rac.inforoutefpt.org\/analyse\/\" target=\"_blank\">\n\t\t\t\t\t\t\t\t\t    <span class=\"qodef-icon-shortcode qodef-normal   qodef-icon-medium\"  >\n                    <i class=\"qodef-icon-font-awesome fa fa-anchor qodef-icon-element\" style=\"\" ><\/i>            <\/span>\n\t\t\t\t\t\t\t\t<\/a>\n\t\t\t<\/div>\n\t<div class=\"qodef-iwt-content\" >\n\t\t\t\t\t<h4 class=\"qodef-iwt-title\" >\n\t\t\t\t\t\t\t\t\t<a itemprop=\"url\" href=\"http:\/\/rac.inforoutefpt.org\/analyse\/\" target=\"_blank\">\n\t\t\t\t\t\t\t\t<span class=\"qodef-iwt-title-text\">Banque d\u2019instrumentation<\/span>\n\t\t\t\t\t\t\t\t\t<\/a>\n\t\t\t\t\t\t\t<\/h4>\n\t\t\t\t\t\t\t<p class=\"qodef-iwt-text\" >Pour le personnel impliqu\u00e9 dans la reconnaissance des acquis et des comp\u00e9tences d\u00e9sirant acc\u00e9der \u00e0 la banque de mat\u00e9riel de leur \u00e9tablissement.<\/p>\n\t\t\t<\/div>\n<\/div>[vc_empty_space height=\u00a0\u00bb22px\u00a0\u00bb][\/vc_column_inner][\/vc_row_inner][vc_row_inner][vc_column_inner width=\u00a0\u00bb1\/2&Prime;]<div class=\"qodef-iwt clearfix  qodef-iwt-icon-top qodef-iwt-icon-medium\">\n\t<div class=\"qodef-iwt-icon\">\n\t\t\t\t\t<a itemprop=\"url\" href=\"https:\/\/www.inforoutefpt.org\/ministere_docs\/dossiers\/RAC-guide-instrumentation-edition-montage.pdf\" target=\"_blank\">\n\t\t\t\t\t\t\t\t\t    <span class=\"qodef-icon-shortcode qodef-normal   qodef-icon-medium\"  >\n                    <i class=\"qodef-icon-font-awesome fa fa-book qodef-icon-element\" style=\"\" ><\/i>            <\/span>\n\t\t\t\t\t\t\t\t<\/a>\n\t\t\t<\/div>\n\t<div class=\"qodef-iwt-content\" >\n\t\t\t\t\t<h4 class=\"qodef-iwt-title\" >\n\t\t\t\t\t\t\t\t\t<a itemprop=\"url\" href=\"https:\/\/www.inforoutefpt.org\/ministere_docs\/dossiers\/RAC-guide-instrumentation-edition-montage.pdf\" target=\"_blank\">\n\t\t\t\t\t\t\t\t<span class=\"qodef-iwt-title-text\">Guides d\u2019\u00e9laboration de l\u2019instrumentation<\/span>\n\t\t\t\t\t\t\t\t\t<\/a>\n\t\t\t\t\t\t\t<\/h4>\n\t\t\t\t\t\t\t<p class=\"qodef-iwt-text\" >Dans le cadre de l\u2019approche harmonis\u00e9e en reconnaissance des acquis et des comp\u00e9tences<\/p>\n\t\t\t<\/div>\n<\/div>[\/vc_column_inner][vc_column_inner width=\u00a0\u00bb1\/2&Prime;]<div class=\"qodef-iwt clearfix  qodef-iwt-icon-top qodef-iwt-icon-medium\">\n\t<div class=\"qodef-iwt-icon\">\n\t\t\t\t\t<a itemprop=\"url\" href=\"http:\/\/www.ceracfp.ca\" target=\"_blank\">\n\t\t\t\t\t\t\t\t\t    <span class=\"qodef-icon-shortcode qodef-normal   qodef-icon-medium\"  >\n                    <i class=\"qodef-icon-font-awesome fa fa-envira qodef-icon-element\" style=\"\" ><\/i>            <\/span>\n\t\t\t\t\t\t\t\t<\/a>\n\t\t\t<\/div>\n\t<div class=\"qodef-iwt-content\" >\n\t\t\t\t\t<h4 class=\"qodef-iwt-title\" >\n\t\t\t\t\t\t\t\t\t<a itemprop=\"url\" href=\"http:\/\/www.ceracfp.ca\" target=\"_blank\">\n\t\t\t\t\t\t\t\t<span class=\"qodef-iwt-title-text\">C\u00c9RACFP<\/span>\n\t\t\t\t\t\t\t\t\t<\/a>\n\t\t\t\t\t\t\t<\/h4>\n\t\t\t\t\t\t\t<p class=\"qodef-iwt-text\" >Reconnaissance des acquis et des comp\u00e9tences en formation professionnelle<\/p>\n\t\t\t<\/div>\n<\/div>[\/vc_column_inner][\/vc_row_inner][vc_empty_space height=\u00a0\u00bb50px\u00a0\u00bb][\/vc_column][vc_column width=\u00a0\u00bb1\/3&Prime;][\/vc_column][\/vc_row]<\/p>\n<\/section>","protected":false},"excerpt":{"rendered":"<p>[vc_row full_height=\u00a0\u00bbyes\u00a0\u00bb equal_height=\u00a0\u00bbyes\u00a0\u00bb css=\u00a0\u00bb.vc_custom_1557415091631{background-image: url(http:\/\/www.carrefourfp.ca\/fr\/wp-content\/uploads\/2017\/01\/casual-couch-european-1446263.jpg?id=7216) !important;background-position: center !important;background-repeat: no-repeat !important;background-size: cover !important;}\u00a0\u00bb][vc_column width=\u00a0\u00bb1\/3&Prime; css=\u00a0\u00bb.vc_custom_1557414596957{background-position: center !important;background-repeat: [&hellip;]<\/p>\n","protected":false},"author":1,"featured_media":0,"parent":0,"menu_order":0,"comment_status":"closed","ping_status":"closed","template":"full-width.php","meta":{"footnotes":"","_links_to":"","_links_to_target":""},"_links":{"self":[{"href":"https:\/\/www.carrefourfp.ca\/fr\/wp-json\/wp\/v2\/pages\/7403"}],"collection":[{"href":"https:\/\/www.carrefourfp.ca\/fr\/wp-json\/wp\/v2\/pages"}],"about":[{"href":"https:\/\/www.carrefourfp.ca\/fr\/wp-json\/wp\/v2\/types\/page"}],"author":[{"embeddable":true,"href":"https:\/\/www.carrefourfp.ca\/fr\/wp-json\/wp\/v2\/users\/1"}],"replies":[{"embeddable":true,"href":"https:\/\/www.carrefourfp.ca\/fr\/wp-json\/wp\/v2\/comments?post=7403"}],"version-history":[{"count":43,"href":"https:\/\/www.carrefourfp.ca\/fr\/wp-json\/wp\/v2\/pages\/7403\/revisions"}],"predecessor-version":[{"id":7688,"href":"https:\/\/www.carrefourfp.ca\/fr\/wp-json\/wp\/v2\/pages\/7403\/revisions\/7688"}],"wp:attachment":[{"href":"https:\/\/www.carrefourfp.ca\/fr\/wp-json\/wp\/v2\/media?parent=7403"}],"curies":[{"name":"wp","href":"https:\/\/api.w.org\/{rel}","templated":true}]}}