{"id":1896,"date":"2017-06-12T15:01:56","date_gmt":"2017-06-12T20:01:56","guid":{"rendered":"http:\/\/www.carrefourfga.ca\/?page_id=1896"},"modified":"2023-07-04T13:10:55","modified_gmt":"2023-07-04T18:10:55","slug":"calendrier-administratif","status":"publish","type":"page","link":"https:\/\/www.carrefourfp.ca\/fr\/calendrier-administratif\/","title":{"rendered":"Calendrier administratif des dates importantes en FP 2022-2023"},"content":{"rendered":"<section class=\"wpb-content-wrapper\"><p>[vc_row bk_type=\u00a0\u00bbverve_full_row\u00a0\u00bb el_class=\u00a0\u00bbpetit_texte\u00a0\u00bb custom_css=\u00a0\u00bbmargin:30px; padding-right:50px;\u00a0\u00bb css=\u00a0\u00bb.vc_custom_1556544163835{margin-top: 15px !important;}\u00a0\u00bb][vc_column width=\u00a0\u00bb1\/6&Prime;][vc_tta_accordion active_section=\u00a0\u00bb1&Prime; collapsible_all=\u00a0\u00bbtrue\u00a0\u00bb][vc_tta_section title=\u00a0\u00bbJuin 2022&Prime; tab_id=\u00a0\u00bb1538505026747-92be128c-3d2c\u00a0\u00bb][vc_column_text]<\/p>\n<table>\n<tbody>\n<tr>\n<td width=\"85\">1<sup>er<\/sup><\/td>\n<td width=\"479\">Date limite pour le d\u00e9p\u00f4t de demande d\u2019autorisation d\u2019offrir un programme d\u2019\u00e9tudes (cycle de juin 2022)<\/td>\n<\/tr>\n<tr>\n<td width=\"85\">30<\/td>\n<td width=\"479\">Date limite pour les Tables des directeurs g\u00e9n\u00e9raux (TDG) pour informer le minist\u00e8re de l\u2019\u00c9ducation (MEQ) de la planification de l\u2019utilisation des sommes octroy\u00e9es pour les AEP, comp\u00e9tences \u00e0 la carte, soutien au d\u00e9marrage de petites cohortes (volet 4 \u2013 mesure 15550) et des besoins suppl\u00e9mentaires ou des sommes exc\u00e9dentaires, le cas \u00e9ch\u00e9ant.<\/td>\n<\/tr>\n<\/tbody>\n<\/table>\n<p>[\/vc_column_text][\/vc_tta_section][\/vc_tta_accordion][vc_tta_accordion active_section=\u00a0\u00bb1&Prime; collapsible_all=\u00a0\u00bbtrue\u00a0\u00bb][vc_tta_section title=\u00a0\u00bbJuillet 2022&Prime; tab_id=\u00a0\u00bb1573833149165-f91ed067-733f\u00a0\u00bb][vc_column_text]<\/p>\n<table>\n<tbody>\n<tr>\n<td width=\"85\"><\/td>\n<td width=\"479\">Confirmation par le MEQ aux TDG, sous r\u00e9serve d\u2019approbation des R\u00e8gles budg\u00e9taires par le Conseil du tr\u00e9sor, des allocations r\u00e9gionales des enveloppes d\u00e9di\u00e9es aux AEP, comp\u00e9tences \u00e0 la carte et soutien au d\u00e9marrage de petites cohortes (volet 4 \u2013 mesure 15550).<\/td>\n<\/tr>\n<\/tbody>\n<\/table>\n<p>[\/vc_column_text][\/vc_tta_section][\/vc_tta_accordion][\/vc_column][vc_column width=\u00a0\u00bb1\/6&Prime;][vc_tta_accordion active_section=\u00a0\u00bb1&Prime; collapsible_all=\u00a0\u00bbtrue\u00a0\u00bb][vc_tta_section title=\u00a0\u00bbSeptembre 2022&Prime; tab_id=\u00a0\u00bb1573833215583-4929d37e-efcd\u00a0\u00bb][vc_column_text][\/vc_column_text][\/vc_tta_section][\/vc_tta_accordion][vc_tta_accordion active_section=\u00a0\u00bb1&Prime; collapsible_all=\u00a0\u00bbtrue\u00a0\u00bb][vc_tta_section title=\u00a0\u00bbOctobre 2022&Prime; tab_id=\u00a0\u00bb1539109672422-0a94875b-633f\u00a0\u00bb][vc_column_text]<\/p>\n<table>\n<tbody>\n<tr>\n<td width=\"85\"><\/td>\n<td width=\"479\">Date limite de d\u00e9p\u00f4t pour un projet Techno-FAD (mesure 15192 volet 1)<\/td>\n<\/tr>\n<tr>\n<td width=\"85\">18<\/td>\n<td width=\"479\">R\u00e9union du Comit\u00e9 national des programmes d\u2019\u00e9tudes professionnelles et techniques (CNPEPT)<\/td>\n<\/tr>\n<\/tbody>\n<\/table>\n<p>[\/vc_column_text][\/vc_tta_section][\/vc_tta_accordion][vc_single_image image=\u00a0\u00bb7534&Prime; img_size=\u00a0\u00bbfull\u00a0\u00bb][vc_empty_space height=\u00a0\u00bb22px\u00a0\u00bb][\/vc_column][vc_column width=\u00a0\u00bb1\/6&Prime;][vc_tta_accordion active_section=\u00a0\u00bb1&Prime; collapsible_all=\u00a0\u00bbtrue\u00a0\u00bb][vc_tta_section title=\u00a0\u00bbNovembre 2022&Prime; tab_id=\u00a0\u00bb1538502804653-411e9328-78ab\u00a0\u00bb][vc_column_text]<\/p>\n<table>\n<tbody>\n<tr>\n<td width=\"85\">4<\/td>\n<td width=\"479\"><a href=\"http:\/\/www.education.gouv.qc.ca\/dossiers-thematiques\/plan-daction-numerique\/formations\/journees-du-numerique-en-education\/\">Journ\u00e9e du num\u00e9rique en \u00e9ducation<\/a><\/td>\n<\/tr>\n<tr>\n<td width=\"85\">11<\/td>\n<td width=\"479\">Date limite de d\u00e9p\u00f4t pour un projet pilote de concomitance de la 3<sup>e<\/sup> secondaire et pour le parcours M\u00e9tier d\u2019avenir-\u00e9tudes d\u00e9butant \u00e0 l\u2019hiver de l\u2019ann\u00e9e scolaire 2022-2023 (mesures 13031 et 13032)<\/td>\n<\/tr>\n<tr>\n<td width=\"85\">11<\/td>\n<td width=\"479\"><a href=\"https:\/\/conseil-cpiq.qc.ca\/jpnfp-2022\/\">6<sup>e<\/sup> journ\u00e9e p\u00e9dagogique nationale en formation professionnelle<\/a><\/td>\n<\/tr>\n<\/tbody>\n<\/table>\n<p>[\/vc_column_text][\/vc_tta_section][\/vc_tta_accordion][vc_tta_accordion active_section=\u00a0\u00bb1&Prime; collapsible_all=\u00a0\u00bbtrue\u00a0\u00bb][vc_tta_section title=\u00a0\u00bbD\u00e9cembre 2022&Prime; tab_id=\u00a0\u00bb1539109674205-6d6beb9d-42bc\u00a0\u00bb][vc_column_text]<\/p>\n<table>\n<tbody>\n<tr>\n<td width=\"85\">1<sup>er<\/sup><\/td>\n<td width=\"479\">Date limite pour le d\u00e9p\u00f4t de demande d\u2019autorisation d\u2019offrir un programme d\u2019\u00e9tudes (cycle de d\u00e9cembre 2022).<\/td>\n<\/tr>\n<tr>\n<td width=\"85\">15<\/td>\n<td width=\"479\">R\u00e9union du Comit\u00e9 national des programmes d\u2019\u00e9tudes professionnelles et techniques (CNPEPT)<\/td>\n<\/tr>\n<\/tbody>\n<\/table>\n<p>[\/vc_column_text][\/vc_tta_section][\/vc_tta_accordion][\/vc_column][vc_column width=\u00a0\u00bb1\/6&Prime;][vc_tta_accordion active_section=\u00a0\u00bb1&Prime; collapsible_all=\u00a0\u00bbtrue\u00a0\u00bb][vc_tta_section title=\u00a0\u00bbJanvier 2023&Prime; tab_id=\u00a0\u00bb1538506032747-9f52a695-6beb\u00a0\u00bb][vc_column_text]<\/p>\n<table>\n<tbody>\n<tr>\n<td width=\"85\">27<\/td>\n<td width=\"479\">Date limite pour les TDG pour transmettre au MEQ le bilan des engagements pour chacune des enveloppes d\u00e9di\u00e9es aux AEP, comp\u00e9tences \u00e0 la carte et au soutien au d\u00e9marrage de petites cohortes (volet 4 \u2013 mesure 15550).<\/td>\n<\/tr>\n<tr>\n<td width=\"85\"><\/td>\n<td width=\"479\">Rencontre nationale SARCA-SEC (date \u00e0 confirmer)<\/td>\n<\/tr>\n<\/tbody>\n<\/table>\n<p>[\/vc_column_text][\/vc_tta_section][\/vc_tta_accordion][vc_tta_accordion active_section=\u00a0\u00bb1&Prime; collapsible_all=\u00a0\u00bbtrue\u00a0\u00bb][vc_tta_section title=\u00a0\u00bbMars 2023&Prime; tab_id=\u00a0\u00bb1538506220516-8744b941-77bc\u00a0\u00bb][vc_column_text]<\/p>\n<table>\n<tbody>\n<tr>\n<td width=\"85\">15<\/td>\n<td width=\"479\">R\u00e9union du Comit\u00e9 national des programmes d\u2019\u00e9tudes professionnelles et techniques (CNPEPT)<\/td>\n<\/tr>\n<\/tbody>\n<\/table>\n<p>[\/vc_column_text][\/vc_tta_section][\/vc_tta_accordion][vc_tta_accordion active_section=\u00a0\u00bb1&Prime; collapsible_all=\u00a0\u00bbtrue\u00a0\u00bb][vc_tta_section title=\u00a0\u00bbAvril 2023&Prime; tab_id=\u00a0\u00bb1538506258367-0855ea3b-42f4&Prime;][vc_column_text]<\/p>\n<table>\n<tbody>\n<tr>\n<td width=\"85\">14<\/td>\n<td width=\"479\">Date limite de d\u00e9p\u00f4t pour un projet pilote de concomitance de la 3<sup>e<\/sup> secondaire et pour le parcours M\u00e9tier d\u2019avenir-\u00e9tudes d\u00e9butant \u00e0 l\u2019automne 2023 (mesures 13031 et 13032)<\/td>\n<\/tr>\n<tr>\n<td width=\"85\">20 et 21<\/td>\n<td width=\"479\"><a href=\"http:\/\/www.aqaet.qc.ca\/\">Colloque 2023 de l\u2019Association qu\u00e9b\u00e9coise alternance \u00e9tudes-travail<\/a> (AQAET)<\/td>\n<\/tr>\n<\/tbody>\n<\/table>\n<p>[\/vc_column_text][\/vc_tta_section][\/vc_tta_accordion][\/vc_column][vc_column width=\u00a0\u00bb1\/6&Prime;][vc_tta_accordion active_section=\u00a0\u00bb1&Prime; collapsible_all=\u00a0\u00bbtrue\u00a0\u00bb][vc_tta_section title=\u00a0\u00bbMai 2023&Prime; tab_id=\u00a0\u00bb1538506312493-5a64195c-4ee4&Prime;][vc_column_text]<\/p>\n<table style=\"height: 193px;\" width=\"569\">\n<tbody>\n<tr>\n<td style=\"text-align: center;\" width=\"85\">17<\/td>\n<td width=\"479\">R\u00e9union du Comit\u00e9 national des programmes d\u2019\u00e9tudes professionnelles et techniques (CNPEPT)<\/td>\n<\/tr>\n<tr>\n<td width=\"85\"><\/td>\n<td width=\"479\">Confirmation par le MEQ aux TDG des ajustements aux allocations r\u00e9gionales des enveloppes d\u00e9di\u00e9es aux AEP, comp\u00e9tences \u00e0 la carte et soutien au d\u00e9marrage de petites cohortes (volet 4 \u2013 mesure 15550) pour l\u2019ann\u00e9e scolaire 2023-2024, le cas \u00e9ch\u00e9ant.<\/td>\n<\/tr>\n<\/tbody>\n<\/table>\n<p>[\/vc_column_text][\/vc_tta_section][\/vc_tta_accordion][vc_tta_accordion active_section=\u00a0\u00bb1&Prime; collapsible_all=\u00a0\u00bbtrue\u00a0\u00bb][vc_tta_section title=\u00a0\u00bbJuin 2023&Prime; tab_id=\u00a0\u00bb1539110169060-65d450fd-43f2&Prime;][vc_column_text]<\/p>\n<table>\n<tbody>\n<tr>\n<td style=\"text-align: center;\" width=\"85\">1<\/td>\n<td width=\"479\">Date limite pour le d\u00e9p\u00f4t d\u2019une demande d\u2019autorisation et de subvention d\u2019un projet en ATE (ann\u00e9e scolaire 2023-2024)<\/td>\n<\/tr>\n<tr>\n<td width=\"85\"><\/td>\n<td width=\"479\">Transmission au MEQ, par les TDG, de l\u2019utilisation envisag\u00e9e des sommes allou\u00e9es aux AEP, comp\u00e9tences \u00e0 la carte et soutien au d\u00e9marrage de petites cohortes (volet 4 \u2013 mesure 15550); ainsi que des besoins additionnels ou des sommes exc\u00e9dentaires pour la prochaine ann\u00e9e scolaire<\/td>\n<\/tr>\n<tr>\n<td width=\"85\">30<\/td>\n<td width=\"479\">Date limite pour la transmission au MEQ du formulaire de reddition de comptes dans le cadre des mesures\u00a0suivantes : 15550 \u2013 volet 3 \u2013 Soutien \u00e0 la mobilit\u00e9 des \u00e9l\u00e8ves en FP; 15192 \u2013 volet 2 \u2013 Projets novateurs; 15195 \u2013 volets 1 et 2 \u2013 Projets d\u2019apprentissage accru en milieu de travail (PAAMT).<\/td>\n<\/tr>\n<\/tbody>\n<\/table>\n<p>[\/vc_column_text][\/vc_tta_section][\/vc_tta_accordion][\/vc_column][vc_column width=\u00a0\u00bb1\/6&Prime;][vc_tta_accordion active_section=\u00a0\u00bb1&Prime; collapsible_all=\u00a0\u00bbtrue\u00a0\u00bb][vc_tta_section title=\u00a0\u00bbOctobre 2023&Prime; tab_id=\u00a0\u00bb1539109676551-4fa0477d-3a1f\u00a0\u00bb][vc_column_text]<\/p>\n<table>\n<tbody>\n<tr>\n<td style=\"text-align: center;\" width=\"85\">13<\/td>\n<td width=\"479\"><span class=\"ui-provider gp b c d e f g h i j k l m n o p q r s t u v w x y z ab ac ae af ag ah ai aj ak\" dir=\"ltr\">Date limite de d\u00e9p\u00f4t pour les appels de projets du sous-volet 1 <em>Investissement dans l&rsquo;\u00e9quipement de formation des m\u00e9tiers d\u00e9sign\u00e9s Sceau rouge<\/em> et du sous-volet 2 <em>Innovation dans l&rsquo;apprentissage des m\u00e9tiers d\u00e9sign\u00e9s Sceau rouge<\/em> <\/span><\/td>\n<\/tr>\n<\/tbody>\n<\/table>\n<table>\n<tbody>\n<tr>\n<td style=\"text-align: center;\" width=\"85\">27<\/td>\n<td width=\"479\"><span class=\"ui-provider gp b c d e f g h i j k l m n o p q r s t u v w x y z ab ac ae af ag ah ai aj ak\" dir=\"ltr\">Date limite de d\u00e9p\u00f4t pour un projet Novateur (mesure 15192 volet 2)<\/span><\/td>\n<\/tr>\n<\/tbody>\n<\/table>\n<p>[\/vc_column_text][\/vc_tta_section][\/vc_tta_accordion][vc_single_image image=\u00a0\u00bb7509&Prime; img_size=\u00a0\u00bbfull\u00a0\u00bb][\/vc_column][\/vc_row][vc_row][vc_column][vc_column_text]<\/p>\n<p>[\/vc_column_text][\/vc_column][\/vc_row][vc_row][vc_column][vc_column_text]<br \/>\n[\/vc_column_text][\/vc_column][\/vc_row][vc_row][vc_column][vc_column_text][\/vc_column_text][\/vc_column][\/vc_row][vc_row][vc_column width=\u00a0\u00bb1\/3&Prime;][\/vc_column][vc_column width=\u00a0\u00bb1\/3&Prime;][\/vc_column][vc_column width=\u00a0\u00bb1\/3&Prime;][\/vc_column][\/vc_row][vc_row][vc_column][vc_column_text]<\/p>\n<p>[\/vc_column_text][\/vc_column][\/vc_row]<\/p>\n<\/section>","protected":false},"excerpt":{"rendered":"<p>[vc_row bk_type=\u00a0\u00bbverve_full_row\u00a0\u00bb el_class=\u00a0\u00bbpetit_texte\u00a0\u00bb custom_css=\u00a0\u00bbmargin:30px; padding-right:50px;\u00a0\u00bb css=\u00a0\u00bb.vc_custom_1556544163835{margin-top: 15px !important;}\u00a0\u00bb][vc_column width=\u00a0\u00bb1\/6&Prime;][vc_tta_accordion active_section=\u00a0\u00bb1&Prime; collapsible_all=\u00a0\u00bbtrue\u00a0\u00bb][vc_tta_section title=\u00a0\u00bbJuin 2022&Prime; tab_id=\u00a0\u00bb1538505026747-92be128c-3d2c\u00a0\u00bb][vc_column_text] 1er Date [&hellip;]<\/p>\n","protected":false},"author":1,"featured_media":0,"parent":0,"menu_order":0,"comment_status":"closed","ping_status":"closed","template":"full-width.php","meta":{"footnotes":"","_links_to":"","_links_to_target":""},"_links":{"self":[{"href":"https:\/\/www.carrefourfp.ca\/fr\/wp-json\/wp\/v2\/pages\/1896"}],"collection":[{"href":"https:\/\/www.carrefourfp.ca\/fr\/wp-json\/wp\/v2\/pages"}],"about":[{"href":"https:\/\/www.carrefourfp.ca\/fr\/wp-json\/wp\/v2\/types\/page"}],"author":[{"embeddable":true,"href":"https:\/\/www.carrefourfp.ca\/fr\/wp-json\/wp\/v2\/users\/1"}],"replies":[{"embeddable":true,"href":"https:\/\/www.carrefourfp.ca\/fr\/wp-json\/wp\/v2\/comments?post=1896"}],"version-history":[{"count":61,"href":"https:\/\/www.carrefourfp.ca\/fr\/wp-json\/wp\/v2\/pages\/1896\/revisions"}],"predecessor-version":[{"id":6192,"href":"https:\/\/www.carrefourfp.ca\/fr\/wp-json\/wp\/v2\/pages\/1896\/revisions\/6192"}],"wp:attachment":[{"href":"https:\/\/www.carrefourfp.ca\/fr\/wp-json\/wp\/v2\/media?parent=1896"}],"curies":[{"name":"wp","href":"https:\/\/api.w.org\/{rel}","templated":true}]}}