{"id":8032,"date":"2020-02-24T10:14:56","date_gmt":"2020-02-24T15:14:56","guid":{"rendered":"http:\/\/www.carrefourfp.ca\/en\/?page_id=8032"},"modified":"2020-03-12T10:04:52","modified_gmt":"2020-03-12T15:04:52","slug":"vitrinefp","status":"publish","type":"page","link":"https:\/\/www.carrefourfp.ca\/en\/vitrinefp\/","title":{"rendered":"VT Showcase"},"content":{"rendered":"<section class=\"wpb-content-wrapper\"><p>[vc_row full_height=\u00a0\u00bbyes\u00a0\u00bb equal_height=\u00a0\u00bbyes\u00a0\u00bb css=\u00a0\u00bb.vc_custom_1582558856203{background-image: url(http:\/\/www.carrefourfp.ca\/en\/wp-content\/uploads\/2019\/11\/architectural-design-architecture-building-city-439414.jpg?id=7653) !important;background-position: center !important;background-repeat: no-repeat !important;background-size: cover !important;}\u00a0\u00bb][vc_column css=\u00a0\u00bb.vc_custom_1582316468408{margin-right: 30px !important;margin-left: 30px !important;background-position: center !important;background-repeat: no-repeat !important;background-size: cover !important;}\u00a0\u00bb][vc_row_inner equal_height=\u00a0\u00bbyes\u00a0\u00bb content_placement=\u00a0\u00bbmiddle\u00a0\u00bb][vc_column_inner width=\u00a0\u00bb1\/4&Prime; css=\u00a0\u00bb.vc_custom_1582557580429{background-color: rgba(0,0,0,0.75) !important;*background-color: rgb(0,0,0) !important;}\u00a0\u00bb][vc_column_text css=\u00a0\u00bb.vc_custom_1584025177067{margin-right: 25px !important;margin-left: 25px !important;}\u00a0\u00bb]<\/p>\n<h2 style=\"text-align: center;\"><span style=\"color: #4d79b7; letter-spacing: 3px; font-size: 155% !important;\">VT <\/span><span style=\"color: #ffffff; letter-spacing: 6px !important;\">Showcase<\/span><\/h2>\n<p>[\/vc_column_text][vc_empty_space height=\u00a0\u00bb22px\u00a0\u00bb][vc_column_text]<\/p>\n<h4><span style=\"color: #ffffff;\">Events<\/span><\/h4>\n<p>[\/vc_column_text][vc_empty_space height=\u00a0\u00bb12px\u00a0\u00bb]<div class=\"qodef-news-holder qodef-layout6 qodef-news-skin-light qodef-news-columns-1 qodef-tiny-space\"  data-post-status=\"publish\" data-ignore-sticky-posts=\"1\" data-posts-per-page=\"5\" data-paged=\"1\" data-max-num-pages=\"8\" data-next-page=\"2\" data-title-tag=\"h4\" data-image-size=\"custom\" data-custom-image-width=\"122px\" data-custom-image-height=\"82px\" data-display-date=\"no\" data-date-format=\"difference\" data-layout=\"qodef_layout6\"><div class=\"qodef-news-list-inner qodef-outer-space\" data-number-of-items=\"1\"   data-slider-speed=\"5000\" data-slider-speed-animation=\"600\"  ><div class=\"qodef-news-item qodef-layout6-item qodef-item-space\">\n\t<div class=\"qodef-ni-item-inner\">\n\t\t<div class=\"qodef-ni-image-holder\">\n\t\t\t\t<div class=\"qodef-post-image\">\n\t\t<a itemprop=\"url\" href=\"http:\/\/www.carrefourfp.ca\/en\/rencontres-via\/\" title=\"VIA Meetings\">\n\t\t\t<span class=\"qodef-post-image-overlay\"><\/span>\n\t\t\t<img src=\"https:\/\/www.carrefourfp.ca\/en\/wp-content\/uploads\/2019\/05\/man-and-woman-working-P3N6QD3-e1582573538794-122x82.jpg\" alt=\"\" width=\"122\" height=\"82\" \/>\t\t<\/a>\n\t<\/div>\n\t\t<\/div>\n\t\t<div class=\"qodef-ni-content\">\n\t\t\t<div class=\"qodef-ni-info qodef-ni-info-top\">\n\t\t\t\t\t\t\t<\/div>\n\t\t\t\n<h4 itemprop=\"name\" class=\"entry-title qodef-post-title\">\n\t<a itemprop=\"url\" href=\"http:\/\/www.carrefourfp.ca\/en\/rencontres-via\/\" title=\"VIA Meetings\">\n\t\tVIA Meetings\t<\/a>\n<\/h4>\t\t<\/div>\n\t<\/div>\n<\/div><div class=\"qodef-news-item qodef-layout6-item qodef-item-space\">\n\t<div class=\"qodef-ni-item-inner\">\n\t\t<div class=\"qodef-ni-image-holder\">\n\t\t\t\t<div class=\"qodef-post-image\">\n\t\t<a itemprop=\"url\" href=\"https:\/\/congres.aqcs.ca\/\" title=\"Congr\u00e8s de l&rsquo;AQCS 11-13 mars 2020\">\n\t\t\t<span class=\"qodef-post-image-overlay\"><\/span>\n\t\t\t<img src=\"https:\/\/www.carrefourfp.ca\/en\/wp-content\/uploads\/2019\/11\/adult1574678-122x82.jpg\" alt=\"\" width=\"122\" height=\"82\" \/>\t\t<\/a>\n\t<\/div>\n\t\t<\/div>\n\t\t<div class=\"qodef-ni-content\">\n\t\t\t<div class=\"qodef-ni-info qodef-ni-info-top\">\n\t\t\t\t\t\t\t<\/div>\n\t\t\t\n<h4 itemprop=\"name\" class=\"entry-title qodef-post-title\">\n\t<a itemprop=\"url\" href=\"https:\/\/congres.aqcs.ca\/\" title=\"Congr\u00e8s de l&rsquo;AQCS 11-13 mars 2020\">\n\t\tCongr\u00e8s de l&rsquo;AQCS <br>11-13 mars 2020\t<\/a>\n<\/h4>\t\t<\/div>\n\t<\/div>\n<\/div><div class=\"qodef-news-item qodef-layout6-item qodef-item-space\">\n\t<div class=\"qodef-ni-item-inner\">\n\t\t<div class=\"qodef-ni-image-holder\">\n\t\t\t\t<div class=\"qodef-post-image\">\n\t\t<a itemprop=\"url\" href=\"https:\/\/www.cccpfpt.qc.ca\/\" title=\"Colloque 2020 de la CCCPFPT &#8211; 19 et 20 mars 2020\">\n\t\t\t<span class=\"qodef-post-image-overlay\"><\/span>\n\t\t\t<img src=\"https:\/\/www.carrefourfp.ca\/en\/wp-content\/uploads\/2020\/03\/top-view-photo-of-people-near-wooden-table-3183150-e1583175347895-122x82.jpg\" alt=\"\" width=\"122\" height=\"82\" \/>\t\t<\/a>\n\t<\/div>\n\t\t<\/div>\n\t\t<div class=\"qodef-ni-content\">\n\t\t\t<div class=\"qodef-ni-info qodef-ni-info-top\">\n\t\t\t\t\t\t\t<\/div>\n\t\t\t\n<h4 itemprop=\"name\" class=\"entry-title qodef-post-title\">\n\t<a itemprop=\"url\" href=\"https:\/\/www.cccpfpt.qc.ca\/\" title=\"Colloque 2020 de la CCCPFPT &#8211; 19 et 20 mars 2020\">\n\t\tColloque 2020 de la CCCPFPT &#8211; 19 et 20 mars 2020\t<\/a>\n<\/h4>\t\t<\/div>\n\t<\/div>\n<\/div><div class=\"qodef-news-item qodef-layout6-item qodef-item-space\">\n\t<div class=\"qodef-ni-item-inner\">\n\t\t<div class=\"qodef-ni-image-holder\">\n\t\t\t\t<div class=\"qodef-post-image\">\n\t\t<a itemprop=\"url\" href=\"http:\/\/www.aqaet.qc.ca\/colloque-2020.html\" title=\"Colloque de l&rsquo;AQAET 23-24 avril 2020\">\n\t\t\t<span class=\"qodef-post-image-overlay\"><\/span>\n\t\t\t<img src=\"https:\/\/www.carrefourfp.ca\/en\/wp-content\/uploads\/2019\/04\/pexels-photo-459653-122x82.jpeg\" alt=\"\" width=\"122\" height=\"82\" \/>\t\t<\/a>\n\t<\/div>\n\t\t<\/div>\n\t\t<div class=\"qodef-ni-content\">\n\t\t\t<div class=\"qodef-ni-info qodef-ni-info-top\">\n\t\t\t\t\t\t\t<\/div>\n\t\t\t\n<h4 itemprop=\"name\" class=\"entry-title qodef-post-title\">\n\t<a itemprop=\"url\" href=\"http:\/\/www.aqaet.qc.ca\/colloque-2020.html\" title=\"Colloque de l&rsquo;AQAET 23-24 avril 2020\">\n\t\tColloque de l&rsquo;AQAET <br>23-24 avril 2020\t<\/a>\n<\/h4>\t\t<\/div>\n\t<\/div>\n<\/div><div class=\"qodef-news-item qodef-layout6-item qodef-item-space\">\n\t<div class=\"qodef-ni-item-inner\">\n\t\t<div class=\"qodef-ni-image-holder\">\n\t\t\t\t<div class=\"qodef-post-image\">\n\t\t<a itemprop=\"url\" href=\"https:\/\/www.treaq.ca\/colloque\/colloque-2020\/\" title=\"Colloque de la TR\u00c9AQ 28-29 mai 2020\">\n\t\t\t<span class=\"qodef-post-image-overlay\"><\/span>\n\t\t\t<img src=\"https:\/\/www.carrefourfp.ca\/en\/wp-content\/uploads\/2019\/11\/mikael-kristenson-242070-unsplash-e1582573493124-122x82.jpg\" alt=\"\" width=\"122\" height=\"82\" \/>\t\t<\/a>\n\t<\/div>\n\t\t<\/div>\n\t\t<div class=\"qodef-ni-content\">\n\t\t\t<div class=\"qodef-ni-info qodef-ni-info-top\">\n\t\t\t\t\t\t\t<\/div>\n\t\t\t\n<h4 itemprop=\"name\" class=\"entry-title qodef-post-title\">\n\t<a itemprop=\"url\" href=\"https:\/\/www.treaq.ca\/colloque\/colloque-2020\/\" title=\"Colloque de la TR\u00c9AQ 28-29 mai 2020\">\n\t\tColloque de la TR\u00c9AQ <br>28-29 mai 2020\t<\/a>\n<\/h4>\t\t<\/div>\n\t<\/div>\n<\/div><\/div><\/div>[vc_empty_space height=\u00a0\u00bb52px\u00a0\u00bb][\/vc_column_inner][vc_column_inner width=\u00a0\u00bb1\/4&Prime; css=\u00a0\u00bb.vc_custom_1582558881372{padding-right: 15px !important;padding-left: 15px !important;background-color: rgba(255,255,255,0.93) !important;*background-color: rgb(255,255,255) !important;}\u00a0\u00bb][vc_empty_space height=\u00a0\u00bb12px\u00a0\u00bb]<div class=\"qodef-news-holder qodef-layout6 qodef-news-columns-1 qodef-tiny-space\"  data-post-status=\"publish\" data-category-name=\"promotion-et-valorisation\" data-ignore-sticky-posts=\"1\" data-posts-per-page=\"5\" data-paged=\"1\" data-max-num-pages=\"1\" data-next-page=\"2\" data-title-tag=\"h5\" data-image-size=\"custom\" data-custom-image-width=\"85px\" data-custom-image-height=\"116px\" data-display-date=\"no\" data-date-format=\"difference\" data-layout=\"qodef_layout6\"><div class=\"qodef-news-list-title-holder\"><h5 class=\"qodef-news-layout-title\">Promotion and Valuation<\/h5><\/div><div class=\"qodef-news-list-inner qodef-outer-space\" data-number-of-items=\"1\"   data-slider-speed=\"5000\" data-slider-speed-animation=\"600\"  ><div class=\"qodef-news-item qodef-layout6-item qodef-item-space\">\n\t<div class=\"qodef-ni-item-inner\">\n\t\t<div class=\"qodef-ni-image-holder\">\n\t\t\t\t<div class=\"qodef-post-image\">\n\t\t<a itemprop=\"url\" href=\"https:\/\/www.treaq.ca\/categories\/pratiques-inspirantes\/\" title=\"Pratiques inspirantes (TR\u00c9AQ)\">\n\t\t\t<span class=\"qodef-post-image-overlay\"><\/span>\n\t\t\t<img src=\"https:\/\/www.carrefourfp.ca\/en\/wp-content\/uploads\/2019\/11\/banner-pratiques-inspirantes-85x116.jpg\" alt=\"\" width=\"85\" height=\"116\" \/>\t\t<\/a>\n\t<\/div>\n\t\t<\/div>\n\t\t<div class=\"qodef-ni-content\">\n\t\t\t<div class=\"qodef-ni-info qodef-ni-info-top\">\n\t\t\t\t\t\t\t<\/div>\n\t\t\t\n<h5 itemprop=\"name\" class=\"entry-title qodef-post-title\">\n\t<a itemprop=\"url\" href=\"https:\/\/www.treaq.ca\/categories\/pratiques-inspirantes\/\" title=\"Pratiques inspirantes (TR\u00c9AQ)\">\n\t\tPratiques inspirantes (TR\u00c9AQ)\t<\/a>\n<\/h5>\t\t<\/div>\n\t<\/div>\n<\/div><div class=\"qodef-news-item qodef-layout6-item qodef-item-space\">\n\t<div class=\"qodef-ni-item-inner\">\n\t\t<div class=\"qodef-ni-image-holder\">\n\t\t\t\t<div class=\"qodef-post-image\">\n\t\t<a itemprop=\"url\" href=\"http:\/\/www.emploiquebec.gouv.qc.ca\/emploi-davenir\/top54\/index.html\" title=\"Campagne de promotion et de valorisation des m\u00e9tiers d\u2019avenir\">\n\t\t\t<span class=\"qodef-post-image-overlay\"><\/span>\n\t\t\t<img src=\"https:\/\/www.carrefourfp.ca\/en\/wp-content\/uploads\/2019\/11\/banniere_accueil_v2-85x116.jpg\" alt=\"\" width=\"85\" height=\"116\" \/>\t\t<\/a>\n\t<\/div>\n\t\t<\/div>\n\t\t<div class=\"qodef-ni-content\">\n\t\t\t<div class=\"qodef-ni-info qodef-ni-info-top\">\n\t\t\t\t\t\t\t<\/div>\n\t\t\t\n<h5 itemprop=\"name\" class=\"entry-title qodef-post-title\">\n\t<a itemprop=\"url\" href=\"http:\/\/www.emploiquebec.gouv.qc.ca\/emploi-davenir\/top54\/index.html\" title=\"Campagne de promotion et de valorisation des m\u00e9tiers d\u2019avenir\">\n\t\tCampagne de promotion <br>et de valorisation des m\u00e9tiers d\u2019avenir\t<\/a>\n<\/h5>\t\t<\/div>\n\t<\/div>\n<\/div><div class=\"qodef-news-item qodef-layout6-item qodef-item-space\">\n\t<div class=\"qodef-ni-item-inner\">\n\t\t<div class=\"qodef-ni-image-holder\">\n\t\t\t\t<div class=\"qodef-post-image\">\n\t\t<a itemprop=\"url\" href=\"http:\/\/www.education.gouv.qc.ca\/references\/concours-prix-et-distinctions\/chapeau-les-filles-et-son-volet-excelle-science\/\" title=\"Hats Off to You\">\n\t\t\t<span class=\"qodef-post-image-overlay\"><\/span>\n\t\t\t<img src=\"https:\/\/www.carrefourfp.ca\/en\/wp-content\/uploads\/2019\/11\/adult-business-career-clean-209234-85x116.jpg\" alt=\"\" width=\"85\" height=\"116\" \/>\t\t<\/a>\n\t<\/div>\n\t\t<\/div>\n\t\t<div class=\"qodef-ni-content\">\n\t\t\t<div class=\"qodef-ni-info qodef-ni-info-top\">\n\t\t\t\t\t\t\t<\/div>\n\t\t\t\n<h5 itemprop=\"name\" class=\"entry-title qodef-post-title\">\n\t<a itemprop=\"url\" href=\"http:\/\/www.education.gouv.qc.ca\/references\/concours-prix-et-distinctions\/chapeau-les-filles-et-son-volet-excelle-science\/\" title=\"Hats Off to You\">\n\t\tHats Off to You\t<\/a>\n<\/h5>\t\t<\/div>\n\t<\/div>\n<\/div><div class=\"qodef-news-item qodef-layout6-item qodef-item-space\">\n\t<div class=\"qodef-ni-item-inner\">\n\t\t<div class=\"qodef-ni-image-holder\">\n\t\t\t\t<div class=\"qodef-post-image\">\n\t\t<a itemprop=\"url\" href=\"http:\/\/www.academos.qc.ca\/\" title=\"Academos cybermentorat\">\n\t\t\t<span class=\"qodef-post-image-overlay\"><\/span>\n\t\t\t<img src=\"https:\/\/www.carrefourfp.ca\/en\/wp-content\/uploads\/2019\/11\/accueil_banniere_degrade-85x116.jpg\" alt=\"\" width=\"85\" height=\"116\" \/>\t\t<\/a>\n\t<\/div>\n\t\t<\/div>\n\t\t<div class=\"qodef-ni-content\">\n\t\t\t<div class=\"qodef-ni-info qodef-ni-info-top\">\n\t\t\t\t\t\t\t<\/div>\n\t\t\t\n<h5 itemprop=\"name\" class=\"entry-title qodef-post-title\">\n\t<a itemprop=\"url\" href=\"http:\/\/www.academos.qc.ca\/\" title=\"Academos cybermentorat\">\n\t\tAcademos cybermentorat\t<\/a>\n<\/h5>\t\t<\/div>\n\t<\/div>\n<\/div><\/div><\/div>[vc_empty_space height=\u00a0\u00bb52px\u00a0\u00bb][\/vc_column_inner][vc_column_inner width=\u00a0\u00bb1\/4&Prime; css=\u00a0\u00bb.vc_custom_1582558190389{background-color: rgba(178,178,178,0.95) !important;*background-color: rgb(178,178,178) !important;}\u00a0\u00bb][vc_empty_space height=\u00a0\u00bb12px\u00a0\u00bb][vc_column_text]<\/p>\n<h4><span style=\"color: #ffffff;\">Useful Links<\/span><\/h4>\n<p>[\/vc_column_text][vc_empty_space height=\u00a0\u00bb12px\u00a0\u00bb][vc_column_text]<\/p>\n<h5><strong>EN LIEN AVEC LA FP<\/strong><\/h5>\n<hr align=\"left\" \/>\n<ul>\n<li><strong><a title=\"Association qu\u00e9b\u00e9coise alternance \u00e9tudes-travail\" href=\"http:\/\/www.aqaet.qc.ca\/\" target=\"_blank\" rel=\"noopener noreferrer\">AQAET<\/a><\/strong><\/li>\n<li><strong><a title=\"Centres d'expertise en reconnaissance des acquis et des comp\u00e9tences\" href=\"http:\/\/www.ceracfp.ca\/fr\/quest-ce-que-la-rac\" target=\"_blank\" rel=\"noopener noreferrer\">CERACFP<\/a><\/strong><\/li>\n<li><strong><a title=\"Commission des partenaires du march\u00e9 du travail\" href=\"https:\/\/www.cpmt.gouv.qc.ca\/\" target=\"_blank\" rel=\"noopener noreferrer\">CPMT<\/a><\/strong><\/li>\n<li><strong><a title=\"Comit\u00e9 sectoriel de main-d\u2019\u0153uvre\" href=\"https:\/\/www.cpmt.gouv.qc.ca\/reseau-des-partenaires\/comites-sectoriels.asp\" target=\"_blank\" rel=\"noopener noreferrer\">CSMO<\/a><\/strong><\/li>\n<li><strong><a title=\"Formation Qu\u00e9bec en r\u00e9seau\" href=\"https:\/\/www.quebecenreseau.ca\/\" target=\"_blank\" rel=\"noopener noreferrer\">FQR<\/a><\/strong><\/li>\n<li><strong><a title=\"Frais exig\u00e9s des parents et des \u00e9l\u00e8ves en formation professionnelle \u2013 Quelques balises\" href=\"http:\/\/www.education.gouv.qc.ca\/references\/tx-solrtyperecherchepublicationtx-solrpublicationnouveaute\/resultats-de-la-recherche\/detail\/article\/frais-exiges-des-parents-et-des-eleves-en-formation-professionnelle-quelques-balises\/\" target=\"_blank\" rel=\"noopener noreferrer\">Frais exig\u00e9s<\/a><\/strong><\/li>\n<li><strong><a title=\"\" href=\"https:\/\/www.inforoutefpt.org\/\" target=\"_blank\" rel=\"noopener noreferrer\">Inforoute FPT<\/a><\/strong><\/li>\n<li><strong><a title=\"Reconnaissance des acquis et des comp\u00e9tences\" href=\"https:\/\/www.ceracfp.ca\/fr\/authentification\" target=\"_blank\" rel=\"noopener noreferrer\">Info-RAC<\/a><\/strong><\/li>\n<li><strong><a title=\"\" href=\"http:\/\/www1.education.gouv.qc.ca\/ais\/\" target=\"_blank\" rel=\"noopener noreferrer\">Info-sanction<\/a><\/strong><\/li>\n<li><strong><a title=\"Minist\u00e8re de l\u2019\u00c9ducation et de l\u2019Enseignement sup\u00e9rieur\" href=\"http:\/\/www.education.gouv.qc.ca\/accueil\/\" target=\"_blank\" rel=\"noopener noreferrer\">MEES<\/a><\/strong><\/li>\n<li><strong><a title=\"R\u00e9seau pour le d\u00e9veloppement des comp\u00e9tences par l\u2019int\u00e9gration des technologies en formation professionnelle et formation \u00e0 distance\" href=\"http:\/\/recitfp.qc.ca\/\" target=\"_blank\" rel=\"noopener noreferrer\">R\u00c9CIT FP et FAD<\/a><\/strong><\/li>\n<li><strong><a title=\"Table des responsables de l\u2019\u00e9ducation des adultes du Qu\u00e9bec\" href=\"https:\/\/www.treaq.ca\/\" target=\"_blank\" rel=\"noopener noreferrer\">TREAQ<\/a><\/strong><\/li>\n<\/ul>\n<h5><strong>SYST\u00c8MES<\/strong><\/h5>\n<hr align=\"left\" \/>\n<ul>\n<li><strong><a title=\"Gestion des donn\u00e9es d'identification de l'\u00e9l\u00e8ve\" href=\"http:\/\/www1.education.gouv.qc.ca\/doc_adm\/ariane\/index.html\" target=\"_blank\" rel=\"noopener noreferrer\">Ariane<\/a><\/strong><\/li>\n<li><strong><a title=\"\" href=\"https:\/\/prod.education.gouv.qc.ca\/secaploginj\/gsalogin.do?codeApplication=CHA&amp;URL_RETOUR=https:\/\/prod.mels.gouv.qc.ca:443\/charlemagnej\/authentification.do?methode=authentification\" target=\"_blank\" rel=\"noopener noreferrer\">Charlemagne<\/a><\/strong><\/li>\n<li><strong><a title=\"\" href=\"https:\/\/formulaires.education.gouv.qc.ca\/collecteinfo\/app\/aide:aide-utilisateurs\/fr\/a\/login\" target=\"_blank\" rel=\"noopener noreferrer\">CollecteInfo<\/a><\/strong><\/li>\n<li><strong><a title=\"Gestion des donn\u00e9es uniques des organismes\" href=\"http:\/\/www.education.gouv.qc.ca\/etablissements-scolaires-publics-et-prives\/administration\/ecoles-privees\/gestion-des-donnees-uniques-des-organismes-systeme-gduno\/\" target=\"_blank\" rel=\"noopener noreferrer\">GDUNO<\/a><\/strong><\/li>\n<\/ul>\n<p>[\/vc_column_text][vc_empty_space height=\u00a0\u00bb52px\u00a0\u00bb][\/vc_column_inner][vc_column_inner width=\u00a0\u00bb1\/4&Prime;][\/vc_column_inner][\/vc_row_inner][vc_row_inner][vc_column_inner][vc_empty_space height=\u00a0\u00bb52px\u00a0\u00bb][\/vc_column_inner][\/vc_row_inner][\/vc_column][\/vc_row]<\/p>\n<\/section>","protected":false},"excerpt":{"rendered":"<p>[vc_row full_height=\u00a0\u00bbyes\u00a0\u00bb equal_height=\u00a0\u00bbyes\u00a0\u00bb css=\u00a0\u00bb.vc_custom_1582558856203{background-image: url(http:\/\/www.carrefourfp.ca\/en\/wp-content\/uploads\/2019\/11\/architectural-design-architecture-building-city-439414.jpg?id=7653) !important;background-position: center !important;background-repeat: no-repeat !important;background-size: cover !important;}\u00a0\u00bb][vc_column css=\u00a0\u00bb.vc_custom_1582316468408{margin-right: 30px !important;margin-left: 30px [&hellip;]<\/p>\n","protected":false},"author":1,"featured_media":0,"parent":0,"menu_order":0,"comment_status":"closed","ping_status":"closed","template":"full-width.php","meta":{"footnotes":"","_links_to":"","_links_to_target":""},"_links":{"self":[{"href":"https:\/\/www.carrefourfp.ca\/en\/wp-json\/wp\/v2\/pages\/8032"}],"collection":[{"href":"https:\/\/www.carrefourfp.ca\/en\/wp-json\/wp\/v2\/pages"}],"about":[{"href":"https:\/\/www.carrefourfp.ca\/en\/wp-json\/wp\/v2\/types\/page"}],"author":[{"embeddable":true,"href":"https:\/\/www.carrefourfp.ca\/en\/wp-json\/wp\/v2\/users\/1"}],"replies":[{"embeddable":true,"href":"https:\/\/www.carrefourfp.ca\/en\/wp-json\/wp\/v2\/comments?post=8032"}],"version-history":[{"count":17,"href":"https:\/\/www.carrefourfp.ca\/en\/wp-json\/wp\/v2\/pages\/8032\/revisions"}],"predecessor-version":[{"id":8098,"href":"https:\/\/www.carrefourfp.ca\/en\/wp-json\/wp\/v2\/pages\/8032\/revisions\/8098"}],"wp:attachment":[{"href":"https:\/\/www.carrefourfp.ca\/en\/wp-json\/wp\/v2\/media?parent=8032"}],"curies":[{"name":"wp","href":"https:\/\/api.w.org\/{rel}","templated":true}]}}