{"id":7768,"date":"2019-11-20T16:54:47","date_gmt":"2019-11-20T21:54:47","guid":{"rendered":"http:\/\/www.carrefourfp.ca\/en\/?page_id=7768"},"modified":"2020-03-11T15:03:31","modified_gmt":"2020-03-11T20:03:31","slug":"soutien-aux-eleves","status":"publish","type":"page","link":"https:\/\/www.carrefourfp.ca\/en\/soutien-aux-eleves\/","title":{"rendered":"SUPPORT FOR STUDENTS"},"content":{"rendered":"<section class=\"wpb-content-wrapper\"><p>[vc_row full_height=\u00a0\u00bbyes\u00a0\u00bb equal_height=\u00a0\u00bbyes\u00a0\u00bb css=\u00a0\u00bb.vc_custom_1574280946404{background-image: url(http:\/\/www.carrefourfp.ca\/en\/wp-content\/uploads\/2019\/11\/bigstock-Hand-Of-Businessman-In-White-S-328435381-1.jpg?id=7769) !important;background-position: center !important;background-repeat: no-repeat !important;background-size: cover !important;}\u00a0\u00bb][vc_column width=\u00a0\u00bb1\/3&Prime; css=\u00a0\u00bb.vc_custom_1582318348195{background-color: rgba(255,255,255,0.8) !important;*background-color: rgb(255,255,255) !important;}\u00a0\u00bb][vc_row_inner css=\u00a0\u00bb.vc_custom_1574267009113{padding-right: 50px !important;padding-left: 50px !important;}\u00a0\u00bb][vc_column_inner][vc_empty_space height=\u00a0\u00bb55px\u00a0\u00bb][vc_column_text]<\/p>\n<p style=\"text-align: left;\"><span style=\"font-size: 46px; line-height: 46px; letter-spacing: 1px; color: #000000;\">SUPPORT <\/span> <span style=\"color: #f96b23; font-size: 42px; letter-spacing: 1px; line-height: 42px;\">FOR STUDENTS<\/span><\/p>\n<p>[\/vc_column_text][vc_empty_space height=\u00a0\u00bb43px\u00a0\u00bb]<div class=\"qodef-iwt clearfix btexte qodef-iwt-icon-left qodef-iwt-icon-tiny\">\n\t<div class=\"qodef-iwt-icon\">\n\t\t\t\t\t\t\t\t\t    <span class=\"qodef-icon-shortcode qodef-normal   qodef-icon-tiny\"  data-hover-color=\"#8224e3\" data-color=\"#000000\">\n                    <i class=\"qodef-icon-font-awesome fa fa-anchor qodef-icon-element\" style=\"color: #000000\" ><\/i>            <\/span>\n\t\t\t\t\t\t<\/div>\n\t<div class=\"qodef-iwt-content\" >\n\t\t\t\t\t<h3 class=\"qodef-iwt-title\" style=\"color: #000000\">\n\t\t\t\t\t\t\t\t<span class=\"qodef-iwt-title-text\">Complementary educational services<\/span>\n\t\t\t\t\t\t\t<\/h3>\n\t\t\t\t\t<\/div>\n<\/div>[vc_empty_space height=\u00a0\u00bb20px\u00a0\u00bb]<div class=\"qodef-iwt clearfix btexte2 qodef-iwt-icon-left qodef-iwt-icon-tiny\">\n\t<div class=\"qodef-iwt-icon\">\n\t\t\t\t\t<a itemprop=\"url\" href=\"http:\/\/accompagnementfga.ca\/SCFGAFP\/\" target=\"_blank\">\n\t\t\t\t\t\t\t\t\t    <span class=\"qodef-icon-shortcode qodef-normal   qodef-icon-tiny\"  data-hover-color=\"#8224e3\" data-color=\"#ffffff\">\n                    <i class=\"qodef-icon-font-awesome fa  qodef-icon-element\" style=\"color: #ffffff\" ><\/i>            <\/span>\n\t\t\t\t\t\t\t\t<\/a>\n\t\t\t<\/div>\n\t<div class=\"qodef-iwt-content\" >\n\t\t\t\t\t<h4 class=\"qodef-iwt-title\" style=\"color: #1e76fb\">\n\t\t\t\t\t\t\t\t\t<a itemprop=\"url\" href=\"http:\/\/accompagnementfga.ca\/SCFGAFP\/\" target=\"_blank\">\n\t\t\t\t\t\t\t\t<span class=\"qodef-iwt-title-text\">Complementary educational services<\/span>\n\t\t\t\t\t\t\t\t\t<\/a>\n\t\t\t\t\t\t\t<\/h4>\n\t\t\t\t\t<\/div>\n<\/div><div class=\"qodef-iwt clearfix btexte2 qodef-iwt-icon-left qodef-iwt-icon-tiny\">\n\t<div class=\"qodef-iwt-icon\">\n\t\t\t\t\t<a itemprop=\"url\" href=\"http:\/\/www.education.gouv.qc.ca\/references\/tx-solrtyperecherchepublicationtx-solrpublicationnouveaute\/resultats-de-la-recherche\/detail\/article\/le-plan-dintervention-au-service-de-la-reussite-de-leleve-cadre-de-reference-pour-letablisse\/\" target=\"_blank\">\n\t\t\t\t\t\t\t\t\t    <span class=\"qodef-icon-shortcode qodef-normal   qodef-icon-tiny\"  data-hover-color=\"#8224e3\" data-color=\"#ffffff\">\n                    <i class=\"qodef-icon-font-awesome fa  qodef-icon-element\" style=\"color: #ffffff\" ><\/i>            <\/span>\n\t\t\t\t\t\t\t\t<\/a>\n\t\t\t<\/div>\n\t<div class=\"qodef-iwt-content\" >\n\t\t\t\t\t<h4 class=\"qodef-iwt-title\" style=\"color: #1e76fb\">\n\t\t\t\t\t\t\t\t\t<a itemprop=\"url\" href=\"http:\/\/www.education.gouv.qc.ca\/references\/tx-solrtyperecherchepublicationtx-solrpublicationnouveaute\/resultats-de-la-recherche\/detail\/article\/le-plan-dintervention-au-service-de-la-reussite-de-leleve-cadre-de-reference-pour-letablisse\/\" target=\"_blank\">\n\t\t\t\t\t\t\t\t<span class=\"qodef-iwt-title-text\">Plan d\u2019intervention<\/span>\n\t\t\t\t\t\t\t\t\t<\/a>\n\t\t\t\t\t\t\t<\/h4>\n\t\t\t\t\t<\/div>\n<\/div><div class=\"qodef-iwt clearfix btexte2 qodef-iwt-icon-left qodef-iwt-icon-tiny\">\n\t<div class=\"qodef-iwt-icon\">\n\t\t\t\t\t<a itemprop=\"url\" href=\"http:\/\/www.education.gouv.qc.ca\/fileadmin\/site_web\/documents\/dpse\/formation_professionnelle\/Lignes-directrices-besoins-particuliers_FP.pdf\" target=\"_blank\">\n\t\t\t\t\t\t\t\t\t    <span class=\"qodef-icon-shortcode qodef-normal   qodef-icon-tiny\"  data-hover-color=\"#8224e3\" data-color=\"#ffffff\">\n                    <i class=\"qodef-icon-font-awesome fa  qodef-icon-element\" style=\"color: #ffffff\" ><\/i>            <\/span>\n\t\t\t\t\t\t\t\t<\/a>\n\t\t\t<\/div>\n\t<div class=\"qodef-iwt-content\" >\n\t\t\t\t\t<h4 class=\"qodef-iwt-title\" style=\"color: #1e76fb\">\n\t\t\t\t\t\t\t\t\t<a itemprop=\"url\" href=\"http:\/\/www.education.gouv.qc.ca\/fileadmin\/site_web\/documents\/dpse\/formation_professionnelle\/Lignes-directrices-besoins-particuliers_FP.pdf\" target=\"_blank\">\n\t\t\t\t\t\t\t\t<span class=\"qodef-iwt-title-text\">Lignes directrices<\/span>\n\t\t\t\t\t\t\t\t\t<\/a>\n\t\t\t\t\t\t\t<\/h4>\n\t\t\t\t\t\t\t<p class=\"qodef-iwt-text\" style=\"color: #757575\">Pour l\u2019accompagnement des \u00e9l\u00e8ves ayant des besoins particuliers en FP<\/p>\n\t\t\t<\/div>\n<\/div><div class=\"qodef-iwt clearfix btexte2 qodef-iwt-icon-left qodef-iwt-icon-tiny\">\n\t<div class=\"qodef-iwt-icon\">\n\t\t\t\t\t<a itemprop=\"url\" href=\"http:\/\/www.education.gouv.qc.ca\/fileadmin\/site_web\/documents\/dpse\/sanction\/Guide-sanction-2015_fr.pdf#page=112\" target=\"_blank\">\n\t\t\t\t\t\t\t\t\t    <span class=\"qodef-icon-shortcode qodef-normal   qodef-icon-tiny\"  data-hover-color=\"#8224e3\" data-color=\"#ffffff\">\n                    <i class=\"qodef-icon-font-awesome fa  qodef-icon-element\" style=\"color: #ffffff\" ><\/i>            <\/span>\n\t\t\t\t\t\t\t\t<\/a>\n\t\t\t<\/div>\n\t<div class=\"qodef-iwt-content\" >\n\t\t\t\t\t<h4 class=\"qodef-iwt-title\" style=\"color: #1e76fb\">\n\t\t\t\t\t\t\t\t\t<a itemprop=\"url\" href=\"http:\/\/www.education.gouv.qc.ca\/fileadmin\/site_web\/documents\/dpse\/sanction\/Guide-sanction-2015_fr.pdf#page=112\" target=\"_blank\">\n\t\t\t\t\t\t\t\t<span class=\"qodef-iwt-title-text\">Mesures adaptatives<\/span>\n\t\t\t\t\t\t\t\t\t<\/a>\n\t\t\t\t\t\t\t<\/h4>\n\t\t\t\t\t<\/div>\n<\/div><div class=\"qodef-iwt clearfix btexte2 qodef-iwt-icon-left qodef-iwt-icon-tiny\">\n\t<div class=\"qodef-iwt-icon\">\n\t\t\t\t\t<a itemprop=\"url\" href=\"http:\/\/www.carrefourfp.ca\/en\/wp-content\/uploads\/2019\/12\/18-19-44-Mesures-adaptation-evaluation-apprentis-FP.pdf\" target=\"_blank\">\n\t\t\t\t\t\t\t\t\t    <span class=\"qodef-icon-shortcode qodef-normal   qodef-icon-tiny\"  data-hover-color=\"#8224e3\" data-color=\"#ffffff\">\n                    <i class=\"qodef-icon-font-awesome fa  qodef-icon-element\" style=\"color: #ffffff\" ><\/i>            <\/span>\n\t\t\t\t\t\t\t\t<\/a>\n\t\t\t<\/div>\n\t<div class=\"qodef-iwt-content\" >\n\t\t\t\t\t<h4 class=\"qodef-iwt-title\" style=\"color: #1e76fb\">\n\t\t\t\t\t\t\t\t\t<a itemprop=\"url\" href=\"http:\/\/www.carrefourfp.ca\/en\/wp-content\/uploads\/2019\/12\/18-19-44-Mesures-adaptation-evaluation-apprentis-FP.pdf\" target=\"_blank\">\n\t\t\t\t\t\t\t\t<span class=\"qodef-iwt-title-text\">Mesures d\u2019adaptation pour l\u2019\u00e9valuation des apprentissages en FP<\/span>\n\t\t\t\t\t\t\t\t\t<\/a>\n\t\t\t\t\t\t\t<\/h4>\n\t\t\t\t\t<\/div>\n<\/div>[vc_empty_space]<div class=\"qodef-iwt clearfix btexte qodef-iwt-icon-left qodef-iwt-icon-tiny\">\n\t<div class=\"qodef-iwt-icon\">\n\t\t\t\t\t<a itemprop=\"url\" href=\"http:\/\/www2.carrefourfga.com\/SARCA\/\" target=\"_blank\">\n\t\t\t\t\t\t\t\t\t    <span class=\"qodef-icon-shortcode qodef-normal   qodef-icon-tiny\"  data-hover-color=\"#000000\" data-color=\"#000000\">\n                    <i class=\"qodef-icon-font-awesome fa fa-handshake-o qodef-icon-element\" style=\"color: #000000\" ><\/i>            <\/span>\n\t\t\t\t\t\t\t\t<\/a>\n\t\t\t<\/div>\n\t<div class=\"qodef-iwt-content\" >\n\t\t\t\t\t<h3 class=\"qodef-iwt-title\" style=\"color: #000000\">\n\t\t\t\t\t\t\t\t\t<a itemprop=\"url\" href=\"http:\/\/www2.carrefourfga.com\/SARCA\/\" target=\"_blank\">\n\t\t\t\t\t\t\t\t<span class=\"qodef-iwt-title-text\">SARCA<\/span>\n\t\t\t\t\t\t\t\t\t<\/a>\n\t\t\t\t\t\t\t<\/h3>\n\t\t\t\t\t\t\t<p class=\"qodef-iwt-text\" style=\"color: #666666\">Services d&#039;accueil, de r\u00e9f\u00e9rence, de conseil et d&#039;accompagnement<\/p>\n\t\t\t<\/div>\n<\/div>[vc_empty_space]<div class=\"qodef-iwt clearfix btexte qodef-iwt-icon-left qodef-iwt-icon-tiny\">\n\t<div class=\"qodef-iwt-icon\">\n\t\t\t\t\t<a itemprop=\"url\" href=\"http:\/\/www.education.gouv.qc.ca\/index.php?id=40336&#038;L=5\" target=\"_blank\">\n\t\t\t\t\t\t\t\t\t    <span class=\"qodef-icon-shortcode qodef-normal   qodef-icon-tiny\"  data-hover-color=\"#000000\" data-color=\"#000000\">\n                    <i class=\"qodef-icon-font-awesome fa fa-star qodef-icon-element\" style=\"color: #000000\" ><\/i>            <\/span>\n\t\t\t\t\t\t\t\t<\/a>\n\t\t\t<\/div>\n\t<div class=\"qodef-iwt-content\" >\n\t\t\t\t\t<h3 class=\"qodef-iwt-title\" style=\"color: #000000\">\n\t\t\t\t\t\t\t\t\t<a itemprop=\"url\" href=\"http:\/\/www.education.gouv.qc.ca\/index.php?id=40336&#038;L=5\" target=\"_blank\">\n\t\t\t\t\t\t\t\t<span class=\"qodef-iwt-title-text\">Plan d\u2019engagement vers la r\u00e9ussite<\/span>\n\t\t\t\t\t\t\t\t\t<\/a>\n\t\t\t\t\t\t\t<\/h3>\n\t\t\t\t\t<\/div>\n<\/div>[vc_empty_space]<div class=\"qodef-iwt clearfix btexte qodef-iwt-icon-left qodef-iwt-icon-tiny\">\n\t<div class=\"qodef-iwt-icon\">\n\t\t\t\t\t<a itemprop=\"url\" href=\"http:\/\/www.education.gouv.qc.ca\/references\/recherches\/programmes-de-recherche\/programme-de-recherche-sur-la-perseverance-et-la-reussite-scolaires-prprs\/\" target=\"_blank\">\n\t\t\t\t\t\t\t\t\t    <span class=\"qodef-icon-shortcode qodef-normal   qodef-icon-tiny\"  data-hover-color=\"#000000\" data-color=\"#000000\">\n                    <i class=\"qodef-icon-font-awesome fa fa-book qodef-icon-element\" style=\"color: #000000\" ><\/i>            <\/span>\n\t\t\t\t\t\t\t\t<\/a>\n\t\t\t<\/div>\n\t<div class=\"qodef-iwt-content\" >\n\t\t\t\t\t<h3 class=\"qodef-iwt-title\" style=\"color: #000000\">\n\t\t\t\t\t\t\t\t\t<a itemprop=\"url\" href=\"http:\/\/www.education.gouv.qc.ca\/references\/recherches\/programmes-de-recherche\/programme-de-recherche-sur-la-perseverance-et-la-reussite-scolaires-prprs\/\" target=\"_blank\">\n\t\t\t\t\t\t\t\t<span class=\"qodef-iwt-title-text\">Programme de recherche sur la pers\u00e9v\u00e9rance et la r\u00e9ussite scolaire<\/span>\n\t\t\t\t\t\t\t\t\t<\/a>\n\t\t\t\t\t\t\t<\/h3>\n\t\t\t\t\t<\/div>\n<\/div>[vc_empty_space height=\u00a0\u00bb180px\u00a0\u00bb][\/vc_column_inner][\/vc_row_inner][\/vc_column][vc_column width=\u00a0\u00bb1\/3&Prime;][\/vc_column][vc_column width=\u00a0\u00bb1\/3&Prime;][\/vc_column][\/vc_row]<\/p>\n<\/section>","protected":false},"excerpt":{"rendered":"<p>[vc_row full_height=\u00a0\u00bbyes\u00a0\u00bb equal_height=\u00a0\u00bbyes\u00a0\u00bb css=\u00a0\u00bb.vc_custom_1574280946404{background-image: url(http:\/\/www.carrefourfp.ca\/en\/wp-content\/uploads\/2019\/11\/bigstock-Hand-Of-Businessman-In-White-S-328435381-1.jpg?id=7769) !important;background-position: center !important;background-repeat: no-repeat !important;background-size: cover !important;}\u00a0\u00bb][vc_column width=\u00a0\u00bb1\/3&Prime; css=\u00a0\u00bb.vc_custom_1582318348195{background-color: rgba(255,255,255,0.8) !important;*background-color: [&hellip;]<\/p>\n","protected":false},"author":1,"featured_media":0,"parent":0,"menu_order":0,"comment_status":"closed","ping_status":"closed","template":"full-width.php","meta":{"footnotes":"","_links_to":"","_links_to_target":""},"_links":{"self":[{"href":"https:\/\/www.carrefourfp.ca\/en\/wp-json\/wp\/v2\/pages\/7768"}],"collection":[{"href":"https:\/\/www.carrefourfp.ca\/en\/wp-json\/wp\/v2\/pages"}],"about":[{"href":"https:\/\/www.carrefourfp.ca\/en\/wp-json\/wp\/v2\/types\/page"}],"author":[{"embeddable":true,"href":"https:\/\/www.carrefourfp.ca\/en\/wp-json\/wp\/v2\/users\/1"}],"replies":[{"embeddable":true,"href":"https:\/\/www.carrefourfp.ca\/en\/wp-json\/wp\/v2\/comments?post=7768"}],"version-history":[{"count":48,"href":"https:\/\/www.carrefourfp.ca\/en\/wp-json\/wp\/v2\/pages\/7768\/revisions"}],"predecessor-version":[{"id":8088,"href":"https:\/\/www.carrefourfp.ca\/en\/wp-json\/wp\/v2\/pages\/7768\/revisions\/8088"}],"wp:attachment":[{"href":"https:\/\/www.carrefourfp.ca\/en\/wp-json\/wp\/v2\/media?parent=7768"}],"curies":[{"name":"wp","href":"https:\/\/api.w.org\/{rel}","templated":true}]}}