{"id":7570,"date":"2019-05-10T07:36:33","date_gmt":"2019-05-10T12:36:33","guid":{"rendered":"http:\/\/www.carrefourfp.ca\/en\/?page_id=7570"},"modified":"2020-03-12T12:18:50","modified_gmt":"2020-03-12T17:18:50","slug":"membres","status":"publish","type":"page","link":"https:\/\/www.carrefourfp.ca\/en\/membres\/","title":{"rendered":"Membres"},"content":{"rendered":"<section class=\"wpb-content-wrapper\"><p>[vc_row full_height=\u00a0\u00bbyes\u00a0\u00bb equal_height=\u00a0\u00bbyes\u00a0\u00bb css=\u00a0\u00bb.vc_custom_1582320414399{background-image: url(http:\/\/www.carrefourfp.ca\/en\/wp-content\/uploads\/2020\/02\/bgmembres.jpg?id=8025) !important;background-position: center !important;background-repeat: no-repeat !important;background-size: cover !important;}\u00a0\u00bb][vc_column width=\u00a0\u00bb1\/3&Prime; css=\u00a0\u00bb.vc_custom_1557414596957{background-position: center !important;background-repeat: no-repeat !important;background-size: cover !important;}\u00a0\u00bb][\/vc_column][vc_column width=\u00a0\u00bb1\/3&Prime; css=\u00a0\u00bb.vc_custom_1557492120319{padding-right: 50px !important;padding-left: 50px !important;background-color: rgba(255,255,255,0.95) !important;*background-color: rgb(255,255,255) !important;}\u00a0\u00bb][vc_column_text]<\/p>\n<h1 style=\"text-align: center;\">MEMBERS<\/h1>\n<p>[\/vc_column_text][vc_empty_space height=\u00a0\u00bb55px\u00a0\u00bb]<div class=\"qodef-iwt clearfix  qodef-iwt-icon-top qodef-iwt-icon-medium\">\n\t<div class=\"qodef-iwt-icon\">\n\t\t\t\t\t\t\t\t\t    <span class=\"qodef-icon-shortcode qodef-normal   qodef-icon-medium\"  data-color=\"#990a00\">\n                    <i class=\"qodef-icon-font-awesome fa fa-cloud-download qodef-icon-element\" style=\"color: #990a00\" ><\/i>            <\/span>\n\t\t\t\t\t\t<\/div>\n\t<div class=\"qodef-iwt-content\" >\n\t\t\t\t\t<h4 class=\"qodef-iwt-title\" >\n\t\t\t\t\t\t\t\t<span class=\"qodef-iwt-title-text\">Private section<\/span>\n\t\t\t\t\t\t\t<\/h4>\n\t\t\t\t\t\t\t<p class=\"qodef-iwt-text\" >(Pour d\u00e9p\u00f4t de documents de la part du r\u00e9seau, notamment les demandes des tables interordres pour Petits groupes et les AEP)<\/p>\n\t\t\t<\/div>\n<\/div>[vc_empty_space height=\u00a0\u00bb42px\u00a0\u00bb][vc_row_inner][vc_column_inner width=\u00a0\u00bb1\/6&Prime;][\/vc_column_inner][vc_column_inner width=\u00a0\u00bb2\/3&Prime;][vc_raw_html]JTNDY2VudGVyJTNFJTNDaW5wdXQlMjB0eXBlJTNEJTIydGV4dCUyMiUyMG5hbWUlM0QlMjIlMjIlM0UlM0MlMkZjZW50ZXIlM0U=[\/vc_raw_html][vc_btn title=\u00a0\u00bbEnter\u00a0\u00bb shape=\u00a0\u00bbsquare\u00a0\u00bb align=\u00a0\u00bbcenter\u00a0\u00bb button_block=\u00a0\u00bbtrue\u00a0\u00bb][\/vc_column_inner][vc_column_inner width=\u00a0\u00bb1\/6&Prime;][\/vc_column_inner][\/vc_row_inner][vc_empty_space height=\u00a0\u00bb50px\u00a0\u00bb][\/vc_column][vc_column width=\u00a0\u00bb1\/3&Prime;][\/vc_column][\/vc_row]<\/p>\n<\/section>","protected":false},"excerpt":{"rendered":"<p>[vc_row full_height=\u00a0\u00bbyes\u00a0\u00bb equal_height=\u00a0\u00bbyes\u00a0\u00bb css=\u00a0\u00bb.vc_custom_1582320414399{background-image: url(http:\/\/www.carrefourfp.ca\/en\/wp-content\/uploads\/2020\/02\/bgmembres.jpg?id=8025) !important;background-position: center !important;background-repeat: no-repeat !important;background-size: cover !important;}\u00a0\u00bb][vc_column width=\u00a0\u00bb1\/3&Prime; css=\u00a0\u00bb.vc_custom_1557414596957{background-position: center !important;background-repeat: [&hellip;]<\/p>\n","protected":false},"author":1,"featured_media":0,"parent":0,"menu_order":0,"comment_status":"closed","ping_status":"closed","template":"full-width.php","meta":{"footnotes":"","_links_to":"","_links_to_target":""},"_links":{"self":[{"href":"https:\/\/www.carrefourfp.ca\/en\/wp-json\/wp\/v2\/pages\/7570"}],"collection":[{"href":"https:\/\/www.carrefourfp.ca\/en\/wp-json\/wp\/v2\/pages"}],"about":[{"href":"https:\/\/www.carrefourfp.ca\/en\/wp-json\/wp\/v2\/types\/page"}],"author":[{"embeddable":true,"href":"https:\/\/www.carrefourfp.ca\/en\/wp-json\/wp\/v2\/users\/1"}],"replies":[{"embeddable":true,"href":"https:\/\/www.carrefourfp.ca\/en\/wp-json\/wp\/v2\/comments?post=7570"}],"version-history":[{"count":16,"href":"https:\/\/www.carrefourfp.ca\/en\/wp-json\/wp\/v2\/pages\/7570\/revisions"}],"predecessor-version":[{"id":8102,"href":"https:\/\/www.carrefourfp.ca\/en\/wp-json\/wp\/v2\/pages\/7570\/revisions\/8102"}],"wp:attachment":[{"href":"https:\/\/www.carrefourfp.ca\/en\/wp-json\/wp\/v2\/media?parent=7570"}],"curies":[{"name":"wp","href":"https:\/\/api.w.org\/{rel}","templated":true}]}}