{"id":7536,"date":"2019-05-09T16:49:47","date_gmt":"2019-05-09T21:49:47","guid":{"rendered":"http:\/\/www.carrefourfp.ca\/en\/?page_id=7536"},"modified":"2020-03-11T15:23:31","modified_gmt":"2020-03-11T20:23:31","slug":"calendrier-des-activites-de-consultations-et-dimplantation-2019-2020","status":"publish","type":"page","link":"https:\/\/www.carrefourfp.ca\/en\/calendrier-des-activites-de-consultations-et-dimplantation-2019-2020\/","title":{"rendered":"Calendar of consultation and establishment activities"},"content":{"rendered":"<section class=\"wpb-content-wrapper\"><p>[vc_row bk_type=\u00a0\u00bbverve_full_row\u00a0\u00bb el_class=\u00a0\u00bbpetit_texte\u00a0\u00bb custom_css=\u00a0\u00bbmargin:30px; padding-right:50px;\u00a0\u00bb css=\u00a0\u00bb.vc_custom_1556544163835{margin-top: 15px !important;}\u00a0\u00bb][vc_column width=\u00a0\u00bb1\/6&Prime;][vc_tta_accordion active_section=\u00a0\u00bb1&Prime; collapsible_all=\u00a0\u00bbtrue\u00a0\u00bb][vc_tta_section title=\u00a0\u00bbMay 2019&Prime; tab_id=\u00a0\u00bb1538505026747-92be128c-3d2c\u00a0\u00bb][vc_column_text]<\/p>\n<table>\n<tbody>\n<tr>\n<td width=\"56\"><strong>Date<\/strong><\/td>\n<td width=\"226\"><strong>Programme d\u2019\u00e9tudes<\/strong><\/td>\n<td width=\"282\"><strong>\u00c9tape<\/strong><\/td>\n<\/tr>\n<tr>\n<td width=\"56\">2<\/td>\n<td width=\"226\">\n<p><em>M\u00e9canique de v\u00e9hicules de loisir et d\u2019\u00e9quipement l\u00e9ger <\/em><\/p>\n<p>(DEP 5367)<\/td>\n<td width=\"282\">Validation \u00e9preuves minist\u00e9rielles<\/td>\n<\/tr>\n<tr>\n<td width=\"56\">15<\/td>\n<td width=\"226\"><em>Montage de c\u00e2bles et de circuits<\/em> (DEP 5269)<\/td>\n<td width=\"282\">Validation projet de formation<\/td>\n<\/tr>\n<\/tbody>\n<\/table>\n<p>[\/vc_column_text][\/vc_tta_section][\/vc_tta_accordion][vc_single_image image=\u00a0\u00bb7534&Prime; img_size=\u00a0\u00bbfull\u00a0\u00bb][vc_empty_space height=\u00a0\u00bb22px\u00a0\u00bb][\/vc_column][vc_column width=\u00a0\u00bb1\/6&Prime;][vc_tta_accordion active_section=\u00a0\u00bb1&Prime; collapsible_all=\u00a0\u00bbtrue\u00a0\u00bb][vc_tta_section title=\u00a0\u00bbJune 2019&Prime; tab_id=\u00a0\u00bb1573834678170-31cf6fed-05cd\u00a0\u00bb][vc_column_text]<\/p>\n<table>\n<tbody>\n<tr>\n<td width=\"56\"><strong>Date<\/strong><\/td>\n<td width=\"226\"><strong>Programme d\u2019\u00e9tudes<\/strong><\/td>\n<td width=\"282\"><strong>\u00c9tape<\/strong><\/td>\n<\/tr>\n<tr>\n<td rowspan=\"2\" width=\"56\">18<\/td>\n<td width=\"226\"><em>Extraction de minerai<\/em> (nouvelle version)<\/td>\n<td width=\"282\">Pr\u00e9sentation du programme d\u2019\u00e9tudes au CNPEPT<\/td>\n<\/tr>\n<tr>\n<td width=\"226\"><em>Retraitement de dispositifs m\u00e9dicaux<\/em> (nouveau programme)<\/td>\n<td width=\"282\">Pr\u00e9sentation du programme d\u2019\u00e9tudes au CNPEPT<\/td>\n<\/tr>\n<\/tbody>\n<\/table>\n<p>[\/vc_column_text][\/vc_tta_section][\/vc_tta_accordion][vc_tta_accordion active_section=\u00a0\u00bb1&Prime; collapsible_all=\u00a0\u00bbtrue\u00a0\u00bb][vc_tta_section title=\u00a0\u00bbSeptember 2019&Prime; tab_id=\u00a0\u00bb1573834830895-bd5ace7d-915c\u00a0\u00bb][\/vc_tta_section][\/vc_tta_accordion][\/vc_column][vc_column width=\u00a0\u00bb1\/6&Prime;][vc_tta_accordion active_section=\u00a0\u00bb1&Prime; collapsible_all=\u00a0\u00bbtrue\u00a0\u00bb][vc_tta_section title=\u00a0\u00bbOctober 2019&Prime; tab_id=\u00a0\u00bb1539109672422-0a94875b-633f\u00a0\u00bb][vc_column_text]<\/p>\n<table>\n<tbody>\n<tr>\n<td width=\"56\">Date<\/td>\n<td width=\"226\">Programme d\u2019\u00e9tudes<\/td>\n<td width=\"282\">\u00c9tape<\/td>\n<\/tr>\n<tr>\n<td width=\"56\">1<\/td>\n<td width=\"226\"><em>Fonderie<\/em> (DEP\u00a05203)<\/td>\n<td width=\"282\">Validation du projet de formation<\/td>\n<\/tr>\n<tr>\n<td width=\"56\">3<\/td>\n<td width=\"226\">\n<p><em>M\u00e9canique automobile <\/em><\/p>\n<p>(DEP 5298)<\/td>\n<td width=\"282\">Consultation des CS autoris\u00e9es sur les comp\u00e9tences du programme d\u2019\u00e9tudes<\/td>\n<\/tr>\n<tr>\n<td width=\"56\">17<\/td>\n<td width=\"226\"><em>Secr\u00e9tariat juridique<\/em> (ASP \u00a05226)<\/td>\n<td width=\"282\">Validation du projet de formation<\/td>\n<\/tr>\n<tr>\n<td width=\"56\">23-24<\/td>\n<td width=\"226\">\n<p><em>Soutien informatique<\/em><\/p>\n<p>(DEP\u00a05229)<\/td>\n<td width=\"282\">Analyse de profession<\/td>\n<\/tr>\n<tr>\n<td width=\"56\">25<\/td>\n<td width=\"226\">\n<p><em>Lancement d\u2019une entreprise<\/em><\/p>\n<p>(ASP\u00a05361)<\/td>\n<td width=\"282\">\n<p>Implantation du programme d\u2019\u00e9tudes<\/p>\n<p>(r\u00e9gion de Qu\u00e9bec)<\/td>\n<\/tr>\n<tr>\n<td width=\"56\">31<\/td>\n<td width=\"226\">\n<p><em>Lancement d\u2019une entreprise<\/em><\/p>\n<p>(ASP\u00a05361)<\/td>\n<td width=\"282\">\n<p>Implantation du programme d\u2019\u00e9tudes<\/p>\n<p>(r\u00e9gion de Montr\u00e9al)<\/td>\n<\/tr>\n<\/tbody>\n<\/table>\n<p>[\/vc_column_text][\/vc_tta_section][\/vc_tta_accordion][\/vc_column][vc_column width=\u00a0\u00bb1\/6&Prime;][vc_tta_accordion active_section=\u00a0\u00bb1&Prime; collapsible_all=\u00a0\u00bbtrue\u00a0\u00bb][vc_tta_section title=\u00a0\u00bbNovember 2019&Prime; tab_id=\u00a0\u00bb1538502804653-411e9328-78ab\u00a0\u00bb][vc_column_text]<\/p>\n<table>\n<tbody>\n<tr>\n<td width=\"56\"><strong>Date<\/strong><\/td>\n<td width=\"226\"><strong>Programme d\u2019\u00e9tudes<\/strong><\/td>\n<td width=\"282\"><strong>\u00c9tape<\/strong><\/td>\n<\/tr>\n<tr>\n<td width=\"56\">1<\/td>\n<td width=\"226\">Lancement d\u2019une entreprise (ASP\u00a05361)<\/td>\n<td width=\"282\">\n<p>Consultation sur le cadre d\u2019\u00e9valuation des apprentissages<\/p>\n<p>Validation de l\u2019\u00e9preuve minist\u00e9rielle<\/td>\n<\/tr>\n<tr>\n<td width=\"56\">12-13<\/td>\n<td width=\"226\">Horticulture et jardinerie (DEP 5288)<\/td>\n<td width=\"282\">Analyse de profession<\/td>\n<\/tr>\n<\/tbody>\n<\/table>\n<p>[\/vc_column_text][\/vc_tta_section][\/vc_tta_accordion][vc_tta_accordion active_section=\u00a0\u00bb1&Prime; collapsible_all=\u00a0\u00bbtrue\u00a0\u00bb][vc_tta_section title=\u00a0\u00bbDecember 2019&Prime; tab_id=\u00a0\u00bb1539109674205-6d6beb9d-42bc\u00a0\u00bb][vc_column_text]<\/p>\n<table>\n<tbody>\n<tr>\n<td width=\"56\">Date<\/td>\n<td width=\"226\">Programme d\u2019\u00e9tudes<\/td>\n<td width=\"282\">\u00c9tape<\/td>\n<\/tr>\n<tr>\n<td rowspan=\"3\" width=\"56\">3 et 4<\/td>\n<td rowspan=\"3\" width=\"226\">\n<p><em>Forage et dynamitage<\/em><\/p>\n<p>(DEP 5369)<\/td>\n<td width=\"282\">Implantation<\/td>\n<\/tr>\n<tr>\n<td width=\"282\">Consultation sur le cadre d\u2019\u00e9valuation des apprentissages<\/td>\n<\/tr>\n<tr>\n<td width=\"282\">Validation de l\u2019\u00e9preuve minist\u00e9rielle<\/td>\n<\/tr>\n<tr>\n<td width=\"56\">4 et 5<\/td>\n<td width=\"226\">\n<p><em>M\u00e9canique automobile<\/em><\/p>\n<p>(DEP 5298)<\/td>\n<td width=\"282\">Analyse de profession<\/td>\n<\/tr>\n<tr>\n<td width=\"56\">5<\/td>\n<td width=\"226\"><em>Usinage<\/em> (DEP 5371)<\/td>\n<td width=\"282\">Cadre d\u2019\u00e9valuation des apprentissages<\/td>\n<\/tr>\n<tr>\n<td width=\"56\">10<\/td>\n<td width=\"226\">\n<p><em>Soudage-montage<\/em> (DEP 5195)<\/p>\n<p><em>Soudage haute pression<\/em><\/p>\n<p>(ASP 5234)<\/td>\n<td width=\"282\">Validation des projets de formation CCQ<\/td>\n<\/tr>\n<tr>\n<td width=\"56\">12<\/td>\n<td width=\"226\"><em>Soudage-montage<\/em> (DEP 5195)<\/td>\n<td width=\"282\">Validation du projet de formation<\/td>\n<\/tr>\n<tr>\n<td width=\"56\">13<\/td>\n<td width=\"226\">\n<p><em>Soudage haute pression<\/em><\/p>\n<p>(ASP 5234)<\/td>\n<td width=\"282\">Validation du projet de formation<\/td>\n<\/tr>\n<\/tbody>\n<\/table>\n<p>[\/vc_column_text][\/vc_tta_section][\/vc_tta_accordion][\/vc_column][vc_column width=\u00a0\u00bb1\/6&Prime;][vc_tta_accordion active_section=\u00a0\u00bb1&Prime; collapsible_all=\u00a0\u00bbtrue\u00a0\u00bb][vc_tta_section title=\u00a0\u00bbJanuary 2020&Prime; tab_id=\u00a0\u00bb1538506032747-9f52a695-6beb\u00a0\u00bb][vc_column_text]<\/p>\n<table>\n<tbody>\n<tr>\n<td width=\"56\">Date<\/td>\n<td width=\"226\">Programme d\u2019\u00e9tudes<\/td>\n<td width=\"282\">\u00c9tape<\/td>\n<\/tr>\n<tr>\n<td width=\"56\">21<\/td>\n<td width=\"226\">\n<p><em>Pose d\u2019armature du b\u00e9ton<\/em><\/p>\n<p>(DEP\u00a05076)<\/td>\n<td width=\"282\">Validation du projet de formation CCQ<\/td>\n<\/tr>\n<tr>\n<td width=\"56\">22 et 23<\/td>\n<td width=\"226\"><em>Assistance technique en pharmacie<\/em> (DEP 5341)<\/td>\n<td width=\"282\">Analyse de profession (volet 1)<\/td>\n<\/tr>\n<\/tbody>\n<\/table>\n<p>[\/vc_column_text][\/vc_tta_section][\/vc_tta_accordion][vc_tta_accordion active_section=\u00a0\u00bb1&Prime; collapsible_all=\u00a0\u00bbtrue\u00a0\u00bb][vc_tta_section title=\u00a0\u00bbFebruary 2020&Prime; tab_id=\u00a0\u00bb1539109676551-4fa0477d-3a1f\u00a0\u00bb][vc_column_text]<\/p>\n<table>\n<tbody>\n<tr>\n<td width=\"56\">Date<\/td>\n<td width=\"226\">Programme d\u2019\u00e9tudes<\/td>\n<td width=\"282\">\u00c9tape<\/td>\n<\/tr>\n<tr>\n<td width=\"56\">1819<\/td>\n<td width=\"226\"><em>Assistance technique en pharmacie<\/em> (DEP 5341)<\/td>\n<td width=\"282\">Analyse de profession (volet 2)<\/td>\n<\/tr>\n<tr>\n<td width=\"56\">24-25<\/td>\n<td width=\"226\"><em>Finition de meubles<\/em> (DEP 5142)<\/td>\n<td width=\"282\">Analyse de profession<\/td>\n<\/tr>\n<tr>\n<td width=\"56\">26<\/td>\n<td width=\"226\">\n<p><em>Sp\u00e9cialit\u00e9s en horticulture<\/em><\/p>\n<p>(ASP 5043)<\/td>\n<td width=\"282\">Validation du projet de formation<\/td>\n<\/tr>\n<tr>\n<td width=\"56\"><\/td>\n<td width=\"226\"><em>Installation et r\u00e9paration d\u2019\u00e9quipement de t\u00e9l\u00e9communication<\/em> (DEP\u00a05266)<\/td>\n<td width=\"282\">Validation du projet de formation<\/td>\n<\/tr>\n<\/tbody>\n<\/table>\n<p>[\/vc_column_text][\/vc_tta_section][\/vc_tta_accordion][vc_tta_accordion active_section=\u00a0\u00bb1&Prime; collapsible_all=\u00a0\u00bbtrue\u00a0\u00bb][vc_tta_section title=\u00a0\u00bbMarch 2020&Prime; tab_id=\u00a0\u00bb1538506220516-8744b941-77bc\u00a0\u00bb][vc_column_text]<\/p>\n<table>\n<tbody>\n<tr>\n<td width=\"56\">Date<\/td>\n<td width=\"226\">Programme d\u2019\u00e9tudes<\/td>\n<td width=\"282\">\u00c9tape<\/td>\n<\/tr>\n<tr>\n<td width=\"56\">18<\/td>\n<td width=\"226\"><em>Op\u00e9ration d\u2019\u00e9quipements de production<\/em> (DEP 5362)<\/td>\n<td width=\"282\">Implantation<\/td>\n<\/tr>\n<tr>\n<td width=\"56\">23<\/td>\n<td width=\"226\">\n<p><em>Conduite de grues<\/em><\/p>\n<p>(DEP 5379)<\/td>\n<td width=\"282\">Validation du projet de formation<\/td>\n<\/tr>\n<tr>\n<td width=\"56\">25 et 26<\/td>\n<td width=\"226\"><em>Usinage<\/em> (DEP 5371)<\/td>\n<td width=\"282\">Implantation<\/td>\n<\/tr>\n<tr>\n<td rowspan=\"2\" width=\"56\">31<\/td>\n<td width=\"226\"><em>Montage de c\u00e2bles et de circuits<\/em> (nouvelle version)<\/td>\n<td width=\"282\">D\u00e9p\u00f4t du projet de programme d\u2019\u00e9tudes au CNPEPT<\/td>\n<\/tr>\n<tr>\n<td width=\"226\"><em>Abattage et fa\u00e7onnage des bois<\/em> (DEP 5189)<\/td>\n<td width=\"282\">Pr\u00e9sentation de l\u2019\u00e9tat de situation au CNPEPT<\/td>\n<\/tr>\n<\/tbody>\n<\/table>\n<p>[\/vc_column_text][\/vc_tta_section][\/vc_tta_accordion][\/vc_column][vc_column width=\u00a0\u00bb1\/6&Prime;][vc_tta_accordion active_section=\u00a0\u00bb1&Prime; collapsible_all=\u00a0\u00bbtrue\u00a0\u00bb][vc_tta_section title=\u00a0\u00bbApril 2020&Prime; tab_id=\u00a0\u00bb1538506258367-0855ea3b-42f4&Prime;][vc_column_text]<\/p>\n<table>\n<tbody>\n<tr>\n<td width=\"56\">Date<\/td>\n<td width=\"226\">Programme d\u2019\u00e9tudes<\/td>\n<td width=\"282\">\u00c9tape<\/td>\n<\/tr>\n<tr>\n<td width=\"56\">1<sup>er<\/sup><\/td>\n<td width=\"226\"><em>Carrosserie<\/em> (DEP 5372)<\/td>\n<td width=\"282\">Implantation<\/td>\n<\/tr>\n<tr>\n<td width=\"56\">15<\/td>\n<td width=\"226\"><em>M\u00e9canique de v\u00e9hicules de loisir et d\u2019\u00e9quipement l\u00e9ger<\/em> (DEP 5367)<\/td>\n<td width=\"282\">Implantation<\/td>\n<\/tr>\n<tr>\n<td width=\"56\">21 et 22<\/td>\n<td width=\"226\"><em>Abattage et fa\u00e7onnage des bois <\/em>(DEP 5189)<\/td>\n<td width=\"282\">Analyse de profession<\/td>\n<\/tr>\n<tr>\n<td width=\"56\">28<\/td>\n<td width=\"226\">\n<p><em>Extraction de minerai<\/em><\/p>\n<p>(DEP 5368)<\/td>\n<td width=\"282\">Implantation<\/td>\n<\/tr>\n<tr>\n<td width=\"56\">28<\/td>\n<td width=\"226\">\n<p><em>Extraction de minerai<\/em><\/p>\n<p>(DEP 5368)<\/td>\n<td width=\"282\">Validation de l\u2019\u00e9preuve minist\u00e9rielle<\/td>\n<\/tr>\n<tr>\n<td width=\"56\"><\/td>\n<td width=\"226\"><em>Boulangerie <\/em>(DEP\u00a05370)<\/td>\n<td width=\"282\">Validation de l\u2019\u00e9preuve minist\u00e9rielle<\/td>\n<\/tr>\n<tr>\n<td width=\"56\"><\/td>\n<td width=\"226\"><em>Fabrication de pi\u00e8ces industrielles et a\u00e9rospatiales en composites<\/em> (DEP 5363)<\/td>\n<td width=\"282\">Validation \u00e9preuve minist\u00e9rielle<\/td>\n<\/tr>\n<tr>\n<td width=\"56\"><\/td>\n<td width=\"226\"><em>Usinage<\/em> (DEP 5371)<\/td>\n<td width=\"282\">Validation \u00e9preuve minist\u00e9rielle<\/td>\n<\/tr>\n<tr>\n<td width=\"56\"><\/td>\n<td width=\"226\">\n<p><em>Soutien informatique<\/em><\/p>\n<p>(nouvelle version)<\/td>\n<td width=\"282\">Validation du projet de formation<\/td>\n<\/tr>\n<\/tbody>\n<\/table>\n<p>[\/vc_column_text][\/vc_tta_section][\/vc_tta_accordion][vc_tta_accordion active_section=\u00a0\u00bb1&Prime; collapsible_all=\u00a0\u00bbtrue\u00a0\u00bb][vc_tta_section title=\u00a0\u00bbMay 2020&Prime; tab_id=\u00a0\u00bb1538506312493-5a64195c-4ee4&Prime;][vc_column_text]<\/p>\n<table>\n<tbody>\n<tr>\n<td width=\"56\">Date<\/td>\n<td width=\"226\">Programme d\u2019\u00e9tudes<\/td>\n<td width=\"282\">\u00c9tape<\/td>\n<\/tr>\n<tr>\n<td rowspan=\"2\" width=\"56\">1<sup>er<\/sup><\/td>\n<td rowspan=\"2\" width=\"226\">\n<p><em>Secr\u00e9tariat m\u00e9dical <\/em><\/p>\n<p>(nouvelle version)<\/td>\n<td width=\"282\">Consultation du cadre d\u2019\u00e9valuation<\/td>\n<\/tr>\n<tr>\n<td width=\"282\">Validation d\u2019\u00e9preuve minist\u00e9rielle<\/td>\n<\/tr>\n<tr>\n<td width=\"56\"><\/td>\n<td width=\"226\">\n<p><em>Coiffure<\/em><\/p>\n<p>(DEP 5245)<\/td>\n<td width=\"282\">Analyse de profession<\/td>\n<\/tr>\n<tr>\n<td width=\"56\"><\/td>\n<td width=\"226\">\n<p><em>Montage de structures en a\u00e9rospatiale<\/em><\/p>\n<p>(DEP\u00a05197)<\/td>\n<td width=\"282\">Analyse de profession<\/td>\n<\/tr>\n<\/tbody>\n<\/table>\n<p>[\/vc_column_text][\/vc_tta_section][\/vc_tta_accordion][vc_tta_accordion active_section=\u00a0\u00bb1&Prime; collapsible_all=\u00a0\u00bbtrue\u00a0\u00bb][vc_tta_section title=\u00a0\u00bbJune 2020&Prime; tab_id=\u00a0\u00bb1539110169060-65d450fd-43f2&Prime;][vc_column_text][\/vc_column_text][\/vc_tta_section][\/vc_tta_accordion][vc_single_image image=\u00a0\u00bb7509&Prime; img_size=\u00a0\u00bbfull\u00a0\u00bb][\/vc_column][\/vc_row][vc_row][vc_column][vc_column_text]<\/p>\n<p>[\/vc_column_text][\/vc_column][\/vc_row][vc_row][vc_column][vc_column_text]<br \/>\n[\/vc_column_text][\/vc_column][\/vc_row][vc_row][vc_column][vc_column_text][\/vc_column_text][\/vc_column][\/vc_row][vc_row][vc_column width=\u00a0\u00bb1\/3&Prime;][\/vc_column][vc_column width=\u00a0\u00bb1\/3&Prime;][\/vc_column][vc_column width=\u00a0\u00bb1\/3&Prime;][\/vc_column][\/vc_row][vc_row][vc_column][vc_column_text]<\/p>\n<p>[\/vc_column_text][\/vc_column][\/vc_row]<\/p>\n<\/section>","protected":false},"excerpt":{"rendered":"<p>[vc_row bk_type=\u00a0\u00bbverve_full_row\u00a0\u00bb el_class=\u00a0\u00bbpetit_texte\u00a0\u00bb custom_css=\u00a0\u00bbmargin:30px; padding-right:50px;\u00a0\u00bb css=\u00a0\u00bb.vc_custom_1556544163835{margin-top: 15px !important;}\u00a0\u00bb][vc_column width=\u00a0\u00bb1\/6&Prime;][vc_tta_accordion active_section=\u00a0\u00bb1&Prime; collapsible_all=\u00a0\u00bbtrue\u00a0\u00bb][vc_tta_section title=\u00a0\u00bbMay 2019&Prime; tab_id=\u00a0\u00bb1538505026747-92be128c-3d2c\u00a0\u00bb][vc_column_text] Date Programme [&hellip;]<\/p>\n","protected":false},"author":1,"featured_media":0,"parent":0,"menu_order":0,"comment_status":"closed","ping_status":"closed","template":"full-width.php","meta":{"footnotes":"","_links_to":"","_links_to_target":""},"_links":{"self":[{"href":"https:\/\/www.carrefourfp.ca\/en\/wp-json\/wp\/v2\/pages\/7536"}],"collection":[{"href":"https:\/\/www.carrefourfp.ca\/en\/wp-json\/wp\/v2\/pages"}],"about":[{"href":"https:\/\/www.carrefourfp.ca\/en\/wp-json\/wp\/v2\/types\/page"}],"author":[{"embeddable":true,"href":"https:\/\/www.carrefourfp.ca\/en\/wp-json\/wp\/v2\/users\/1"}],"replies":[{"embeddable":true,"href":"https:\/\/www.carrefourfp.ca\/en\/wp-json\/wp\/v2\/comments?post=7536"}],"version-history":[{"count":33,"href":"https:\/\/www.carrefourfp.ca\/en\/wp-json\/wp\/v2\/pages\/7536\/revisions"}],"predecessor-version":[{"id":8094,"href":"https:\/\/www.carrefourfp.ca\/en\/wp-json\/wp\/v2\/pages\/7536\/revisions\/8094"}],"wp:attachment":[{"href":"https:\/\/www.carrefourfp.ca\/en\/wp-json\/wp\/v2\/media?parent=7536"}],"curies":[{"name":"wp","href":"https:\/\/api.w.org\/{rel}","templated":true}]}}