{"id":1896,"date":"2017-06-12T15:01:56","date_gmt":"2017-06-12T20:01:56","guid":{"rendered":"http:\/\/www.carrefourfga.ca\/?page_id=1896"},"modified":"2020-03-11T15:26:40","modified_gmt":"2020-03-11T20:26:40","slug":"calendrier-administratif","status":"publish","type":"page","link":"https:\/\/www.carrefourfp.ca\/en\/calendrier-administratif\/","title":{"rendered":"Administrative calendar and important dates"},"content":{"rendered":"<section class=\"wpb-content-wrapper\"><p>[vc_row bk_type=\u00a0\u00bbverve_full_row\u00a0\u00bb el_class=\u00a0\u00bbpetit_texte\u00a0\u00bb custom_css=\u00a0\u00bbmargin:30px; padding-right:50px;\u00a0\u00bb css=\u00a0\u00bb.vc_custom_1556544163835{margin-top: 15px !important;}\u00a0\u00bb][vc_column width=\u00a0\u00bb1\/6&Prime;][vc_tta_accordion active_section=\u00a0\u00bb1&Prime; collapsible_all=\u00a0\u00bbtrue\u00a0\u00bb][vc_tta_section title=\u00a0\u00bbJune 2019&Prime; tab_id=\u00a0\u00bb1538505026747-92be128c-3d2c\u00a0\u00bb][vc_column_text]<\/p>\n<table>\n<tbody>\n<tr>\n<td width=\"56\">1<sup>er<\/sup><\/td>\n<td width=\"508\">Date limite pour le d\u00e9p\u00f4t de demande d\u2019autorisation d\u2019offrir un programme d\u2019\u00e9tudes (cycle de juin 2019).<\/td>\n<\/tr>\n<tr>\n<td width=\"56\">6 et 7<\/td>\n<td width=\"508\"><a href=\"https:\/\/www.treaq.ca\/colloque\/colloques-precedents\/colloque-2019\/\">Colloque 2019 de la Table des responsables de l\u2019\u00e9ducation des adultes du Qu\u00e9bec (TREAQ)<\/a><\/td>\n<\/tr>\n<tr>\n<td width=\"56\">18<\/td>\n<td width=\"508\">R\u00e9union du Comit\u00e9 national des programmes d\u2019\u00e9tudes professionnelles et techniques (CNPEPT)<\/td>\n<\/tr>\n<tr>\n<td width=\"56\">19, 20 et 21<\/td>\n<td width=\"508\"><a href=\"https:\/\/www.aqisep.qc.ca\/aqisep-congres.html\">51e Congr\u00e8s de l\u2019Association qu\u00e9b\u00e9coise d\u2019information scolaire et professionnelle (AQISEP<\/a>)<\/td>\n<\/tr>\n<\/tbody>\n<\/table>\n<p>[\/vc_column_text][\/vc_tta_section][\/vc_tta_accordion][\/vc_column][vc_column width=\u00a0\u00bb1\/6&Prime;][vc_tta_accordion active_section=\u00a0\u00bb1&Prime; collapsible_all=\u00a0\u00bbtrue\u00a0\u00bb][vc_tta_section title=\u00a0\u00bbJuly 2019&Prime; tab_id=\u00a0\u00bb1573833149165-f91ed067-733f\u00a0\u00bb][vc_column_text]<\/p>\n<table>\n<tbody>\n<tr>\n<td width=\"56\">2<\/td>\n<td width=\"508\">Confirmation par le minist\u00e8re de l\u2019\u00c9ducation et de l\u2019Enseignement sup\u00e9rieur (MEES) aux Tables des directeurs g\u00e9n\u00e9raux (TDG), sous r\u00e9serve d\u2019approbation des R\u00e8gles budg\u00e9taires par le Conseil du tr\u00e9sor, les allocations r\u00e9gionales des enveloppes d\u00e9di\u00e9es aux AEP.<\/td>\n<\/tr>\n<\/tbody>\n<\/table>\n<p>[\/vc_column_text][\/vc_tta_section][\/vc_tta_accordion][vc_single_image image=\u00a0\u00bb7534&Prime; img_size=\u00a0\u00bbfull\u00a0\u00bb][vc_empty_space height=\u00a0\u00bb22px\u00a0\u00bb][\/vc_column][vc_column width=\u00a0\u00bb1\/6&Prime;][vc_tta_accordion active_section=\u00a0\u00bb1&Prime; collapsible_all=\u00a0\u00bbtrue\u00a0\u00bb][vc_tta_section title=\u00a0\u00bbSeptember 2019&Prime; tab_id=\u00a0\u00bb1573833215583-4929d37e-efcd\u00a0\u00bb][vc_column_text]<\/p>\n<table>\n<tbody>\n<tr>\n<td width=\"56\">6<\/td>\n<td width=\"508\">Date limite pour les TDG pour informer le MEES de la planification de l\u2019utilisation des sommes octroy\u00e9es pour les AEP et des besoins suppl\u00e9mentaires exc\u00e9dant le montant de l\u2019allocation r\u00e9gionale ou du retour de sommes, le cas \u00e9ch\u00e9ant.<\/td>\n<\/tr>\n<\/tbody>\n<\/table>\n<p>[\/vc_column_text][\/vc_tta_section][\/vc_tta_accordion][vc_tta_accordion active_section=\u00a0\u00bb1&Prime; collapsible_all=\u00a0\u00bbtrue\u00a0\u00bb][vc_tta_section title=\u00a0\u00bbOctober 2019&Prime; tab_id=\u00a0\u00bb1539109672422-0a94875b-633f\u00a0\u00bb][vc_column_text]<\/p>\n<table>\n<tbody>\n<tr>\n<td width=\"56\">25<\/td>\n<td width=\"508\">Confirmation par le MEES aux TDG des allocations r\u00e9gionales r\u00e9vis\u00e9es en fonction des besoins suppl\u00e9mentaires signifi\u00e9s ou des sommes qui ne sont plus requises.<\/td>\n<\/tr>\n<tr>\n<td width=\"56\">30<\/td>\n<td width=\"508\">Date limite de d\u00e9p\u00f4t pour un projet Techno-FAD (mesure 15192)<\/td>\n<\/tr>\n<\/tbody>\n<\/table>\n<p>[\/vc_column_text][\/vc_tta_section][\/vc_tta_accordion][\/vc_column][vc_column width=\u00a0\u00bb1\/6&Prime;][vc_tta_accordion active_section=\u00a0\u00bb1&Prime; collapsible_all=\u00a0\u00bbtrue\u00a0\u00bb][vc_tta_section title=\u00a0\u00bbNovember 2019&Prime; tab_id=\u00a0\u00bb1538502804653-411e9328-78ab\u00a0\u00bb][vc_column_text]<\/p>\n<table>\n<tbody>\n<tr>\n<td width=\"56\">30<\/td>\n<td width=\"508\">Date limite de d\u00e9p\u00f4t pour un projet pilote de concomitance de la 3<sup>e<\/sup> secondaire d\u00e9butant \u00e0 l\u2019hiver 2020.<\/td>\n<\/tr>\n<\/tbody>\n<\/table>\n<p>[\/vc_column_text][\/vc_tta_section][\/vc_tta_accordion][vc_tta_accordion active_section=\u00a0\u00bb1&Prime; collapsible_all=\u00a0\u00bbtrue\u00a0\u00bb][vc_tta_section title=\u00a0\u00bbDecember 2019&Prime; tab_id=\u00a0\u00bb1539109674205-6d6beb9d-42bc\u00a0\u00bb][vc_column_text]<\/p>\n<table>\n<tbody>\n<tr>\n<td width=\"56\">1<sup>er<\/sup><\/td>\n<td width=\"508\">Date limite pour le d\u00e9p\u00f4t de demande d\u2019autorisation d\u2019offrir un programme d\u2019\u00e9tudes (cycle de d\u00e9cembre 2019).<\/td>\n<\/tr>\n<tr>\n<td width=\"56\">6<\/td>\n<td width=\"508\">Date limite pour les TDG pour transmettre au MEES de l\u2019\u00e9tat des engagements pour chacune des enveloppes.<\/td>\n<\/tr>\n<\/tbody>\n<\/table>\n<p>[\/vc_column_text][\/vc_tta_section][\/vc_tta_accordion][vc_tta_accordion active_section=\u00a0\u00bb1&Prime; collapsible_all=\u00a0\u00bbtrue\u00a0\u00bb][vc_tta_section title=\u00a0\u00bbJanuary 2020&Prime; tab_id=\u00a0\u00bb1538506032747-9f52a695-6beb\u00a0\u00bb][vc_column_text][\/vc_column_text][\/vc_tta_section][\/vc_tta_accordion][vc_tta_accordion active_section=\u00a0\u00bb1&Prime; collapsible_all=\u00a0\u00bbtrue\u00a0\u00bb][vc_tta_section title=\u00a0\u00bbFebruary 2020&Prime; tab_id=\u00a0\u00bb1539109676551-4fa0477d-3a1f\u00a0\u00bb][\/vc_tta_section][\/vc_tta_accordion][\/vc_column][vc_column width=\u00a0\u00bb1\/6&Prime;][vc_tta_accordion active_section=\u00a0\u00bb1&Prime; collapsible_all=\u00a0\u00bbtrue\u00a0\u00bb][vc_tta_section title=\u00a0\u00bbMarch 2020&Prime; tab_id=\u00a0\u00bb1538506220516-8744b941-77bc\u00a0\u00bb][vc_column_text]<\/p>\n<table>\n<tbody>\n<tr>\n<td width=\"56\">11, 12 et 13<\/td>\n<td width=\"508\"><a href=\"https:\/\/congres.aqcs.ca\/\">Congr\u00e8s 2020 de l\u2019Association qu\u00e9b\u00e9coise des cadres scolaires<\/a> (AQCS)<\/td>\n<\/tr>\n<tr>\n<td width=\"56\"><\/td>\n<td width=\"508\">Confirmation par le minist\u00e8re de l\u2019\u00c9ducation et de l\u2019Enseignement sup\u00e9rieur (MEES) aux Tables des directeurs g\u00e9n\u00e9raux (TDG), sous r\u00e9serve d\u2019approbation des R\u00e8gles budg\u00e9taires par le Conseil du tr\u00e9sor, les allocations r\u00e9gionales des enveloppes d\u00e9di\u00e9es aux AEP, Comp\u00e9tences \u00e0 la carte et Soutien aux petites cohortes.<\/td>\n<\/tr>\n<\/tbody>\n<\/table>\n<p>[\/vc_column_text][\/vc_tta_section][\/vc_tta_accordion][vc_tta_accordion active_section=\u00a0\u00bb1&Prime; collapsible_all=\u00a0\u00bbtrue\u00a0\u00bb][vc_tta_section title=\u00a0\u00bbApril 2020&Prime; tab_id=\u00a0\u00bb1538506258367-0855ea3b-42f4&Prime;][vc_column_text]<\/p>\n<table>\n<tbody>\n<tr>\n<td width=\"56\">1er<\/td>\n<td width=\"508\">Date limite de d\u00e9p\u00f4t pour un projet pilote de concomitance de la 3<sup>e<\/sup> secondaire d\u00e9butant \u00e0 l\u2019automne 2020.<\/td>\n<\/tr>\n<tr>\n<td width=\"56\">23 et 24<\/td>\n<td width=\"508\"><a href=\"http:\/\/www.aqaet.qc.ca\/colloque-2020.html\">Colloque 2020 de l\u2019Association qu\u00e9b\u00e9coise alternance \u00e9tudes-travail (AQAET)<\/a><\/td>\n<\/tr>\n<\/tbody>\n<\/table>\n<p>[\/vc_column_text][\/vc_tta_section][\/vc_tta_accordion][\/vc_column][vc_column width=\u00a0\u00bb1\/6&Prime;][vc_tta_accordion active_section=\u00a0\u00bb1&Prime; collapsible_all=\u00a0\u00bbtrue\u00a0\u00bb][vc_tta_section title=\u00a0\u00bbMay 2020&Prime; tab_id=\u00a0\u00bb1538506312493-5a64195c-4ee4&Prime;][vc_column_text]<\/p>\n<table>\n<tbody>\n<tr>\n<td width=\"56\">28 et 29 mai<\/td>\n<td width=\"508\"><a href=\"https:\/\/www.treaq.ca\/colloque\/colloque-2020\/\">Colloque 2020 de la Table des responsables de l\u2019\u00e9ducation des adultes du Qu\u00e9bec (TR\u00c9AQ)<\/a><\/td>\n<\/tr>\n<\/tbody>\n<\/table>\n<p>[\/vc_column_text][\/vc_tta_section][\/vc_tta_accordion][vc_tta_accordion active_section=\u00a0\u00bb1&Prime; collapsible_all=\u00a0\u00bbtrue\u00a0\u00bb][vc_tta_section title=\u00a0\u00bbJune 2020&Prime; tab_id=\u00a0\u00bb1539110169060-65d450fd-43f2&Prime;][vc_column_text]<\/p>\n<table>\n<tbody>\n<tr>\n<td width=\"56\">1<sup>er<\/sup><\/td>\n<td width=\"508\">Date limite pour le d\u00e9p\u00f4t de demande d\u2019autorisation d\u2019offrir un programme d\u2019\u00e9tudes (cycle de juin 2020).<\/td>\n<\/tr>\n<tr>\n<td width=\"56\"><\/td>\n<td width=\"508\">Transmission au Minist\u00e8re, par les Tables des directeurs g\u00e9n\u00e9raux, de l\u2019utilisation envisag\u00e9e des sommes allou\u00e9es aux AEP, Comp\u00e9tences \u00e0 la carte et Soutien aux petites cohortes; transmission au Minist\u00e8re des besoins additionnels de formation ou des sommes exc\u00e9dentaires.<\/td>\n<\/tr>\n<\/tbody>\n<\/table>\n<p>[\/vc_column_text][\/vc_tta_section][\/vc_tta_accordion][vc_single_image image=\u00a0\u00bb7509&Prime; img_size=\u00a0\u00bbfull\u00a0\u00bb][\/vc_column][\/vc_row][vc_row][vc_column][vc_column_text]<\/p>\n<p>[\/vc_column_text][\/vc_column][\/vc_row][vc_row][vc_column][vc_column_text]<br \/>\n[\/vc_column_text][\/vc_column][\/vc_row][vc_row][vc_column][vc_column_text][\/vc_column_text][\/vc_column][\/vc_row][vc_row][vc_column width=\u00a0\u00bb1\/3&Prime;][\/vc_column][vc_column width=\u00a0\u00bb1\/3&Prime;][\/vc_column][vc_column width=\u00a0\u00bb1\/3&Prime;][\/vc_column][\/vc_row][vc_row][vc_column][vc_column_text]<\/p>\n<p>[\/vc_column_text][\/vc_column][\/vc_row]<\/p>\n<\/section>","protected":false},"excerpt":{"rendered":"<p>[vc_row bk_type=\u00a0\u00bbverve_full_row\u00a0\u00bb el_class=\u00a0\u00bbpetit_texte\u00a0\u00bb custom_css=\u00a0\u00bbmargin:30px; padding-right:50px;\u00a0\u00bb css=\u00a0\u00bb.vc_custom_1556544163835{margin-top: 15px !important;}\u00a0\u00bb][vc_column width=\u00a0\u00bb1\/6&Prime;][vc_tta_accordion active_section=\u00a0\u00bb1&Prime; collapsible_all=\u00a0\u00bbtrue\u00a0\u00bb][vc_tta_section title=\u00a0\u00bbJune 2019&Prime; tab_id=\u00a0\u00bb1538505026747-92be128c-3d2c\u00a0\u00bb][vc_column_text] 1er Date [&hellip;]<\/p>\n","protected":false},"author":1,"featured_media":0,"parent":0,"menu_order":0,"comment_status":"closed","ping_status":"closed","template":"full-width.php","meta":{"footnotes":"","_links_to":"","_links_to_target":""},"_links":{"self":[{"href":"https:\/\/www.carrefourfp.ca\/en\/wp-json\/wp\/v2\/pages\/1896"}],"collection":[{"href":"https:\/\/www.carrefourfp.ca\/en\/wp-json\/wp\/v2\/pages"}],"about":[{"href":"https:\/\/www.carrefourfp.ca\/en\/wp-json\/wp\/v2\/types\/page"}],"author":[{"embeddable":true,"href":"https:\/\/www.carrefourfp.ca\/en\/wp-json\/wp\/v2\/users\/1"}],"replies":[{"embeddable":true,"href":"https:\/\/www.carrefourfp.ca\/en\/wp-json\/wp\/v2\/comments?post=1896"}],"version-history":[{"count":26,"href":"https:\/\/www.carrefourfp.ca\/en\/wp-json\/wp\/v2\/pages\/1896\/revisions"}],"predecessor-version":[{"id":8095,"href":"https:\/\/www.carrefourfp.ca\/en\/wp-json\/wp\/v2\/pages\/1896\/revisions\/8095"}],"wp:attachment":[{"href":"https:\/\/www.carrefourfp.ca\/en\/wp-json\/wp\/v2\/media?parent=1896"}],"curies":[{"name":"wp","href":"https:\/\/api.w.org\/{rel}","templated":true}]}}